{"id":23468,"date":"2021-07-22T13:46:37","date_gmt":"2021-07-22T11:46:37","guid":{"rendered":"https:\/\/www.mik-ce.si\/condizioni-generali\/"},"modified":"2021-07-22T14:03:07","modified_gmt":"2021-07-22T12:03:07","slug":"condizioni-generali","status":"publish","type":"page","link":"https:\/\/www.mik-ce.si\/it\/condizioni-generali\/","title":{"rendered":"Condizioni generali"},"content":{"rendered":"\n\t<section class=\"section\" id=\"section_1158986385\">\n\t\t<div class=\"section-bg fill\" >\n\t\t\t\t\t\t\t\t\t\n\t\t\t\n\n\t\t<\/div>\n\n\t\t\n\n\t\t<div class=\"section-content relative\">\n\t\t\t\n<div class=\"row\"  id=\"row-1232738413\">\n\n\t<div id=\"col-546173674\" class=\"col small-12 large-12\"  >\n\t\t\t\t<div class=\"col-inner\"  >\n\t\t\t\n\t\t\t\n<div id=\"subtxt\">\n<h2><span style=\"font-size: 140%;\">Condizioni generali del sito web\u00a0www.mik-ce.si<\/span><\/h2>\n<h2>Condizioni generali<\/h2>\n<p class=\"bodytext\">Avviso legale del sito web\u00a0www.mik-ce.si<\/p>\n<p>Tutti i diritti di tutti i siti web www.mik-ce.si sono riservati. Tutte le informazioni e i materiali, sia scritti che illustrati, presenti sul sito web www.mik-ce.si sono soggetti a copyright o ad altre forme di protezione della propriet\u00e0 intellettuale dell&#8217;azienda MIK Mednarodno trgovsko in proizvodno podjetje, d.o.o e partner aziendali i cui contenuti sono inclusi nei siti web\u00a0<a href=\"https:\/\/www.mik-ce.si\/it\" target=\"_blank\" rel=\"noopener noreferrer\">www.mik-ce.si.<\/a><\/p>\n<p class=\"bodytext\">L&#8217;utente pu\u00f2 utilizzare i contenuti del sito web www.mik-ce.si esclusivamente per uso personale. Qualsiasi altra forma di utilizzo del contenuto del sito web www.mik-ce.si non \u00e8 consentita. Le informazioni e i materiali pubblicati sul presente sito web non possono essere copiati, riprodotti o altrimenti divulgati per scopi commerciali senza l&#8217;espresso consenso scritto di MIK Mednarodno trgovsko in proizvodno podjetje, d.o.o.<\/p>\n<p class=\"bodytext\">Il presente avviso legale pu\u00f2 essere modificato in qualsiasi momento dall\u2019azienda MIK Mednarodno trgovsko in proizvodno podjetje, d.o.o. ed \u00e8 vincolante per gli utenti in qualsiasi forma modificata.<\/p>\n<h2>Privacy e protezione dei dati personali<\/h2>\n<p class=\"bodytext\">L&#8217;azienda MIK Mednarodno trgovsko in proizvodno podjetje, d.o.o., Celjska cesta 55, 3212 Vojnik rispetta e protegge la vostra privacy. Quando navigate sul sito www.mik-ce.si siete anonimi, non raccogliamo i vostri dati personali. A fini statistici, l&#8217;azienda MIK Mednarodno trgovsko in proizvodno podjetje, d.o.o. si riserva solo il diritto di ottenere i dati dei visitatori del sito web da cui non si evincono caratteristiche individuali. In alcune sezioni del nostro sito web, ci affiderete i vostri dati personali per finalit\u00e0 di corrispondenza, registrazione al sito web, ricezione di brevi messaggi, acquisti, partecipazione a concorsi online ecc. MIK Mednarodno trgovsko in proizvodno podjetje, d.o.o. garantisce e si impegna a proteggere i dati personali con riservatezza, in conformit\u00e0 con le disposizioni di legge applicabili. Non divulgheremo le informazioni fornite a terzi o persone non autorizzate, e le utilizzeremo solo per lo scopo per cui sono state fornite. Al fine di garantire il suo buon funzionamento, il sito web utilizza i cookies. Il luogo in cui si trova il server del sito web \u00e8 protetto fisicamente in maniera adeguata.<\/p>\n<h2>Esclusione di responsabilit\u00e0<\/h2>\n<p class=\"bodytext\">Tutte le informazioni e il materiale sul sito web www.mik-ce.si sono di natura informativa. L&#8217;azienda MIK Mednarodno trgovsko in proizvodno podjetje, d.o.o. si impegna per l&#8217;accuratezza e l&#8217;aggiornamento dei dati pubblicati, tuttavia non si assume alcuna responsabilit\u00e0 legale per la loro esattezza e completezza in merito all&#8217;esattezza e alla completezza o all&#8217;uso di qualsiasi informazione, prodotto o procedimento ivi descritti.<\/p>\n<p class=\"bodytext\">L&#8217;azienda MIK Mednarodno trgovsko in proizvodno podjetje, d.o.o. non \u00e8 responsabile dei contenuti dei testi pubblicati dagli amministratori dei partner contrattuali dell&#8217;azienda.<br \/>L&#8217;azienda MIK Mednarodno trgovsko in proizvodno podjetje, d.o.o. non pu\u00f2 essere ritenuta responsabile per danni (inclusi quelli causati da virus) ad apparecchiature informatiche, telefoni cellulari o qualsiasi altra applicazione cui sia possibile accedere dal sito web www.mik-ce.si riconducibili alla visita dell&#8217;utente al sito web o a qualsiasi utilizzo degli stessi. L&#8217;azienda non \u00e8 responsabile per eventuali danni di qualsiasi tipo che possano verificarsi a causa dell&#8217;utilizzo o dell&#8217;impossibilit\u00e0 di utilizzo del sito web\u00a0<a href=\"https:\/\/www.mik-ce.si\/it\" target=\"_blank\" rel=\"noopener noreferrer\">www.mik-ce.si.<\/a><\/p>\n<p>La MIK Mednarodno trgovsko in proizvodno podjetje, d.o.o. si riserva il diritto di modificare il contenuto del sito web www.mik-ce.si in qualsiasi momento, in qualsiasi modo e per qualsiasi finalit\u00e0 senza preavviso, e non si assume alcuna responsabilit\u00e0 per eventuali conseguenze derivanti da tali modifiche.<\/p>\n<h2>Diritti d&#8217;autore<\/h2>\n<p class=\"bodytext\">Questi siti web contengono materiale protetto da\u00a0 copyright. Per questi materiali, gli autori o altri titolari del copyright mantengono i diritti di riproduzione o ridistribuzione. Tutte le persone che riproducono o ridistribuiscono tali informazioni sono tenute a rispettare i termini e le condizioni richiesti dagli autori o dai titolari del copyright. Tuttavia, tali materiali protetti possono essere citati e utilizzati in buona fede, in conformit\u00e0 con le normative sul copyright che generalmente ne consentono l&#8217;utilizzo per scopi educativi non commerciali, come apprendimento, ricerca, critica, notizie e reportage.<\/p>\n<h2>E-news<\/h2>\n<p class=\"bodytext\">Al momento dell&#8217;iscrizione alle e-news di MIK Mednarodno trgovsko in proizvodno podjetje, d.o.o., oltre al vostro numero IP viene raccolto anche l&#8217;indirizzo di posta elettronica (indirizzo e-mail) inserito nel modulo online.<br \/>MIK Mednarodno trgovsko in proizvodno podjetje, d.o.o. tratta questi dati esclusivamente allo scopo di informare su novit\u00e0, offerte, sconti, attivit\u00e0 promozionali e altri avvisi commerciali.<br \/>Le informazioni sulla vostra posta elettronica sono memorizzate fino a quando non annullate l&#8217;iscrizione al servizio di notifica via e-mail. \u00c8 possibile annullare l&#8217;iscrizione alla ricezione di e-news in qualsiasi momento, facendo clic sul collegamento riportato nell&#8217;e-mail ricevuta.<\/p>\n<p>Completando il modulo di iscrizione alla newsletter online, dovete indicare di accettare che MIK Mednarodno trgovsko in proizvodno podjetje, d.o.o utilizzi il vostro indirizzo e-mail a scopo di notifiche, come stabilito sopra, e che siete consapevoli che potete annullare l&#8217;iscrizione al sistema di messaggistica in qualsiasi momento. Per fare ci\u00f2, basta fare clic sul collegamento riportato nella e-mail ricevuta. Se non indicate di essere d&#8217;accordo con quanto sopra, MIK Mednarodno trgovsko in proizvodno podjetje, d.o.o. non invier\u00e0 notifiche al vostro indirizzo e-mail, n\u00e9 raccoglier\u00e0 o elaborer\u00e0 il vostro indirizzo e-mail. MIK Mednarodno trgovsko in proizvodno podjetje, d.o.o. invia e-mail solo a chi accetta esplicitamente di ricevere notifiche elettroniche.<br \/>L&#8217;utente \u00e8 informato che il suo indirizzo e-mail viene elaborato da MIK Mednarodno trgovsko in proizvodno podjetje, d.o.o., che lo conserva in un sistema ubicato fisicamente nella sede dell&#8217;azienda. Gli indirizzi e-mail dell&#8217;utente saranno memorizzati nel database del provider selezionato per l&#8217;invio di notifiche online e non saranno utilizzati per altro scopo n\u00e9 trasmessi a terze parti.<\/p>\n<h2>Social network<\/h2>\n<p class=\"bodytext\">I contenuti sulla pagina Facebook di MIK Celje riflettono la valutazione e l&#8217;opinione personale dell&#8217;autore e non rappresentano la posizione dell&#8217;azienda MIK Mednarodno trgovsko in proizvodno podjetje, d.o.o. Ci riserviamo il diritto, a nostra esclusiva discrezione e senza spiegazioni, di rimuovere o alterare qualsiasi contenuto pubblicato sulla pagina Facebook del marchio MIK Celje che in qualsiasi modo violi i diritti di altri o sia illegale, offensivo, infamante, volgare o in qualsiasi modo controverso.<br \/>L&#8217;azienda MIK Mednarodno trgovsko in proizvodno podjetje, d.o.o. non \u00e8 responsabile per opinioni personali, valutazioni o contenuti inappropriati presenti sui social network Facebook, Instagram, Twitter, YouTube.<\/p>\n<\/div>\n\t\t<\/div>\n\t\t\t\t\t<\/div>\n\n\t\n<\/div>\n\t\t<\/div>\n\n\t\t\n<style>\n#section_1158986385 {\n  padding-top: 30px;\n  padding-bottom: 30px;\n}\n<\/style>\n\t<\/section>\n\t\n","protected":false},"excerpt":{"rendered":"","protected":false},"author":4,"featured_media":0,"parent":0,"menu_order":36,"comment_status":"closed","ping_status":"closed","template":"page-blank.php","meta":{"_acf_changed":false,"footnotes":""},"class_list":["post-23468","page","type-page","status-publish","hentry"],"acf":[],"_links":{"self":[{"href":"https:\/\/www.mik-ce.si\/it\/wp-json\/wp\/v2\/pages\/23468","targetHints":{"allow":["GET"]}}],"collection":[{"href":"https:\/\/www.mik-ce.si\/it\/wp-json\/wp\/v2\/pages"}],"about":[{"href":"https:\/\/www.mik-ce.si\/it\/wp-json\/wp\/v2\/types\/page"}],"author":[{"embeddable":true,"href":"https:\/\/www.mik-ce.si\/it\/wp-json\/wp\/v2\/users\/4"}],"replies":[{"embeddable":true,"href":"https:\/\/www.mik-ce.si\/it\/wp-json\/wp\/v2\/comments?post=23468"}],"version-history":[{"count":0,"href":"https:\/\/www.mik-ce.si\/it\/wp-json\/wp\/v2\/pages\/23468\/revisions"}],"wp:attachment":[{"href":"https:\/\/www.mik-ce.si\/it\/wp-json\/wp\/v2\/media?parent=23468"}],"curies":[{"name":"wp","href":"https:\/\/api.w.org\/{rel}","templated":true}]}}