{"id":22539,"date":"2021-05-21T12:12:47","date_gmt":"2021-05-21T10:12:47","guid":{"rendered":"https:\/\/www.mik-ce.si\/domande-frequenti\/"},"modified":"2021-08-27T14:35:29","modified_gmt":"2021-08-27T12:35:29","slug":"domande-frequenti","status":"publish","type":"page","link":"https:\/\/www.mik-ce.si\/it\/domande-frequenti\/","title":{"rendered":"Domande frequenti"},"content":{"rendered":"\n\n\t<section class=\"section\" id=\"section_1425143382\">\n\t\t<div class=\"section-bg fill\" >\n\t\t\t\t\t\t\t\t\t\n\t\t\t\n\n\t\t<\/div>\n\n\t\t\n\n\t\t<div class=\"section-content relative\">\n\t\t\t\n<div class=\"row\"  id=\"row-420461113\">\n\n\t<div id=\"col-71389990\" class=\"col small-12 large-12\"  >\n\t\t\t\t<div class=\"col-inner\"  >\n\t\t\t\n\t\t\t\n<h1 class=\"liteHeadline\"><span style=\"font-size: 200%;\">Domande e risposte frequenti<\/span><\/h1>\n\t\t<\/div>\n\t\t\t\t\t<\/div>\n\n\t\n\n\t<div id=\"col-532846387\" class=\"col small-12 large-12\"  >\n\t\t\t\t<div class=\"col-inner\"  >\n\t\t\t\n\t\t\t\n<p>Per rendervi pi\u00f9 facile il primo passo verso una corretta decisione di acquisto, vi invitiamo a seguirci attraverso le informazioni di base e le risposte alle vostre prime domande. Tutto il resto sar\u00e0 pi\u00f9 semplice, poich\u00e9 potrete formulare i vostri desideri durante l&#8217;incontro personale con i nostri consulenti commerciali. Potete anche scriverci a <a href=\"mailto:faq@mik-ce.si\">faq(at)mik-ce.si<\/a>.<\/p>\n\t\t<\/div>\n\t\t\t\t\t<\/div>\n\n\t\n\n\t<div id=\"col-28211283\" class=\"col medium-10 small-12 large-10\"  >\n\t\t\t\t<div class=\"col-inner\"  >\n\t\t\t\n\t\t\t\n<div class=\"accordion\">\n\t<div id=\"accordion-3375889446\" class=\"accordion-item\">\n\t\t<a id=\"accordion-3375889446-label\" class=\"accordion-title plain\" href=\"#accordion-item-qual-\u00e8-la-procedura-per-ottenere-un&#039;offerta?-come-posso-iniziare?\" aria-expanded=\"false\" aria-controls=\"accordion-3375889446-content\">\n\t\t\t<button class=\"toggle\" aria-label=\"Attiva\/Disattiva\"><i class=\"icon-angle-down\" aria-hidden=\"true\"><\/i><\/button>\n\t\t\t<span>Qual \u00e8 la procedura per ottenere un'offerta? Come posso iniziare?<\/span>\n\t\t<\/a>\n\t\t<div id=\"accordion-3375889446-content\" class=\"accordion-inner\" aria-labelledby=\"accordion-3375889446-label\">\n\t\t\t\n<p>Dopo una conversazione telefonica o tramite una richiesta elettronica, avete stabilito il primo contatto con la nostra azienda.<\/p>\n<p>Per ricevere un&#8217;offerta, dovrete fornirci le misure approssimative delle aperture nel vostro edificio (misurate l&#8217;apertura da parete a parete).<\/p>\n<p>\u00c8 possibile inviare le misurazioni per telefono, e-mail, tramite il modulo su internet (<a href=\"https:\/\/www.mik-ce.si\/oddajte-povprasevanje\/\" target=\"_blank\" rel=\"noopener noreferrer\">richiesta di preventivo<\/a>) o visitare un salone MIK.<\/p>\n<p>Riceverete la prima offerta informativa, che sar\u00e0 per voi del tutto non vincolante.<\/p>\n<p>Dopo aver ricevuto l&#8217;offerta, chiamateci oppure lo faremo noi.<\/p>\n<p>Se siete interessati all&#8217;offerta dei nostri prodotti, un nostro rappresentante di vendita vi invier\u00e0 un misuratore, il quale eseguir\u00e0 le rilevazioni accurate.<\/p>\n\t\t<\/div>\n\t<\/div>\n\t\n\t<div id=\"accordion-2385060294\" class=\"accordion-item\">\n\t\t<a id=\"accordion-2385060294-label\" class=\"accordion-title plain\" href=\"#accordion-item-quanto-tempo-ci-vuole-in-media-dalla-conferma-dell&#039;offerta-e-dell&#039;ordine-all&#039;esecuzione-del-lavoro?\" aria-expanded=\"false\" aria-controls=\"accordion-2385060294-content\">\n\t\t\t<button class=\"toggle\" aria-label=\"Attiva\/Disattiva\"><i class=\"icon-angle-down\" aria-hidden=\"true\"><\/i><\/button>\n\t\t\t<span>Quanto tempo ci vuole in media dalla conferma dell'offerta e dell'ordine all'esecuzione del lavoro?<\/span>\n\t\t<\/a>\n\t\t<div id=\"accordion-2385060294-content\" class=\"accordion-inner\" aria-labelledby=\"accordion-2385060294-label\">\n\t\t\t\n<p>I tempi di consegna dipendono dalla complessit\u00e0 e dalla quantit\u00e0 dell&#8217;ordine: La produzione per il programma standard di infissi MIK (profili colore bianco &#8211; colore bianco, PVC) richiede dalle 3 alle 4 settimane. La data di consegna per il programma non standard viene fissata insieme al cliente, secondo le esigenze e le possibilit\u00e0. Cerchiamo di soddisfare le vostre esigenze e desideri, perci\u00f2 siamo molto flessibili.<\/p>\n\t\t<\/div>\n\t<\/div>\n\t\n\t<div id=\"accordion-276825397\" class=\"accordion-item\">\n\t\t<a id=\"accordion-276825397-label\" class=\"accordion-title plain\" href=\"#accordion-item-quali-sono-i-sistemi-di-finestre-pi\u00f9-venduti-dalla-mik?\" aria-expanded=\"false\" aria-controls=\"accordion-276825397-content\">\n\t\t\t<button class=\"toggle\" aria-label=\"Attiva\/Disattiva\"><i class=\"icon-angle-down\" aria-hidden=\"true\"><\/i><\/button>\n\t\t\t<span>Quali sono i sistemi di finestre pi\u00f9 venduti dalla MIK?<\/span>\n\t\t<\/a>\n\t\t<div id=\"accordion-276825397-content\" class=\"accordion-inner\" aria-labelledby=\"accordion-276825397-label\">\n\t\t\t\n<p>Il sistema di finestre MIK pi\u00f9 venduto \u00e8 <a href=\"\/it\/finestre\/finestre-in-pvc\/royal-line\/\" target=\"_blank\" rel=\"noopener noreferrer\">Royal Line<\/a>.<\/p>\n\t\t<\/div>\n\t<\/div>\n\t\n\t<div id=\"accordion-553086627\" class=\"accordion-item\">\n\t\t<a id=\"accordion-553086627-label\" class=\"accordion-title plain\" href=\"#accordion-item-dove-si-trovano-i-vostri-saloni?\" aria-expanded=\"false\" aria-controls=\"accordion-553086627-content\">\n\t\t\t<button class=\"toggle\" aria-label=\"Attiva\/Disattiva\"><i class=\"icon-angle-down\" aria-hidden=\"true\"><\/i><\/button>\n\t\t\t<span>Dove si trovano i vostri saloni?<\/span>\n\t\t<\/a>\n\t\t<div id=\"accordion-553086627-content\" class=\"accordion-inner\" aria-labelledby=\"accordion-553086627-label\">\n\t\t\t\n<p><a href=\"\/it\/contatti\/\" target=\"_blank\" rel=\"noopener\">Qui<\/a> puoi trovare le sedi delle nostre filiali.<\/p>\n\t\t<\/div>\n\t<\/div>\n\t\n\t<div id=\"accordion-3588762660\" class=\"accordion-item\">\n\t\t<a id=\"accordion-3588762660-label\" class=\"accordion-title plain\" href=\"#accordion-item-quando-posso-far-visita-alla-vostra-sede-o-presso-le-vostre-filiali?\" aria-expanded=\"false\" aria-controls=\"accordion-3588762660-content\">\n\t\t\t<button class=\"toggle\" aria-label=\"Attiva\/Disattiva\"><i class=\"icon-angle-down\" aria-hidden=\"true\"><\/i><\/button>\n\t\t\t<span>Quando posso far visita alla vostra sede o presso le vostre filiali?<\/span>\n\t\t<\/a>\n\t\t<div id=\"accordion-3588762660-content\" class=\"accordion-inner\" aria-labelledby=\"accordion-3588762660-label\">\n\t\t\t\n<p>Gli orari di apertura delle nostre filiali li trovate <a href=\"https:\/\/www.mik-ce.si\/kontakt\/\" target=\"_blank\" rel=\"noopener noreferrer\">qui<\/a>.<\/p>\n\t\t<\/div>\n\t<\/div>\n\t\n\t<div id=\"accordion-3540049781\" class=\"accordion-item\">\n\t\t<a id=\"accordion-3540049781-label\" class=\"accordion-title plain\" href=\"#accordion-item-devo-preparare-dei-dettagli-per-il-misuratore?\" aria-expanded=\"false\" aria-controls=\"accordion-3540049781-content\">\n\t\t\t<button class=\"toggle\" aria-label=\"Attiva\/Disattiva\"><i class=\"icon-angle-down\" aria-hidden=\"true\"><\/i><\/button>\n\t\t\t<span>Devo preparare dei dettagli per il misuratore?<\/span>\n\t\t<\/a>\n\t\t<div id=\"accordion-3540049781-content\" class=\"accordion-inner\" aria-labelledby=\"accordion-3540049781-label\">\n\t\t\t\n<p>In caso di nuova costruzione, per la misurazione necessitiamo della definizione del punto d&#8217;altezza e delle planimetrie dei singoli piani, mentre in caso di ristrutturazioni non serve nulla, poich\u00e9 i dettagli tecnici sono visibili dall&#8217;edificio.<\/p>\n\t\t<\/div>\n\t<\/div>\n\t\n\t<div id=\"accordion-3612044927\" class=\"accordion-item\">\n\t\t<a id=\"accordion-3612044927-label\" class=\"accordion-title plain\" href=\"#accordion-item-\u00c8-necessario-che-io-sia-presente-durante-il-montaggio-delle-finestre-in-una-nuova-costruzione?\" aria-expanded=\"false\" aria-controls=\"accordion-3612044927-content\">\n\t\t\t<button class=\"toggle\" aria-label=\"Attiva\/Disattiva\"><i class=\"icon-angle-down\" aria-hidden=\"true\"><\/i><\/button>\n\t\t\t<span>\u00c8 necessario che io sia presente durante il montaggio delle finestre in una nuova costruzione?<\/span>\n\t\t<\/a>\n\t\t<div id=\"accordion-3612044927-content\" class=\"accordion-inner\" aria-labelledby=\"accordion-3612044927-label\">\n\t\t\t\n<p>Non \u00e8 necessario, ma \u00e8 auspicabile.<\/p>\n\t\t<\/div>\n\t<\/div>\n\t\n\t<div id=\"accordion-305383748\" class=\"accordion-item\">\n\t\t<a id=\"accordion-305383748-label\" class=\"accordion-title plain\" href=\"#accordion-item-quanto-tempo-ho-per-presentare-un-eventuale-reclamo?\" aria-expanded=\"false\" aria-controls=\"accordion-305383748-content\">\n\t\t\t<button class=\"toggle\" aria-label=\"Attiva\/Disattiva\"><i class=\"icon-angle-down\" aria-hidden=\"true\"><\/i><\/button>\n\t\t\t<span>Quanto tempo ho per presentare un eventuale reclamo?<\/span>\n\t\t<\/a>\n\t\t<div id=\"accordion-305383748-content\" class=\"accordion-inner\" aria-labelledby=\"accordion-305383748-label\">\n\t\t\t\n<p>I periodi di garanzia sono elencati <a href=\"https:\/\/www.mik-ce.si\/it\/assistenza-e-garanzie\/#garancije\">qui<\/a>.<\/p>\n\t\t<\/div>\n\t<\/div>\n\t\n\t<div id=\"accordion-3751521356\" class=\"accordion-item\">\n\t\t<a id=\"accordion-3751521356-label\" class=\"accordion-title plain\" href=\"#accordion-item-che-cosa-sono-i-distanziatori?\" aria-expanded=\"false\" aria-controls=\"accordion-3751521356-content\">\n\t\t\t<button class=\"toggle\" aria-label=\"Attiva\/Disattiva\"><i class=\"icon-angle-down\" aria-hidden=\"true\"><\/i><\/button>\n\t\t\t<span>Che cosa sono i distanziatori?<\/span>\n\t\t<\/a>\n\t\t<div id=\"accordion-3751521356-content\" class=\"accordion-inner\" aria-labelledby=\"accordion-3751521356-label\">\n\t\t\t\n<p>Il distanziatore per vetro separa gli strati di vetro ed \u00e8 montato sui bordi del vetro termoisolante. La sua funzione \u00e8 di mantenere una distanza uniforme tra i vetri, impedire la fuoriuscita di gas dallo spazio tra i vetri e migliorare l&#8217;efficienza energetica.<\/p>\n\t\t<\/div>\n\t<\/div>\n\t\n\t<div id=\"accordion-4271132147\" class=\"accordion-item\">\n\t\t<a id=\"accordion-4271132147-label\" class=\"accordion-title plain\" href=\"#accordion-item-avete-per-caso-anche-finestre-in-legno?\" aria-expanded=\"false\" aria-controls=\"accordion-4271132147-content\">\n\t\t\t<button class=\"toggle\" aria-label=\"Attiva\/Disattiva\"><i class=\"icon-angle-down\" aria-hidden=\"true\"><\/i><\/button>\n\t\t\t<span>Avete per caso anche finestre in legno?<\/span>\n\t\t<\/a>\n\t\t<div id=\"accordion-4271132147-content\" class=\"accordion-inner\" aria-labelledby=\"accordion-4271132147-label\">\n\t\t\t\n<p>Nella nostra offerta di serramenti abbiamo finestre in <a href=\"https:\/\/www.mik-ce.si\/it\/finestre\/finestre-in-legno\/\" target=\"_blank\" rel=\"noopener noreferrer\">legno<\/a> e anche in <a href=\"https:\/\/www.mik-ce.si\/it\/finestre\/wood-alu-windows\/\" target=\"_blank\" rel=\"noopener noreferrer\">LEGNO-ALLUMINIO<\/a>.<\/p>\n\t\t<\/div>\n\t<\/div>\n\t\n\t<div id=\"accordion-4060125354\" class=\"accordion-item\">\n\t\t<a id=\"accordion-4060125354-label\" class=\"accordion-title plain\" href=\"#accordion-item-abbiamo-scelto-finestre-in-legno-perch\u00e9-respirano,-giusto?\" aria-expanded=\"false\" aria-controls=\"accordion-4060125354-content\">\n\t\t\t<button class=\"toggle\" aria-label=\"Attiva\/Disattiva\"><i class=\"icon-angle-down\" aria-hidden=\"true\"><\/i><\/button>\n\t\t\t<span>Abbiamo scelto finestre in legno perch\u00e9 respirano, giusto?<\/span>\n\t\t<\/a>\n\t\t<div id=\"accordion-4060125354-content\" class=\"accordion-inner\" aria-labelledby=\"accordion-4060125354-label\">\n\t\t\t\n<p>Le finestre in legno non respirano, poich\u00e9 la moderna tecnologia di produzione e la protezione di qualit\u00e0 con spessi strati di vernici ecocompatibili assicurano la longevit\u00e0 e la stabilit\u00e0 delle finestre in legno, ma chiudono la superficie del legno.<\/p>\n\t\t<\/div>\n\t<\/div>\n\t\n\t<div id=\"accordion-4206726177\" class=\"accordion-item\">\n\t\t<a id=\"accordion-4206726177-label\" class=\"accordion-title plain\" href=\"#accordion-item-avete-solo-finestre-di-plastica,-vero?\" aria-expanded=\"false\" aria-controls=\"accordion-4206726177-content\">\n\t\t\t<button class=\"toggle\" aria-label=\"Attiva\/Disattiva\"><i class=\"icon-angle-down\" aria-hidden=\"true\"><\/i><\/button>\n\t\t\t<span>Avete solo finestre di plastica, vero?<\/span>\n\t\t<\/a>\n\t\t<div id=\"accordion-4206726177-content\" class=\"accordion-inner\" aria-labelledby=\"accordion-4206726177-label\">\n\t\t\t\n<p>Nella nostra offerta potete scegliere tra finestre in <a href=\"https:\/\/www.mik-ce.si\/it\/finestre\/finestre-in-pvc\/\" target=\"_blank\" rel=\"noopener noreferrer\">PVC<\/a>, <a href=\"https:\/\/www.mik-ce.si\/it\/finestre\/finestre-in-alluminio\/\" target=\"_blank\" rel=\"noopener noreferrer\">ALLUMINIO<\/a>, <a href=\"https:\/\/www.mik-ce.si\/it\/finestre\/wood-alu-windows\/\" target=\"_blank\" rel=\"noopener noreferrer\">LEGNO-ALLUMINIO<\/a> e legno.<\/p>\n\t\t<\/div>\n\t<\/div>\n\t\n\t<div id=\"accordion-3527643715\" class=\"accordion-item\">\n\t\t<a id=\"accordion-3527643715-label\" class=\"accordion-title plain\" href=\"#accordion-item-il-montaggio-ral-\u00e8-davvero-di-qualit\u00e0-migliore?\" aria-expanded=\"false\" aria-controls=\"accordion-3527643715-content\">\n\t\t\t<button class=\"toggle\" aria-label=\"Attiva\/Disattiva\"><i class=\"icon-angle-down\" aria-hidden=\"true\"><\/i><\/button>\n\t\t\t<span>Il montaggio RAL \u00e8 davvero di qualit\u00e0 migliore?<\/span>\n\t\t<\/a>\n\t\t<div id=\"accordion-3527643715-content\" class=\"accordion-inner\" aria-labelledby=\"accordion-3527643715-label\">\n\t\t\t\n<p>Il montaggio MIK RAL \u00e8 <strong>un montaggio ad alta efficienza energetica<\/strong> che, grazie alla sua specificit\u00e0, riduce la dispersione termica. Il montaggio MIK RAL <strong>impedisce l&#8217;ingresso dell&#8217;acqua nel muro<\/strong> e quindi la formazione di condensa, che danneggia le propriet\u00e0 isolanti della finestra.<\/p>\n\t\t<\/div>\n\t<\/div>\n\t\n\t<div id=\"accordion-804236462\" class=\"accordion-item\">\n\t\t<a id=\"accordion-804236462-label\" class=\"accordion-title plain\" href=\"#accordion-item-perch\u00e9-dovrei-avere-un-vetro-a-3-strati,-se-a-2-strati-\u00e8-altrettanto-buono?\" aria-expanded=\"false\" aria-controls=\"accordion-804236462-content\">\n\t\t\t<button class=\"toggle\" aria-label=\"Attiva\/Disattiva\"><i class=\"icon-angle-down\" aria-hidden=\"true\"><\/i><\/button>\n\t\t\t<span>Perch\u00e9 dovrei avere un vetro a 3 strati, se a 2 strati \u00e8 altrettanto buono?<\/span>\n\t\t<\/a>\n\t\t<div id=\"accordion-804236462-content\" class=\"accordion-inner\" aria-labelledby=\"accordion-804236462-label\">\n\t\t\t\n<p>Il vetro \u00e8 l&#8217;elemento della finestra con il maggiore impatto sull&#8217;isolamento termico e acustico della finestra, in quanto copre almeno il 70% della sua superficie totale. La scelta appropriata di vetri per finestre costituisce un isolamento acustico e termico aggiuntivo e fornisce protezione dalla luce.<\/p>\n<p>L&#8217;isolamento termico e acustico di una finestra \u00e8 influenzato da diversi fattori, ma sicuramente quello pi\u00f9 importante \u00e8 il numero di vetri, poich\u00e9 hanno la maggiore influenza sulla conducibilit\u00e0 termica del vetro.<\/p>\n\t\t<\/div>\n\t<\/div>\n\t\n\t<div id=\"accordion-182890841\" class=\"accordion-item\">\n\t\t<a id=\"accordion-182890841-label\" class=\"accordion-title plain\" href=\"#accordion-item-possiamo-scegliere-vetrature-a-due-strati-o-sono-disponibili-solo-vetratute-a-tre-strati?\" aria-expanded=\"false\" aria-controls=\"accordion-182890841-content\">\n\t\t\t<button class=\"toggle\" aria-label=\"Attiva\/Disattiva\"><i class=\"icon-angle-down\" aria-hidden=\"true\"><\/i><\/button>\n\t\t\t<span>Possiamo scegliere vetrature a due strati o sono disponibili solo vetratute a tre strati?<\/span>\n\t\t<\/a>\n\t\t<div id=\"accordion-182890841-content\" class=\"accordion-inner\" aria-labelledby=\"accordion-182890841-label\">\n\t\t\t\n<p>In MIK Celje, potete scegliere tra vetrature a doppio e triplo strato, ma in virt\u00f9 del migliore isolamento acustico e termico e del risparmio a lungo termine, consigliamo ai nostri clienti di utilizzare vetrature a tre strati.<\/p>\n\t\t<\/div>\n\t<\/div>\n\t\n\t<div id=\"accordion-3406215767\" class=\"accordion-item\">\n\t\t<a id=\"accordion-3406215767-label\" class=\"accordion-title plain\" href=\"#accordion-item-perch\u00e9-le-nuove-finestre-saranno-pi\u00f9-piccole-di-quelle-esistenti?\" aria-expanded=\"false\" aria-controls=\"accordion-3406215767-content\">\n\t\t\t<button class=\"toggle\" aria-label=\"Attiva\/Disattiva\"><i class=\"icon-angle-down\" aria-hidden=\"true\"><\/i><\/button>\n\t\t\t<span>Perch\u00e9 le nuove finestre saranno pi\u00f9 piccole di quelle esistenti?<\/span>\n\t\t<\/a>\n\t\t<div id=\"accordion-3406215767-content\" class=\"accordion-inner\" aria-labelledby=\"accordion-3406215767-label\">\n\t\t\t\n<p>Durante la sostituzione delle finestre, in caso di ristrutturazione, lo smantellamento degli infissi danneggia la spalletta, che deve essere riparata prima del montaggio delle nuove finestre. \u00c8 inoltre necessario lasciare dello spazio per l&#8217;inserimento della schiuma di poliuretano, che alla fine \u00e8 di circa 10 cm. Dobbiamo anche essere consapevoli che le nuove finestre sono di migliore qualit\u00e0 e pi\u00f9 larghe, il che significa che occupano pi\u00f9 spazio. <\/p>\n\t\t<\/div>\n\t<\/div>\n\t\n\t<div id=\"accordion-1083333121\" class=\"accordion-item\">\n\t\t<a id=\"accordion-1083333121-label\" class=\"accordion-title plain\" href=\"#accordion-item-potete-farmi-un&#039;offerta-per-finestre-e-porte-di-dimensioni-standard?\" aria-expanded=\"false\" aria-controls=\"accordion-1083333121-content\">\n\t\t\t<button class=\"toggle\" aria-label=\"Attiva\/Disattiva\"><i class=\"icon-angle-down\" aria-hidden=\"true\"><\/i><\/button>\n\t\t\t<span>Potete farmi un'offerta per finestre e porte di dimensioni standard?<\/span>\n\t\t<\/a>\n\t\t<div id=\"accordion-1083333121-content\" class=\"accordion-inner\" aria-labelledby=\"accordion-1083333121-label\">\n\t\t\t\n<p>Ogni offerta \u00e8 individuale e su misura per il vostro edificio.<\/p>\n\t\t<\/div>\n\t<\/div>\n\t\n\t<div id=\"accordion-3309100742\" class=\"accordion-item\">\n\t\t<a id=\"accordion-3309100742-label\" class=\"accordion-title plain\" href=\"#accordion-item-rivestite-le-finestre-in-pvc-con-una-pellicola?\" aria-expanded=\"false\" aria-controls=\"accordion-3309100742-content\">\n\t\t\t<button class=\"toggle\" aria-label=\"Attiva\/Disattiva\"><i class=\"icon-angle-down\" aria-hidden=\"true\"><\/i><\/button>\n\t\t\t<span>Rivestite le finestre in PVC con una pellicola?<\/span>\n\t\t<\/a>\n\t\t<div id=\"accordion-3309100742-content\" class=\"accordion-inner\" aria-labelledby=\"accordion-3309100742-label\">\n\t\t\t\n<p>Le finestre in PVC MIK in vari colori si distinguono per la possibilit\u00e0 di realizzare un <strong>rivestimento di vernice acrilica<\/strong>, che <strong>prolunga la vita delle vostre finestre e mantiene i colori brillanti<\/strong>, che completeranno l&#8217;aspetto della vostra casa.<\/p>\n<p><strong>La vernice acrilica \u00e8 resistente ai danni, prolunga la lucentezza delle vernici e non si stacca<\/strong>, come invece succede alle pellicole colorate o le finestre verniciate offerte da altri produttori.<\/p>\n<p>La durata e i colori luminosi del rivestimento acrilico sono il risultato di uno <strong>speciale processo di \u201ccoestrusione\u201d<\/strong>, in cui le molecole del rivestimento acrilico sono unite alle molecole del materiale di base in PVC.<\/p>\n\t\t<\/div>\n\t<\/div>\n\t\n\t<div id=\"accordion-1020316690\" class=\"accordion-item\">\n\t\t<a id=\"accordion-1020316690-label\" class=\"accordion-title plain\" href=\"#accordion-item-perch\u00e9-non-posso-richiedere-solo-il-montaggio-senza-il-trasporto?\" aria-expanded=\"false\" aria-controls=\"accordion-1020316690-content\">\n\t\t\t<button class=\"toggle\" aria-label=\"Attiva\/Disattiva\"><i class=\"icon-angle-down\" aria-hidden=\"true\"><\/i><\/button>\n\t\t\t<span>Perch\u00e9 non posso richiedere solo il montaggio senza il trasporto?<\/span>\n\t\t<\/a>\n\t\t<div id=\"accordion-1020316690-content\" class=\"accordion-inner\" aria-labelledby=\"accordion-1020316690-label\">\n\t\t\t\n<p>L&#8217;acquisto delle nostre finestre include anche il trasporto, poich\u00e9 non possiamo montarle per voi se non ve le consegniamo.<\/p>\n\t\t<\/div>\n\t<\/div>\n\t\n\t<div id=\"accordion-1212470906\" class=\"accordion-item\">\n\t\t<a id=\"accordion-1212470906-label\" class=\"accordion-title plain\" href=\"#accordion-item-perch\u00e9-abbiamo-bisogno-del-sistema-di-ventilazione-se-ventiliamo-noi-stessi?\" aria-expanded=\"false\" aria-controls=\"accordion-1212470906-content\">\n\t\t\t<button class=\"toggle\" aria-label=\"Attiva\/Disattiva\"><i class=\"icon-angle-down\" aria-hidden=\"true\"><\/i><\/button>\n\t\t\t<span>Perch\u00e9 abbiamo bisogno del sistema di ventilazione se ventiliamo noi stessi?<\/span>\n\t\t<\/a>\n\t\t<div id=\"accordion-1212470906-content\" class=\"accordion-inner\" aria-labelledby=\"accordion-1212470906-label\">\n\t\t\t\n<p>MIKrovent<sup>\u00ae<\/sup> fornisce costantemente aria fresca al vostro ambiente abitativo con il 100% di ricambio d&#8217;aria quando le finestre sono chiuse e garantisce fino al 95% di ritenzione del calore della ventilazione del vostro ambiente abitativo. Nonostante la ventilazione nelle giornate pi\u00f9 fredde, il vostro ambiente non si raffredda e non si riscalda in estate. Ci\u00f2 consente all&#8217;utente di risparmiare pi\u00f9 energia durante il riscaldamento o il raffreddamento dell\u2019ambiente.<\/p>\n\t\t<\/div>\n\t<\/div>\n\t\n<\/div>\n\n\t\t<\/div>\n\t\t\t\t\n<style>\n#col-28211283 > .col-inner {\n  padding: 0px 0px 0px 0px;\n}\n@media (min-width:550px) {\n  #col-28211283 > .col-inner {\n    padding: 0px 40px 0px 40px;\n  }\n}\n<\/style>\n\t<\/div>\n\n\t\n<\/div>\n\t\t<\/div>\n\n\t\t\n<style>\n#section_1425143382 {\n  padding-top: 30px;\n  padding-bottom: 30px;\n}\n<\/style>\n\t<\/section>\n\t\n","protected":false},"excerpt":{"rendered":"","protected":false},"author":5,"featured_media":0,"parent":0,"menu_order":42,"comment_status":"closed","ping_status":"closed","template":"page-blank.php","meta":{"_acf_changed":false,"footnotes":""},"class_list":["post-22539","page","type-page","status-publish","hentry"],"acf":[],"_links":{"self":[{"href":"https:\/\/www.mik-ce.si\/it\/wp-json\/wp\/v2\/pages\/22539","targetHints":{"allow":["GET"]}}],"collection":[{"href":"https:\/\/www.mik-ce.si\/it\/wp-json\/wp\/v2\/pages"}],"about":[{"href":"https:\/\/www.mik-ce.si\/it\/wp-json\/wp\/v2\/types\/page"}],"author":[{"embeddable":true,"href":"https:\/\/www.mik-ce.si\/it\/wp-json\/wp\/v2\/users\/5"}],"replies":[{"embeddable":true,"href":"https:\/\/www.mik-ce.si\/it\/wp-json\/wp\/v2\/comments?post=22539"}],"version-history":[{"count":0,"href":"https:\/\/www.mik-ce.si\/it\/wp-json\/wp\/v2\/pages\/22539\/revisions"}],"wp:attachment":[{"href":"https:\/\/www.mik-ce.si\/it\/wp-json\/wp\/v2\/media?parent=22539"}],"curies":[{"name":"wp","href":"https:\/\/api.w.org\/{rel}","templated":true}]}}