{"id":22444,"date":"2021-05-17T15:55:55","date_gmt":"2021-05-17T13:55:55","guid":{"rendered":"https:\/\/www.mik-ce.si\/lazienda\/politica-di-gestione-della-qualita-e-gestione-ambientale\/"},"modified":"2021-11-15T15:50:45","modified_gmt":"2021-11-15T14:50:45","slug":"politica-di-gestione-della-qualita-e-gestione-ambientale","status":"publish","type":"page","link":"https:\/\/www.mik-ce.si\/it\/lazienda\/politica-di-gestione-della-qualita-e-gestione-ambientale\/","title":{"rendered":"Politica di gestione della qualit\u00e0 e gestione ambientale"},"content":{"rendered":"<div class=\"slider-wrapper relative\" id=\"slider-347757945\" style=\"background-color:rgb(255,255,255);\">\n    <div class=\"slider slider-nav-circle slider-nav-large slider-nav-light slider-style-normal\"\n        data-flickity-options='{\n            \"cellAlign\": \"center\",\n            \"imagesLoaded\": true,\n            \"lazyLoad\": 1,\n            \"freeScroll\": false,\n            \"wrapAround\": true,\n            \"autoPlay\": 8000,\n            \"pauseAutoPlayOnHover\" : true,\n            \"prevNextButtons\": false,\n            \"contain\" : true,\n            \"adaptiveHeight\" : true,\n            \"dragThreshold\" : 10,\n            \"percentPosition\": true,\n            \"pageDots\": false,\n            \"rightToLeft\": false,\n            \"draggable\": false,\n            \"selectedAttraction\": 0.1,\n            \"parallax\" : 0,\n            \"friction\": 0.6        }'\n        >\n        \n\n  <div class=\"banner has-hover has-parallax\" id=\"banner-909962647\">\n          <div class=\"banner-inner fill\">\n        <div class=\"banner-bg fill\" data-parallax=\"-3\" data-parallax-container=\".banner\" data-parallax-background>\n            <img loading=\"lazy\" decoding=\"async\" width=\"1020\" height=\"750\" src=\"https:\/\/www.mik-ce.si\/wp-content\/uploads\/2020\/05\/Politika-vodenja-kakovosti-ravnanja-okoljem-mik-celje-1088x800.jpg\" class=\"bg attachment-large size-large\" alt=\"\" \/>                        <div class=\"overlay\"><\/div>            \n                    <\/div>\n\t\t\n        <div class=\"banner-layers container\">\n            <div class=\"fill banner-link\"><\/div>            \n   <div id=\"text-box-617255010\" class=\"text-box banner-layer x50 md-x50 lg-x50 y50 md-y50 lg-y50 res-text\">\n                     <div data-animate=\"fadeInLeft\">           <div class=\"text-box-content text dark text-shadow-2\">\n              \n              <div class=\"text-inner text-center\">\n                  \n<h1><span style=\"font-size: 160%;\">Politica di gestione della qualit\u00e0 e gestione ambientale<\/span><\/h1>\n<p><strong><span style=\"font-size: 150%;\">Una componente importante di tutti i nostri processi lavorativi \u00e8 la gestione responsabile dell&#8217;ambiente, che dimostriamo sia con i materiali che utilizziamo nella produzione, sia con le caratteristiche dei nostri prodotti finiti.<\/span><\/strong><\/p>\n              <\/div>\n           <\/div>\n       <\/div>                     \n<style>\n#text-box-617255010 {\n  margin: 0 0px 0px 0px;\n  width: 100%;\n}\n#text-box-617255010 .text-box-content {\n  font-size: 100%;\n}\n@media (min-width:550px) {\n  #text-box-617255010 {\n    width: 95%;\n  }\n}\n<\/style>\n    <\/div>\n \n        <\/div>\n      <\/div>\n\n            \n<style>\n#banner-909962647 {\n  padding-top: 500px;\n  background-color: rgb(255,255,255);\n}\n#banner-909962647 .overlay {\n  background-color: rgba(0, 0, 0, 0.25);\n}\n#banner-909962647 .banner-bg img {\n  object-position: 51% 51%;\n}\n<\/style>\n  <\/div>\n\n\n     <\/div>\n\n     <div class=\"loading-spin dark large centered\"><\/div>\n\n\t<\/div>\n\n\n\n\t<section class=\"section\" id=\"section_1500389058\">\n\t\t<div class=\"section-bg fill\" >\n\t\t\t\t\t\t\t\t\t\n\t\t\t\n\t<div class=\"is-border is-dotted\"\n\t\tstyle=\"border-color:rgb(201, 201, 201);border-width:1px 0px 1px 0px;\">\n\t<\/div>\n\n\t\t<\/div>\n\n\t\t\n\n\t\t<div class=\"section-content relative\">\n\t\t\t\r\n\r\n<div class=\"row\"  id=\"row-706644402\">\r\n\r\n\n\t<div id=\"col-90373261\" class=\"col small-12 large-12\"  data-animate=\"fadeInLeft\">\n\t\t\t\t<div class=\"col-inner text-left\"  >\n\t\t\t\n\t\t\t\r\n\r\n\r\n\r\n\t\t<\/div>\n\t\t\t\t\n<style>\n#col-90373261 > .col-inner {\n  padding: 10px 0px 0px 0px;\n  margin: 0px 0px -20px 0px;\n}\n<\/style>\n\t<\/div>\n\n\t\r\n\r\n<\/div>\r\n\r\n\t\t<\/div>\n\n\t\t\n<style>\n#section_1500389058 {\n  padding-top: 0px;\n  padding-bottom: 0px;\n  background-color: rgba(201, 201, 201, 0.1);\n}\n<\/style>\n\t<\/section>\n\t\n\n\t<section class=\"section\" id=\"section_1335161813\">\n\t\t<div class=\"section-bg fill\" >\n\t\t\t\t\t\t\t\t\t\n\t\t\t\n\n\t\t<\/div>\n\n\t\t\n\n\t\t<div class=\"section-content relative\">\n\t\t\t\n<div class=\"row\"  id=\"row-149079173\">\n\n\t<div id=\"col-2014336165\" class=\"col small-12 large-12\"  >\n\t\t\t\t<div class=\"col-inner\"  >\n\t\t\t\n\t\t\t\n<h1 class=\"liteHeadline\"><span style=\"font-size: 200%;\">Politica di gestione della qualit\u00e0 e gestione ambientale<\/span><\/h1>\n\t\t<\/div>\n\t\t\t\t\t<\/div>\n\n\t\n\n\t<div id=\"col-1064396041\" class=\"col small-12 large-12\"  >\n\t\t\t\t<div class=\"col-inner\"  >\n\t\t\t\n\t\t\t\n<p><span style=\"font-size: 150%;\">Il core business e le attivit\u00e0 produttive della MIK\u00a0 sono focalizzate sulla produzione e sul montaggio di sistemi di finestre e porte d&#8217;ingresso in PVC, ALLUMINIO, LEGNO e LEGNO\/ALLUMINIO, sullo sviluppo, la progettazione e l&#8217;implementazione di soluzioni complete per ammodernamenti o nuove vetrature di edifici, sulla progettazione e la realizzazione di facciate ventilate, sulla produzione di porte tagliafuoco e sul montaggio di portoni industriali e per garage. Una parte importante della nostra attivit\u00e0 riguarda anche lo sviluppo e la produzione dei sistemi di ventilazione locale MIKrovent. MIK Celje, inoltre, \u00e8 anche il pi\u00f9 grande distributore sloveno di aste per cornici e materiali per l&#8217;incorniciatura, nonch\u00e9 un attivo investitore, gestore e venditore di immobili.<\/span><\/p>\n\t\t<\/div>\n\t\t\t\t\t<\/div>\n\n\t\n\n\t<div id=\"col-1507468628\" class=\"col medium-6 small-12 large-6\"  >\n\t\t\t\t<div class=\"col-inner\"  >\n\t\t\t\n\t\t\t\n<p>MIK d.o.o. e le sue filiali impiegano ben 180 dipendenti, cui si aggiungono altri 100 collaboratori esterni a contratto. Con questi numeri, rientriamo tra le aziende private di medie dimensioni e, grazie alla dedizione dei dipendenti, alle conoscenze e al lavoro di qualit\u00e0, ci classifichiamo tra i migliori produttori sloveni di serramenti.<\/p>\n<p>Grazie alle capacit\u00e0 dei nostri capaci ingegneri e progettisti, al nostro sviluppo e alla nostra produzione, creiamo soluzioni all&#8217;avanguardia per l&#8217;ammodernamento o la nuova vetratura di edifici, che garantiscono un elevato risparmio energetico e raggiungono i pi\u00f9 elevati standard di sicurezza. I serramenti MIK e il sistema di ventilazione locale MIKrovent, che consente un afflusso costante di aria fresca e purificata negli spazi abitativi con minime perdite di energia, sono stati sviluppati secondo il nostro principio base: \u201cMiglioriamo la qualit\u00e0 della vita\u201d.<\/p>\n\t\t<\/div>\n\t\t\t\t\t<\/div>\n\n\t\n\n\t<div id=\"col-404767289\" class=\"col medium-6 small-12 large-6\"  >\n\t\t\t\t<div class=\"col-inner\"  >\n\t\t\t\n\t\t\t\n<p>Ci impegniamo a rispettare i pi\u00f9 elevati standard in termini di condotta aziendale ed etica. Stiamo adempiendo ai nostri impegni attraverso un consolidato sistema integrato di gestione della qualit\u00e0 e di gestione ambientale, parte integrante del sistema di gestione unificato dell&#8217;azienda MIK d.o.o.<\/p>\n<p>Rispettiamo la tradizione e confidiamo nei nostri valori, mentre la tecnologia moderna e le nostre conoscenze assicurano lo sviluppo di prodotti e soluzioni innovativi che migliorano la qualit\u00e0 degli ambienti e della vita, e stabiliscono nuovi standard nel campo delle vetrature per edifici.<\/p>\n<p><b>I nostri obiettivi strategici sono garantire un&#8217;alta qualit\u00e0 agli utenti finali e prodotti rispettosi della natura, poich\u00e9 ci sforziamo costantemente di assicurare che un atteggiamento responsabile nei confronti della qualit\u00e0 e dell&#8217;ambiente sia costantemente incluso in tutte le attivit\u00e0 per tutto il ciclo di vita dei prodotti e sia integrato in tutti i sistemi aziendali della MIK d.o.o.<\/b><\/p>\n\t\t<\/div>\n\t\t\t\t\t<\/div>\n\n\t\n<\/div>\n<div class=\"is-divider divider clearfix\" style=\"max-width:100%;height:1px;\"><\/div>\n<div class=\"row\"  id=\"row-812734362\">\n\n\t<div id=\"col-1770870410\" class=\"col small-12 large-12\"  >\n\t\t\t\t<div class=\"col-inner\"  >\n\t\t\t\n\t\t\t\n<h2 class=\"liteHeadline\"><span style=\"font-size: 180%;\">Visione e obiettivi strategici<\/span><\/h2>\n<p>Diventeremo il principale produttore e fornitore di soluzioni per investimenti, energia ed estetica nel settore delle costruzioni e dell\u2019architettura per ristrutturazioni o nuove vetrature di edifici nell&#8217;Europa sud-orientale.<\/p>\n<p>Significa che seguiamo un percorso che ci porter\u00e0 a posizionarci come produttori e fornitori leader di infissi in PVC, alluminio, legno e legno-alluminio ad alta efficienza energetica e di soluzioni complete per la vetratura di spazi a misura d&#8217;uomo in questa regione d&#8217;Europa, nonch\u00e9 produttori leader e trend-setter nel settore dei sistemi di ventilazione locale.<\/p>\n<p>Vogliamo diventare una delle 10 aziende pi\u00f9 virtuose e socialmente responsabili della Slovenia.<\/p>\n\t\t<\/div>\n\t\t\t\t\t<\/div>\n\n\t\n\n\t<div id=\"col-358549572\" class=\"col medium-6 small-12 large-6\"  >\n\t\t\t\t<div class=\"col-inner\"  >\n\t\t\t\n\t\t\t\n<h3><span style=\"font-size: 130%;\">Valori fondamentali o spirito della MIK:<\/span><\/h3>\n<p><b>I valori ci guidano nelle nostre azioni quotidiane, sono il pilastro e l&#8217;ispirazione nelle nostre azioni.<\/b>\u00a0I valori spirituali della MIK sono le nostre convinzioni, che ci modellano, ci sostengono e guidano nel nostro lavoro per essere la versione migliore di noi stessi.<\/p>\n<p>Con lo spirito della MIK, i dipendenti si battono per valori che garantiscano prestazioni di qualit\u00e0 nelle attivit\u00e0, eliminino il lavoro non necessario e incoraggino la vera solidariet\u00e0 tra i dipendenti, la creativit\u00e0, l&#8217;innovazione, l&#8217;accuratezza e l&#8217;efficienza.<\/p>\n\t\t<\/div>\n\t\t\t\t\t<\/div>\n\n\t\n\n\t<div id=\"col-210703543\" class=\"col medium-6 small-12 large-6\"  >\n\t\t\t\t<div class=\"col-inner\"  >\n\t\t\t\n\t\t\t\n<h3><span style=\"font-size: 130%;\">I 5 pilastri dello spirito della MIK:<\/span><\/h3>\n<ol>\n<li>Onest\u00e0, franchezza e correttezza.<\/li>\n<li>Rispetto e cura per i colleghi, i clienti e i fornitori.<\/li>\n<li>Partnership, professionalit\u00e0 e specializzazione.<\/li>\n<li>Incoraggiamento verso i contributi creativi di ogni dipendente.<\/li>\n<li>Apertura all&#8217;auto-miglioramento, al trasferimento di conoscenze ed esperienze ai dipendenti.<\/li>\n<\/ol>\n\t\t<\/div>\n\t\t\t\t\t<\/div>\n\n\t\n\n\t<div id=\"col-1571085629\" class=\"col small-12 large-12\"  >\n\t\t\t\t<div class=\"col-inner\"  >\n\t\t\t\n\t\t\t\n<h3><span style=\"font-size: 130%;\">Missione:<\/span><\/h3>\n<p>Aiutiamo i nostri clienti a cambiare la loro visione e il loro stile di vita, migliorando la qualit\u00e0 degli spazi abitativi con:<\/p>\n<ul>\n<li>soluzioni valide per infissi che elevano le caratteristiche dell\u2019abitare in termini di: efficienza energetica, estetica, sicurezza, benessere, protezione dal rumore e facilit\u00e0 di manutenzione;<\/li>\n<li>eccellente sistema di ventilazione locale MIKrovent, frutto delle nostre conoscenze, sviluppo e produzione, con risultati impareggiabili nel recupero e mantenimento del calore degli interni;<\/li>\n<li>cornici che infondono nuova vita all\u2019aspetto e agli spazi;<\/li>\n<li>investimenti in costruzioni che offrono una migliore qualit\u00e0 della vita;<\/li>\n<li>attivit\u00e0 socialmente responsabili che migliorano direttamente e indirettamente la qualit\u00e0 della vita nell&#8217;ambiente in cui da 30 anni creiamo e operiamo.<\/li>\n<\/ul>\n<div class=\"is-divider divider clearfix\" style=\"max-width:100%;height:1px;\"><\/div>\n\t\t<\/div>\n\t\t\t\t\t<\/div>\n\n\t\n<\/div>\n<div class=\"row\"  id=\"row-879869796\">\n\n\t<div id=\"col-684445541\" class=\"col small-12 large-12\"  >\n\t\t\t\t<div class=\"col-inner\"  >\n\t\t\t\n\t\t\t\n<h2 class=\"liteHeadline\"><span style=\"font-size: 180%;\">La nostra garanzia di qualit\u00e0<\/span><\/h2>\n<p>VISIONE MIK si impegna a diventare il principale produttore e fornitore completo di soluzioni IE2 (investimento, energia ed estetica) per ristrutturazioni o nuove vetrature di edifici nell&#8217;Europa sud-orientale. Con prodotti di qualit\u00e0, soddisfiamo costantemente i requisiti previsti e le aspettative dei nostri clienti, per aumentare la loro soddisfazione e migliorare i parametri concordati.<\/p>\n\t\t<\/div>\n\t\t\t\t\t<\/div>\n\n\t\n\n\t<div id=\"col-470021864\" class=\"col medium-6 small-12 large-6\"  >\n\t\t\t\t<div class=\"col-inner\"  >\n\t\t\t\n\t\t\t\n<h3><span style=\"font-size: 130%;\">Fornitori riconosciuti<\/span><\/h3>\n<p>MIK collabora solo con i migliori fornitori e produttori di gamma base e superiore nel rispettivo settore.<\/p>\n<h3><span style=\"font-size: 130%;\">Linea di produzione computerizzata<\/span><\/h3>\n<p>La precisione nella produzione di ogni giunto e prodotto \u00e8 identica (il 1\u00b0 e il 10.000\u00b0 prodotto sono uguali).<\/p>\n<h3><span style=\"font-size: 130%;\">Tempi di consegna brevi<\/span><\/h3>\n<p>MIK ascolta sempre i desideri e le esigenze del cliente quando si tratta di tempi di consegna.<\/p>\n<h3><span style=\"font-size: 130%;\">Consulenza, produzione e assistenza di qualit\u00e0<\/span><\/h3>\n<p>I nostri\u00a0 esperti specialisti si occupano della preparazione del montaggio.<\/p>\n\t\t<\/div>\n\t\t\t\t\t<\/div>\n\n\t\n\n\t<div id=\"col-307624145\" class=\"col medium-6 small-12 large-6\"  >\n\t\t\t\t<div class=\"col-inner\"  >\n\t\t\t\n\t\t\t\n<h3><span style=\"font-size: 130%;\">Certificato energetico<\/span><\/h3>\n<p>Le finestre MIK raggiungono la classe pi\u00f9 efficiente A dal punto di vista energetico e assicurano fino al 30% di risparmio energetico sul riscaldamento o raffreddamento degli ambienti.<\/p>\n<h3><span style=\"font-size: 130%;\">Aspetto ecologico del prodotto<\/span><\/h3>\n<p>Tutti i prodotti e i materiali utilizzati nel processo di approvvigionamento, produzione e montaggio sono rispettosi dell&#8217;ambiente.<\/p>\n<h3><span style=\"font-size: 130%;\">Gestione ambientale<\/span><\/h3>\n<p>Ci impegniamo a proteggere l&#8217;ambiente, adempiere agli obblighi di conformit\u00e0 e a prevenire l&#8217;inquinamento, poich\u00e9 altrettanto costantemente ci impegniamo per aumentare l&#8217;efficienza energetica monitorando il consumo energetico specifico (elettricit\u00e0, gas, carburante), l&#8217;efficienza dei materiali (gestione dei rifiuti, consumo di materie prime) e altri impatti sociali (impatto sui fornitori&#8230;)<\/p>\n<h3><span style=\"font-size: 130%;\">Miglioramento costante<\/span><\/h3>\n<p>Miglioriamo costantemente il sistema di gestione integrato della qualit\u00e0 e\u00a0 la gestione ambientale, con l&#8217;obiettivo di migliorare anche le prestazioni \u00a0del sistema di gestione aziendale della MIK d.o.o.<\/p>\n\t\t<\/div>\n\t\t\t\t\t<\/div>\n\n\t\n\n\t<div id=\"col-664499140\" class=\"col small-12 large-12\"  >\n\t\t\t\t<div class=\"col-inner\"  >\n\t\t\t\n\t\t\t\n<div class=\"is-divider divider clearfix\" style=\"max-width:100%;height:1px;\"><\/div>\n<p style=\"text-align: center;\">Il Direttore<br \/>Franci Pliber\u0161ek, u.d.i.a.<br \/>Vojnik,<br \/>08.08.2019<\/p>\n\t\t<\/div>\n\t\t\t\t\t<\/div>\n\n\t\n<\/div>\n\t\t<\/div>\n\n\t\t\n<style>\n#section_1335161813 {\n  padding-top: 30px;\n  padding-bottom: 30px;\n}\n<\/style>\n\t<\/section>\n\t\n\n\t<section class=\"section\" id=\"section_1145634108\">\n\t\t<div class=\"section-bg fill\" >\n\t\t\t\t\t\t\t\t\t\n\t\t\t\n\t<div class=\"is-border is-dotted\"\n\t\tstyle=\"border-color:rgb(201, 201, 201);border-width:1px 0px 1px 0px;\">\n\t<\/div>\n\n\t\t<\/div>\n\n\t\t\n\n\t\t<div class=\"section-content relative\">\n\t\t\t\r\n\r\n<div class=\"row\"  id=\"row-1430720745\">\r\n\r\n\n\t<div id=\"col-894860712\" class=\"col small-12 large-12\"  data-animate=\"fadeInLeft\">\n\t\t\t\t<div class=\"col-inner text-left\"  >\n\t\t\t\n\t\t\t\r\n\r\n\r\n\r\n\t\t<\/div>\n\t\t\t\t\n<style>\n#col-894860712 > .col-inner {\n  padding: 10px 0px 0px 0px;\n  margin: 0px 0px -20px 0px;\n}\n<\/style>\n\t<\/div>\n\n\t\r\n\r\n<\/div>\r\n\r\n\t\t<\/div>\n\n\t\t\n<style>\n#section_1145634108 {\n  padding-top: 0px;\n  padding-bottom: 0px;\n  background-color: rgba(201, 201, 201, 0.1);\n}\n<\/style>\n\t<\/section>\n\t\n","protected":false},"excerpt":{"rendered":"","protected":false},"author":4,"featured_media":0,"parent":22404,"menu_order":2,"comment_status":"closed","ping_status":"closed","template":"page-blank.php","meta":{"_acf_changed":false,"footnotes":""},"class_list":["post-22444","page","type-page","status-publish","hentry"],"acf":[],"_links":{"self":[{"href":"https:\/\/www.mik-ce.si\/it\/wp-json\/wp\/v2\/pages\/22444","targetHints":{"allow":["GET"]}}],"collection":[{"href":"https:\/\/www.mik-ce.si\/it\/wp-json\/wp\/v2\/pages"}],"about":[{"href":"https:\/\/www.mik-ce.si\/it\/wp-json\/wp\/v2\/types\/page"}],"author":[{"embeddable":true,"href":"https:\/\/www.mik-ce.si\/it\/wp-json\/wp\/v2\/users\/4"}],"replies":[{"embeddable":true,"href":"https:\/\/www.mik-ce.si\/it\/wp-json\/wp\/v2\/comments?post=22444"}],"version-history":[{"count":0,"href":"https:\/\/www.mik-ce.si\/it\/wp-json\/wp\/v2\/pages\/22444\/revisions"}],"up":[{"embeddable":true,"href":"https:\/\/www.mik-ce.si\/it\/wp-json\/wp\/v2\/pages\/22404"}],"wp:attachment":[{"href":"https:\/\/www.mik-ce.si\/it\/wp-json\/wp\/v2\/media?parent=22444"}],"curies":[{"name":"wp","href":"https:\/\/api.w.org\/{rel}","templated":true}]}}