{"id":21944,"date":"2021-04-20T10:47:41","date_gmt":"2021-04-20T08:47:41","guid":{"rendered":"https:\/\/www.mik-ce.si\/finestre\/finestre-in-legno\/"},"modified":"2021-10-21T13:13:55","modified_gmt":"2021-10-21T11:13:55","slug":"finestre-in-legno","status":"publish","type":"page","link":"https:\/\/www.mik-ce.si\/it\/finestre\/finestre-in-legno\/","title":{"rendered":"Finestre in legno"},"content":{"rendered":"\n\t<section class=\"section\" id=\"section_260003543\">\n\t\t<div class=\"section-bg fill\" >\n\t\t\t\t\t\t\t\t\t<div class=\"loading-spin centered\"><\/div>\n\t\t\t\n\n\t\t<\/div>\n\n\t\t\n\n\t\t<div class=\"section-content relative\">\n\t\t\t\n<div class=\"row row-collapse row-full-width align-center\"  id=\"row-1557282603\">\n\n\t<div id=\"col-1455855049\" class=\"col small-12 large-12\"  >\n\t\t\t\t<div class=\"col-inner\"  >\n\t\t\t\n\t\t\t\n\n\n  <div class=\"banner has-hover has-parallax\" id=\"banner-1036302778\">\n          <div class=\"banner-inner fill\">\n        <div class=\"banner-bg fill\" data-parallax=\"-5\" data-parallax-container=\".banner\" data-parallax-background>\n            <img loading=\"lazy\" decoding=\"async\" width=\"2540\" height=\"1693\" src=\"https:\/\/www.mik-ce.si\/wp-content\/uploads\/2020\/05\/Lesena-okna-Comfort-line-90-energetskimi-prihranki.jpg\" class=\"bg attachment-original size-original\" alt=\"\" \/>                                    \n                    <\/div>\n\t\t\n        <div class=\"banner-layers container\">\n            <a class=\"fill\" href=\"\/it\/finestre\/finestre-in-legno\/comfort-line-90\/\"><div class=\"fill banner-link\"><\/div><\/a>            \n   <div id=\"text-box-852530467\" class=\"text-box banner-layer x50 md-x50 lg-x0 y100 md-y100 lg-y50 res-text\">\n                     <div data-animate=\"none\">           <div class=\"text-box-content text \">\n              \n              <div class=\"text-inner text-left\">\n                  \n<h4>Finestre in legno<\/h4>\n<h2 class=\"liteHeadline\"><a href=\"\/it\/finestre\/finestre-in-legno\/comfort-line-90\/\">Comfort Line 90<\/a><\/h2>\n<p><strong>Finestre di qualit\u00e0 in legno<\/strong>, in una versione pi\u00f9 robusta, che donano una sensazione di solidit\u00e0, stabilit\u00e0 e sicurezza. <strong>Connettono la vostra casa con la natura<\/strong> e assicurano un <strong>soggiorno sano<\/strong> e un <strong>risparmio energetico.<\/strong><\/p>\n              <\/div>\n           <\/div>\n       <\/div>                     \n<style>\n#text-box-852530467 {\n  margin: 0 0px 0px 0px;\n  width: 100%;\n}\n#text-box-852530467 .text-box-content {\n  background-color: rgba(255, 255, 255, 0.9);\n  font-size: 120%;\n}\n#text-box-852530467 .text-inner {\n  padding: 0px 20px 0px 20px;\n}\n@media (min-width:550px) {\n  #text-box-852530467 {\n    margin: 0 0px 0px 0px;\n    width: 100%;\n  }\n  #text-box-852530467 .text-inner {\n    padding: 10px 30px 10px 30px;\n  }\n  #text-box-852530467 .text-box-content {\n    font-size: 100%;\n  }\n}\n@media (min-width:850px) {\n  #text-box-852530467 {\n    margin: 0px0 0px 0px 0px;\n    width: 40%;\n  }\n  #text-box-852530467 .text-inner {\n    padding: 10px 30px 10px 30px;\n  }\n}\n<\/style>\n    <\/div>\n \n        <\/div>\n      <\/div>\n\n            \n<style>\n#banner-1036302778 {\n  padding-top: 100%;\n  background-color: rgb(255,255,255);\n}\n#banner-1036302778 .banner-bg img {\n  object-position: 50% 52%;\n}\n@media (min-width:550px) {\n  #banner-1036302778 {\n    padding-top: 80%;\n  }\n}\n@media (min-width:850px) {\n  #banner-1036302778 {\n    padding-top: 60%;\n  }\n}\n<\/style>\n  <\/div>\n\n\n\t\t<\/div>\n\t\t\t\t\t<\/div>\n\n\t\n\n<style>\n#row-1557282603 > .col > .col-inner {\n  padding: 0px 0px 0px 0px;\n}\n<\/style>\n<\/div>\n\t\t<\/div>\n\n\t\t\n<style>\n#section_260003543 {\n  padding-top: 0px;\n  padding-bottom: 0px;\n  margin-bottom: 0px;\n  min-height: 100%;\n}\n<\/style>\n\t<\/section>\n\t\n","protected":false},"excerpt":{"rendered":"","protected":false},"author":2,"featured_media":0,"parent":21840,"menu_order":5,"comment_status":"closed","ping_status":"closed","template":"page-blank.php","meta":{"_acf_changed":false,"footnotes":""},"class_list":["post-21944","page","type-page","status-publish","hentry"],"acf":[],"_links":{"self":[{"href":"https:\/\/www.mik-ce.si\/it\/wp-json\/wp\/v2\/pages\/21944","targetHints":{"allow":["GET"]}}],"collection":[{"href":"https:\/\/www.mik-ce.si\/it\/wp-json\/wp\/v2\/pages"}],"about":[{"href":"https:\/\/www.mik-ce.si\/it\/wp-json\/wp\/v2\/types\/page"}],"author":[{"embeddable":true,"href":"https:\/\/www.mik-ce.si\/it\/wp-json\/wp\/v2\/users\/2"}],"replies":[{"embeddable":true,"href":"https:\/\/www.mik-ce.si\/it\/wp-json\/wp\/v2\/comments?post=21944"}],"version-history":[{"count":0,"href":"https:\/\/www.mik-ce.si\/it\/wp-json\/wp\/v2\/pages\/21944\/revisions"}],"up":[{"embeddable":true,"href":"https:\/\/www.mik-ce.si\/it\/wp-json\/wp\/v2\/pages\/21840"}],"wp:attachment":[{"href":"https:\/\/www.mik-ce.si\/it\/wp-json\/wp\/v2\/media?parent=21944"}],"curies":[{"name":"wp","href":"https:\/\/api.w.org\/{rel}","templated":true}]}}