{"id":21873,"date":"2021-04-15T15:08:18","date_gmt":"2021-04-15T13:08:18","guid":{"rendered":"https:\/\/www.mik-ce.si\/finestre\/finestre-in-pvc\/"},"modified":"2021-10-19T13:49:35","modified_gmt":"2021-10-19T11:49:35","slug":"finestre-in-pvc","status":"publish","type":"page","link":"https:\/\/www.mik-ce.si\/it\/finestre\/finestre-in-pvc\/","title":{"rendered":"Finestre in PVC"},"content":{"rendered":"\n\t<section class=\"section\" id=\"section_894118794\">\n\t\t<div class=\"section-bg fill\" >\n\t\t\t\t\t\t\t\t\t<div class=\"loading-spin centered\"><\/div>\n\t\t\t\n\n\t\t<\/div>\n\n\t\t\n\n\t\t<div class=\"section-content relative\">\n\t\t\t\n<div class=\"row\"  id=\"row-38694644\">\n\n\t<div id=\"col-651771964\" class=\"col small-12 large-12\"  >\n\t\t\t\t<div class=\"col-inner text-center\"  >\n\t\t\t\n\t\t\t\n<h1 class=\"liteHeadline\"><span style=\"font-size: 260%;\">Finestre in PVC<\/span><\/h1>\n\t\t<\/div>\n\t\t\t\t\n<style>\n#col-651771964 > .col-inner {\n  padding: 20px 0px 0px 0px;\n  margin: 0px 0px -30px 0px;\n}\n<\/style>\n\t<\/div>\n\n\t\n<\/div>\n<div class=\"row row-collapse row-full-width align-center\"  id=\"row-1310403775\">\n\n\t<div id=\"col-1962913799\" class=\"col small-12 large-12\"  >\n\t\t\t\t<div class=\"col-inner\"  >\n\t\t\t\n\t\t\t\n\n  <div class=\"banner has-hover has-parallax\" id=\"banner-1622076929\">\n          <div class=\"banner-inner fill\">\n        <div class=\"banner-bg fill\" data-parallax=\"-3\" data-parallax-container=\".banner\" data-parallax-background>\n            <img loading=\"lazy\" decoding=\"async\" width=\"2048\" height=\"683\" src=\"https:\/\/www.mik-ce.si\/wp-content\/uploads\/2019\/12\/PVC-okna-interirer-02-mik-celje-scaled.jpg\" class=\"bg attachment-original size-original\" alt=\"\" \/>                                    \n                    <\/div>\n\t\t\n        <div class=\"banner-layers container\">\n            <a class=\"fill\" href=\"\/it\/finestre\/finestre-in-pvc\/royal-line\/\"><div class=\"fill banner-link\"><\/div><\/a>            \n   <div id=\"text-box-1277470021\" class=\"text-box banner-layer x50 md-x50 lg-x100 y100 md-y100 lg-y50 res-text\">\n                     <div data-animate=\"none\">           <div class=\"text-box-content text \">\n              \n              <div class=\"text-inner text-left\">\n                  \n<h4>Finestre in PVC<\/h4>\n<h2 style=\"font-weight: 100;\"><a href=\"\/it\/finestre\/finestre-in-pvc\/royal-line\/\">Royal Line<\/a><\/h2>\n<p>Un classico nell&#8217;offerta di finestre in PVC MIK, con eccellenti caratteristiche di isolamento termico e acustico, che garantiranno un soggiorno economico e di qualit\u00e0. <\/p>\n              <\/div>\n           <\/div>\n       <\/div>                     \n<style>\n#text-box-1277470021 {\n  margin: 0 0px 0px 0px;\n  width: 100%;\n}\n#text-box-1277470021 .text-box-content {\n  background-color: rgba(255, 255, 255, 0.9);\n  font-size: 120%;\n}\n#text-box-1277470021 .text-inner {\n  padding: 6px 20px 6px 20px;\n}\n@media (min-width:550px) {\n  #text-box-1277470021 .text-inner {\n    padding: 10px 30px 10px 30px;\n  }\n  #text-box-1277470021 {\n    width: 100%;\n  }\n  #text-box-1277470021 .text-box-content {\n    font-size: 100%;\n  }\n}\n@media (min-width:850px) {\n  #text-box-1277470021 {\n    width: 40%;\n  }\n  #text-box-1277470021 .text-box-content {\n    font-size: 90%;\n  }\n}\n<\/style>\n    <\/div>\n \n        <\/div>\n      <\/div>\n\n            \n<style>\n#banner-1622076929 {\n  padding-top: 140%;\n  background-color: rgb(255,255,255);\n}\n#banner-1622076929 .banner-bg img {\n  object-position: 95% 12%;\n}\n@media (min-width:550px) {\n  #banner-1622076929 {\n    padding-top: 80%;\n  }\n}\n@media (min-width:850px) {\n  #banner-1622076929 {\n    padding-top: 60%;\n  }\n}\n<\/style>\n  <\/div>\n\n\n\n  <div class=\"banner has-hover has-parallax\" id=\"banner-1982155471\">\n          <div class=\"banner-inner fill\">\n        <div class=\"banner-bg fill\" data-parallax=\"-3\" data-parallax-container=\".banner\" data-parallax-background>\n            <img loading=\"lazy\" decoding=\"async\" width=\"2540\" height=\"1693\" src=\"https:\/\/www.mik-ce.si\/wp-content\/uploads\/2020\/05\/PVC-Lumaxx-line-MIK-Celje-cover2.jpg\" class=\"bg attachment-original size-original\" alt=\"\" \/>                                    \n                    <\/div>\n\t\t\n        <div class=\"banner-layers container\">\n            <a class=\"fill\" href=\"\/it\/finestre\/finestre-in-pvc\/lumaxx-line\/\"><div class=\"fill banner-link\"><\/div><\/a>            \n   <div id=\"text-box-1905541603\" class=\"text-box banner-layer x50 md-x50 lg-x0 y100 md-y100 lg-y50 res-text\">\n                     <div data-animate=\"none\">           <div class=\"text-box-content text \">\n              \n              <div class=\"text-inner text-left\">\n                  \n<h4>Finestre in PVC<\/h4>\n<h2><a href=\"\/it\/finestre\/finestre-in-pvc\/lumaxx-line\/\">Lumaxx Line<\/a><\/h2>\n<p>Per una casa elegante con finestre dal design classico, ma con ante pi\u00f9 ridotte, il che consente superfici vetrate pi\u00f9 grandi, che lasciano entrare pi\u00f9 luce nella vostra casa. <\/p>\n              <\/div>\n           <\/div>\n       <\/div>                     \n<style>\n#text-box-1905541603 {\n  margin: 0 0px 0px 0px;\n  width: 100%;\n}\n#text-box-1905541603 .text-box-content {\n  background-color: rgba(255, 255, 255, 0.9);\n  font-size: 120%;\n}\n#text-box-1905541603 .text-inner {\n  padding: 6px 20px 6px 20px;\n}\n@media (min-width:550px) {\n  #text-box-1905541603 {\n    margin: 0 0px 0px 0px;\n    width: 100%;\n  }\n  #text-box-1905541603 .text-inner {\n    padding: 10px 30px 10px 30px;\n  }\n  #text-box-1905541603 .text-box-content {\n    font-size: 100%;\n  }\n}\n@media (min-width:850px) {\n  #text-box-1905541603 {\n    margin: 0px0 0px 0px 0px;\n    width: 40%;\n  }\n  #text-box-1905541603 .text-inner {\n    padding: 10px 30px 10px 30px;\n  }\n}\n<\/style>\n    <\/div>\n \n        <\/div>\n      <\/div>\n\n            \n<style>\n#banner-1982155471 {\n  padding-top: 140%;\n  background-color: rgb(255,255,255);\n}\n#banner-1982155471 .banner-bg img {\n  object-position: 50% 52%;\n}\n@media (min-width:550px) {\n  #banner-1982155471 {\n    padding-top: 80%;\n  }\n}\n@media (min-width:850px) {\n  #banner-1982155471 {\n    padding-top: 60%;\n  }\n}\n<\/style>\n  <\/div>\n\n\n\n  <div class=\"banner has-hover has-parallax\" id=\"banner-984607302\">\n          <div class=\"banner-inner fill\">\n        <div class=\"banner-bg fill\" data-parallax=\"-3\" data-parallax-container=\".banner\" data-parallax-background>\n            <img loading=\"lazy\" decoding=\"async\" width=\"2560\" height=\"1085\" src=\"https:\/\/www.mik-ce.si\/wp-content\/uploads\/2020\/01\/kubus-line-panorama-scaled.jpg\" class=\"bg attachment-original size-original\" alt=\"\" \/>                                    \n                    <\/div>\n\t\t\n        <div class=\"banner-layers container\">\n            <a class=\"fill\" href=\"\/it\/finestre\/finestre-in-pvc\/kubus-line\/\"><div class=\"fill banner-link\"><\/div><\/a>            \n   <div id=\"text-box-1975908888\" class=\"text-box banner-layer x50 md-x50 lg-x100 y100 md-y100 lg-y50 res-text\">\n                     <div data-animate=\"none\">           <div class=\"text-box-content text \">\n              \n              <div class=\"text-inner text-left\">\n                  \n<h4>Finestre in PVC<\/h4>\n<h2><a href=\"\/it\/finestre\/finestre-in-pvc\/kubus-line\/\">Kubus Line<\/a><\/h2>\n<p>Per una casa moderna con pi\u00f9 luce, fornita da queste finestre dal design perfetto e dai profili semplici e squadrati, senza sgradevoli interruzioni di linea e con una superficie vetrata pi\u00f9 ampia del 10%.<\/p>\n              <\/div>\n           <\/div>\n       <\/div>                     \n<style>\n#text-box-1975908888 {\n  margin: 0 0px 0px 0px;\n  width: 100%;\n}\n#text-box-1975908888 .text-box-content {\n  background-color: rgba(255, 255, 255, 0.9);\n  font-size: 120%;\n}\n#text-box-1975908888 .text-inner {\n  padding: 6px 20px 6px 20px;\n}\n@media (min-width:550px) {\n  #text-box-1975908888 {\n    margin: 0 0px 0px 0px;\n    width: 100%;\n  }\n  #text-box-1975908888 .text-inner {\n    padding: 10px 30px 10px 30px;\n  }\n  #text-box-1975908888 .text-box-content {\n    font-size: 100%;\n  }\n}\n@media (min-width:850px) {\n  #text-box-1975908888 {\n    margin: 0px0 0px 0px 0px;\n    width: 45%;\n  }\n  #text-box-1975908888 .text-inner {\n    padding: 10px 30px 8px 30px;\n  }\n}\n<\/style>\n    <\/div>\n \n        <\/div>\n      <\/div>\n\n            \n<style>\n#banner-984607302 {\n  padding-top: 140%;\n  background-color: rgb(255,255,255);\n}\n#banner-984607302 .banner-bg img {\n  object-position: 12% 50%;\n}\n@media (min-width:550px) {\n  #banner-984607302 {\n    padding-top: 80%;\n  }\n}\n@media (min-width:850px) {\n  #banner-984607302 {\n    padding-top: 60%;\n  }\n}\n<\/style>\n  <\/div>\n\n\n\t\t<\/div>\n\t\t\t\t\t<\/div>\n\n\t\n\n<style>\n#row-1310403775 > .col > .col-inner {\n  padding: 0px 0px 0px 0px;\n}\n<\/style>\n<\/div>\n\t\t<\/div>\n\n\t\t\n<style>\n#section_894118794 {\n  padding-top: 0px;\n  padding-bottom: 0px;\n  margin-bottom: 0px;\n  min-height: 100%;\n}\n<\/style>\n\t<\/section>\n\t\n","protected":false},"excerpt":{"rendered":"","protected":false},"author":2,"featured_media":0,"parent":21840,"menu_order":4,"comment_status":"closed","ping_status":"closed","template":"page-blank.php","meta":{"_acf_changed":false,"footnotes":""},"class_list":["post-21873","page","type-page","status-publish","hentry"],"acf":[],"_links":{"self":[{"href":"https:\/\/www.mik-ce.si\/it\/wp-json\/wp\/v2\/pages\/21873","targetHints":{"allow":["GET"]}}],"collection":[{"href":"https:\/\/www.mik-ce.si\/it\/wp-json\/wp\/v2\/pages"}],"about":[{"href":"https:\/\/www.mik-ce.si\/it\/wp-json\/wp\/v2\/types\/page"}],"author":[{"embeddable":true,"href":"https:\/\/www.mik-ce.si\/it\/wp-json\/wp\/v2\/users\/2"}],"replies":[{"embeddable":true,"href":"https:\/\/www.mik-ce.si\/it\/wp-json\/wp\/v2\/comments?post=21873"}],"version-history":[{"count":0,"href":"https:\/\/www.mik-ce.si\/it\/wp-json\/wp\/v2\/pages\/21873\/revisions"}],"up":[{"embeddable":true,"href":"https:\/\/www.mik-ce.si\/it\/wp-json\/wp\/v2\/pages\/21840"}],"wp:attachment":[{"href":"https:\/\/www.mik-ce.si\/it\/wp-json\/wp\/v2\/media?parent=21873"}],"curies":[{"name":"wp","href":"https:\/\/api.w.org\/{rel}","templated":true}]}}