{"id":19547,"date":"2020-12-09T12:41:45","date_gmt":"2020-12-09T11:41:45","guid":{"rendered":"https:\/\/www.mik-ce.si\/cookies\/"},"modified":"2021-10-13T09:46:02","modified_gmt":"2021-10-13T07:46:02","slug":"cookies","status":"publish","type":"page","link":"https:\/\/www.mik-ce.si\/en\/cookies\/","title":{"rendered":"Cookies"},"content":{"rendered":"\n\t<section class=\"section\" id=\"section_1599103258\">\n\t\t<div class=\"section-bg fill\" >\n\t\t\t\t\t\t\t\t\t\n\t\t\t\n\n\t\t<\/div>\n\n\t\t\n\n\t\t<div class=\"section-content relative\">\n\t\t\t\n<div class=\"row\"  id=\"row-1696318727\">\n\n\t<div id=\"col-972707329\" class=\"col small-12 large-12\"  >\n\t\t\t\t<div class=\"col-inner\"  >\n\t\t\t\n\t\t\t\n<h1 class=\"liteHeadline\"><span style=\"font-size: 200%;\">Cookies<\/span><\/h1>\n\t<div id=\"gap-597651463\" class=\"gap-element clearfix\" style=\"display:block; height:auto;\">\n\t\t\n<style>\n#gap-597651463 {\n  padding-top: 30px;\n}\n<\/style>\n\t<\/div>\n\t\n<p>This Cookies Policy explains what Cookies are and how We use them. You should read this policy so You can understand what type of cookies We use, or the information We collect using Cookies and how that information is used.<\/p>\n<p>Cookies do not typically contain any information that personally identifies a user, but personal information that we store about You may be linked to the information stored in and obtained from Cookies. For further information on how We use, store and keep your personal data secure, see our Privacy Policy.<\/p>\n<p>We do not store sensitive personal information, such as mailing addresses, account passwords, etc. in the Cookies We use.<\/p>\n<h2>Interpretation<\/h2>\n<p>The words of which the initial letter is capitalized have meanings defined under the following conditions. The following definitions shall have the same meaning regardless of whether they appear in singular or in plural.<\/p>\n<h2>Definitions<\/h2>\n<p>For the purposes of this Cookies Policy:<\/p>\n<ul>\n<li><strong>Company<\/strong> (referred to as either \u201cthe Company\u201d, \u201cWe\u201d, \u201cUs\u201d or \u201cOur\u201d in this Cookies Policy) refers to MIK International Trade and Production Company, Ltd., Celjska cesta 55, SI-3212, Vojnik, Slovenia, Europa.<\/li>\n<li><strong>Cookies<\/strong> means small files that are placed on Your computer, mobile device or any other device by a website, containing details of your browsing history on that website among its many uses.<\/li>\n<li><strong>Website<\/strong> refers to MIK international, accessible from https:\/\/mik-int.com<\/li>\n<li><strong>You<\/strong> means the individual accessing or using the Website, or a company, or any legal entity on behalf of which such individual is accessing or using the Website, as applicable.<\/li>\n<\/ul>\n<h2>Type of Cookies We Use<\/h2>\n<p>Cookies can be \u201cPersistent\u201d or \u201cSession\u201d Cookies. Persistent Cookies remain on your personal computer or mobile device when You go offline, while Session Cookies are deleted as soon as You close your web browser.<\/p>\n<p>We use both session and persistent Cookies for the purposes set out below:<\/p>\n<ul>\n<li>\n<p><strong>Necessary \/ Essential Cookies<\/strong><\/p>\n<p>Type: Session Cookies<\/p>\n<p>Administered by: Us<\/p>\n<p>Purpose: These Cookies are essential to provide You with services available through the Website and to enable You to use some of its features. They help to authenticate users and prevent fraudulent use of user accounts. Without these Cookies, the services that You have asked for cannot be provided, and We only use these Cookies to provide You with those services.<\/p>\n<\/li>\n<li>\n<p><strong>Functionality Cookies<\/strong><\/p>\n<p>Type: Persistent Cookies<\/p>\n<p>Administered by: Us<\/p>\n<p>Purpose: These Cookies allow us to remember choices You make when You use the Website, such as remembering your login details or language preference. The purpose of these Cookies is to provide You with a more personal experience and to avoid You having to re-enter your preferences every time You use the Website.<\/p>\n<\/li>\n<\/ul>\n<h2>List of Cookies and Services used on Web site<\/h2>\n<div style=\"overflow-x: auto;\">\n<table style=\"width: 100%;\">\n<tbody>\n<tr>\n<th style=\"width: 15%;\"><span style=\"font-size: 15px;\">Name<\/span><\/th>\n<th style=\"width: 15%;\"><span style=\"font-size: 15px;\">Duration<\/span><\/th>\n<th style=\"width: 15%;\"><span style=\"font-size: 15px;\">Provider<\/span><\/th>\n<th style=\"width: 55%;\"><span style=\"font-size: 15px;\">Description<\/span><\/th>\n<\/tr>\n<tr>\n<td style=\"width: 15%;\"><span style=\"font-size: 15px;\">1P_JAR<\/span><\/td>\n<td style=\"width: 15%;\"><span style=\"font-size: 15px;\">30 days<\/span><\/td>\n<td style=\"width: 15%;\"><span style=\"font-size: 15px;\">Google<\/span><\/td>\n<td style=\"width: 55%;\">These cookies are used to collect site statistics and track conversion rates.<\/td>\n<\/tr>\n<tr>\n<td style=\"width: 15%;\"><span style=\"font-size: 15px;\">ANID<\/span><\/td>\n<td style=\"width: 15%;\"><span style=\"font-size: 15px;\">1 year<\/span><\/td>\n<td style=\"width: 15%;\"><span style=\"font-size: 15px;\">Google<\/span><\/td>\n<td style=\"width: 55%;\">Cookie is used for advertising served across the web and stored in google.com.<\/td>\n<\/tr>\n<tr>\n<td style=\"width: 15%;\"><span style=\"font-size: 15px;\">APISID<\/span><\/td>\n<td style=\"width: 15%;\"><span style=\"font-size: 15px;\">1 year<\/span><\/td>\n<td style=\"width: 15%;\"><span style=\"font-size: 15px;\">Google<\/span><\/td>\n<td style=\"width: 55%;\"><span style=\"font-size: 15px;\">Pi\u0161kotek, ki zagotavlja lastniku spletne strani, da zgradi profil uporabnika, glede na njegove interese, da lahko prikazuje prilagojene oglase na drugih spletnih straneh.<\/span><\/td>\n<\/tr>\n<tr>\n<td style=\"width: 15%;\"><span style=\"font-size: 15px;\">CONSENT<\/span><\/td>\n<td style=\"width: 15%;\"><span style=\"font-size: 15px;\">21 years<\/span><\/td>\n<td style=\"width: 15%;\"><span style=\"font-size: 15px;\">Google\/Youtube<\/span><\/td>\n<td style=\"width: 55%;\">It registers a unique ID to keep statistics for YouTube videos seen by the user.<\/td>\n<\/tr>\n<tr>\n<td style=\"width: 15%;\"><span style=\"font-size: 15px;\">HSID<\/span><\/td>\n<td style=\"width: 15%;\"><span style=\"font-size: 15px;\">2 years<\/span><\/td>\n<td style=\"width: 15%;\"><span style=\"font-size: 15px;\">Google<\/span><\/td>\n<td style=\"width: 55%;\"><span style=\"font-size: 15px;\">Pi\u0161kotek namenjen za varovanje Google ra\u010duna.<\/span><\/td>\n<\/tr>\n<tr>\n<td style=\"width: 15%;\"><span style=\"font-size: 15px;\">NID<\/span><\/td>\n<td style=\"width: 15%;\"><span style=\"font-size: 15px;\">6 months<\/span><\/td>\n<td style=\"width: 15%;\"><span style=\"font-size: 15px;\">Google<\/span><\/td>\n<td style=\"width: 55%;\"><span style=\"font-size: 15px;\">Shranjuje uporabni\u0161ke nastavitve in informacije pri ogledu strani, ki so vdelane z vsebino iz Google Zemljevidov.<\/span><\/td>\n<\/tr>\n<tr>\n<td style=\"width: 15%;\"><span style=\"font-size: 15px;\">SAPISID<\/span><\/td>\n<td style=\"width: 15%;\"><span style=\"font-size: 15px;\">2 years<\/span><\/td>\n<td style=\"width: 15%;\"><span style=\"font-size: 15px;\">Google<\/span><\/td>\n<td style=\"width: 55%;\">Used by for targeting purposes to build a profile of the website visitor\u2019s interests in order to show relevant &amp; personalised Google advertising.<\/td>\n<\/tr>\n<tr>\n<td style=\"width: 15%;\"><span style=\"font-size: 15px;\">SEARCH_SAMESITE<\/span><\/td>\n<td style=\"width: 15%;\"><span style=\"font-size: 15px;\">4 months<\/span><\/td>\n<td style=\"width: 15%;\"><span style=\"font-size: 15px;\">Google<\/span><\/td>\n<td style=\"width: 55%;\"><span style=\"font-size: 15px;\">Ohranjanja razli\u010dne informacije o iskanju in storitvah Google<\/span><\/td>\n<\/tr>\n<tr>\n<td style=\"width: 15%;\"><span style=\"font-size: 15px;\">SID<\/span><\/td>\n<td style=\"width: 15%;\"><span style=\"font-size: 15px;\">1 year<\/span><\/td>\n<td style=\"width: 15%;\"><span style=\"font-size: 15px;\">Google<\/span><\/td>\n<td style=\"width: 55%;\"><span style=\"font-size: 15px;\">Pi\u0161kotek, ki preverja pristnost Google uporabnikov, prepre\u010duje la\u017ene prijave ter \u0161\u010diti uporabni\u0161ke podatke pred nepoobla\u0161\u010denimi osebami.<\/span><\/td>\n<\/tr>\n<tr>\n<td style=\"width: 15%;\"><span style=\"font-size: 15px;\">SIDCC<\/span><\/td>\n<td style=\"width: 15%;\"><span style=\"font-size: 15px;\">3 months<\/span><\/td>\n<td style=\"width: 15%;\"><span style=\"font-size: 15px;\">Google<\/span><\/td>\n<td style=\"width: 55%;\">Security cookie to protect a user\u2019s data from unauthorized access.<\/td>\n<\/tr>\n<tr>\n<td style=\"width: 15%;\"><span style=\"font-size: 15px;\">SSID<\/span><\/td>\n<td style=\"width: 15%;\"><span style=\"font-size: 15px;\">2 years<\/span><\/td>\n<td style=\"width: 15%;\"><span style=\"font-size: 15px;\">Google<\/span><\/td>\n<td style=\"width: 55%;\"><span style=\"font-size: 15px;\">Ta pi\u0161kotek vsebuje informacije o tem, kako kon\u010dni uporabnik uporablja spletno mesto in kakr\u0161no koli ogla\u0161evanje, ki ga je kon\u010dni uporabnik morda videl pred obiskom omenjene spletne strani.<\/span><\/td>\n<\/tr>\n<tr>\n<td style=\"width: 15%;\"><span style=\"font-size: 15px;\">__Secure-3PAPISID<\/span><\/td>\n<td style=\"width: 15%;\"><span style=\"font-size: 15px;\">2 years<\/span><\/td>\n<td style=\"width: 15%;\"><span style=\"font-size: 15px;\">Google<\/span><\/td>\n<td style=\"width: 55%;\">Targeting cookie. Used by for targeting purposes to build a profile of the website visitor\u2019s interests in order to show relevant &amp; personalised Google advertising.<\/td>\n<\/tr>\n<tr>\n<td style=\"width: 15%;\"><span style=\"font-size: 15px;\">__Secure-3PSID<\/span><\/td>\n<td style=\"width: 15%;\"><span style=\"font-size: 15px;\">2 years<\/span><\/td>\n<td style=\"width: 15%;\"><span style=\"font-size: 15px;\">Google<\/span><\/td>\n<td style=\"width: 55%;\">Targeting cookie. Used by for targeting purposes to build a profile of the website visitor\u2019s interests in order to show relevant &amp; personalised Google advertising.<\/td>\n<\/tr>\n<tr>\n<td style=\"width: 15%;\"><span style=\"font-size: 15px;\">__Secure-3PSIDCC<\/span><\/td>\n<td style=\"width: 15%;\"><span style=\"font-size: 15px;\">2 years<\/span><\/td>\n<td style=\"width: 15%;\"><span style=\"font-size: 15px;\">Google<\/span><\/td>\n<td style=\"width: 55%;\">Targeting cookie. Used by for targeting purposes to build a profile of the website visitor\u2019s interests in order to show relevant &amp; personalised Google advertising.<\/td>\n<\/tr>\n<tr>\n<td style=\"width: 15%;\"><span style=\"font-size: 15px;\">__smListBuilderShown<\/span><\/td>\n<td style=\"width: 15%;\"><span style=\"font-size: 15px;\">30 let<\/span><\/td>\n<td style=\"width: 15%;\"><span style=\"font-size: 15px;\">Sumo<\/span><\/td>\n<td style=\"width: 55%;\"><span style=\"font-size: 15px;\">This cookie is set when the List Builder is shown on website.<\/span><\/td>\n<\/tr>\n<tr>\n<td style=\"width: 15%;\"><span style=\"font-size: 15px;\">__smToken<\/span><\/td>\n<td style=\"width: 15%;\"><span style=\"font-size: 15px;\">1 year<\/span><\/td>\n<td style=\"width: 15%;\"><span style=\"font-size: 15px;\">Sumo<\/span><\/td>\n<td style=\"width: 55%;\"><span style=\"font-size: 15px;\">This cookie is set by Sumo to verify whether the end user is logged in or not.<\/span><\/td>\n<\/tr>\n<tr>\n<td style=\"width: 15%;\"><span style=\"font-size: 15px;\">__smVID<\/span><\/td>\n<td style=\"width: 15%;\"><span style=\"font-size: 15px;\">1 month<\/span><\/td>\n<td style=\"width: 15%;\"><span style=\"font-size: 15px;\">Sumo<\/span><\/td>\n<td style=\"width: 55%;\"><span style=\"font-size: 15px;\">Necessary for the sign-up function on the website. This function is provided by Sumo.<\/span><\/td>\n<\/tr>\n<tr>\n<td style=\"width: 15%;\"><span style=\"font-size: 15px;\">_ga<\/span><\/td>\n<td style=\"width: 15%;\"><span style=\"font-size: 15px;\">2 years<\/span><\/td>\n<td style=\"width: 15%;\"><span style=\"font-size: 15px;\">Google<\/span><\/td>\n<td style=\"width: 55%;\"><span style=\"font-size: 15px;\">Edinstveni identifikator, ki je dodeljen vsakemu brskalniku za sledenje interakcijam uporabnikov s spletnim mestom.<\/span><\/td>\n<\/tr>\n<tr>\n<td style=\"width: 15%;\"><span style=\"font-size: 15px;\">_gat_UA-[#]<\/span><\/td>\n<td style=\"width: 15%;\"><span style=\"font-size: 15px;\">Do konca seje<\/span><\/td>\n<td style=\"width: 15%;\"><span style=\"font-size: 15px;\">Google<\/span><\/td>\n<td style=\"width: 55%;\"><span style=\"font-size: 15px;\">Pi\u0161kotek, ki omejuje \u0161tevilo zahtev, opravljenih prek Googla.<\/span><\/td>\n<\/tr>\n<tr>\n<td style=\"width: 15%;\"><span style=\"font-size: 15px;\">_gid<\/span><\/td>\n<td style=\"width: 15%;\"><span style=\"font-size: 15px;\">Sejni pi\u0161kotek<\/span><\/td>\n<td style=\"width: 15%;\"><span style=\"font-size: 15px;\">Google<\/span><\/td>\n<td style=\"width: 55%;\"><span style=\"font-size: 15px;\">Registrira edinstven ID, ki se uporablja za ustvarjanje statisti\u010dnih podatkov o tem, kako obiskovalec uporablja spletno mesto.<\/span><\/td>\n<\/tr>\n<tr>\n<td style=\"width: 15%;\"><span style=\"font-size: 15px;\">ct-ultimate-gdpr-cookie<\/span><\/td>\n<td style=\"width: 15%;\"><span style=\"font-size: 15px;\">1 year<\/span><\/td>\n<td style=\"width: 15%;\"><span style=\"font-size: 15px;\">Ultimate GDPR<\/span><\/td>\n<td style=\"width: 55%;\"><span style=\"font-size: 15px;\">Uporabnikove nastavitve zasebnosti (ali sprejema pi\u0161kotke ali ne in kak\u0161no skupino pi\u0161kotkov).<\/span><\/td>\n<\/tr>\n<tr>\n<td style=\"width: 15%;\"><span style=\"font-size: 15px;\">ct-ultimate-gdpr-cookie-level<\/span><\/td>\n<td style=\"width: 15%;\"><span style=\"font-size: 15px;\">1 year<\/span><\/td>\n<td style=\"width: 15%;\"><span style=\"font-size: 15px;\">Ultimate GDPR<\/span><\/td>\n<td style=\"width: 55%;\"><span style=\"font-size: 15px;\">Uporabnikove nastavitve zasebnosti (ali sprejema pi\u0161kotke ali ne in kak\u0161no skupino pi\u0161kotkov).<\/span><\/td>\n<\/tr>\n<\/tbody>\n<\/table>\n<\/div>\n\t<div id=\"gap-877436673\" class=\"gap-element clearfix\" style=\"display:block; height:auto;\">\n\t\t\n<style>\n#gap-877436673 {\n  padding-top: 30px;\n}\n<\/style>\n\t<\/div>\n\t\n<div id=\"subtxt\">\n<h2>Your Choices Regarding Cookies<\/h2>\n<p>If You prefer to avoid the use of Cookies on the Website, first You must disable the use of Cookies in your browser and then delete the Cookies saved in your browser associated with this website. You may use this option for preventing the use of Cookies at any time.<\/p>\n<p>If You do not accept Our Cookies, You may experience some inconvenience in your use of the Website and some features may not function properly.<\/p>\n<p>If You\u2019d like to delete Cookies or instruct your web browser to delete or refuse Cookies, please visit the help pages of your web browser:<\/p>\n<div id=\"subtxt\">\n<p><a href=\"https:\/\/support.google.com\/chrome\/answer\/95647?hl=en&amp;p=cpn_cookies\" target=\"_blank\" rel=\"noopener noreferrer\">Chrome<\/a><br \/><a href=\"https:\/\/support.mozilla.org\/en-US\/products\/firefox\/protect-your-privacy\/cookies\" target=\"_blank\" rel=\"noopener noreferrer\">Firefox<\/a><br \/><a href=\"https:\/\/support.microsoft.com\/en-us\/windows\/delete-and-manage-cookies-168dab11-0753-043d-7c16-ede5947fc64d\" target=\"_blank\" rel=\"noopener\">Internet Explorer<\/a><br \/><a href=\"https:\/\/help.opera.com\/en\/latest\/web-preferences\/#cookies\" target=\"_blank\" rel=\"noopener noreferrer\">Opera<\/a><br \/><a href=\"https:\/\/support.apple.com\/en-gb\/guide\/safari\/sfri11471\/mac\" target=\"_blank\" rel=\"noopener noreferrer\">Safari<\/a><\/p>\n<h2>More Information about Cookies<\/h2>\n<p>You can learn more about cookies: <strong><a href=\"https:\/\/www.freeprivacypolicy.com\/blog\/cookies\/\" target=\"_blank\" rel=\"noopener noreferrer\">Cookies: What Do They Do?<\/a><\/strong>.<\/p>\n<h2>Contact Us<\/h2>\n<p>If you have any questions about this Cookies Policy, You can contact us via email at <a href=\"mailto:mik@mik-ce.si\">mik(at)mik-ce.si<\/a>.<\/p>\n<\/div>\n<\/div>\n\t\t<\/div>\n\t\t\t\t\t<\/div>\n\n\t\n<\/div>\n\t\t<\/div>\n\n\t\t\n<style>\n#section_1599103258 {\n  padding-top: 30px;\n  padding-bottom: 30px;\n}\n<\/style>\n\t<\/section>\n\t\n","protected":false},"excerpt":{"rendered":"","protected":false},"author":5,"featured_media":0,"parent":0,"menu_order":37,"comment_status":"closed","ping_status":"closed","template":"page-blank.php","meta":{"_acf_changed":false,"footnotes":""},"class_list":["post-19547","page","type-page","status-publish","hentry"],"acf":[],"_links":{"self":[{"href":"https:\/\/www.mik-ce.si\/en\/wp-json\/wp\/v2\/pages\/19547","targetHints":{"allow":["GET"]}}],"collection":[{"href":"https:\/\/www.mik-ce.si\/en\/wp-json\/wp\/v2\/pages"}],"about":[{"href":"https:\/\/www.mik-ce.si\/en\/wp-json\/wp\/v2\/types\/page"}],"author":[{"embeddable":true,"href":"https:\/\/www.mik-ce.si\/en\/wp-json\/wp\/v2\/users\/5"}],"replies":[{"embeddable":true,"href":"https:\/\/www.mik-ce.si\/en\/wp-json\/wp\/v2\/comments?post=19547"}],"version-history":[{"count":0,"href":"https:\/\/www.mik-ce.si\/en\/wp-json\/wp\/v2\/pages\/19547\/revisions"}],"wp:attachment":[{"href":"https:\/\/www.mik-ce.si\/en\/wp-json\/wp\/v2\/media?parent=19547"}],"curies":[{"name":"wp","href":"https:\/\/api.w.org\/{rel}","templated":true}]}}