{"id":26419,"date":"2021-11-23T10:56:20","date_gmt":"2021-11-23T09:56:20","guid":{"rendered":"https:\/\/www.mik-ce.si\/anfrage-senden\/"},"modified":"2026-02-03T09:13:51","modified_gmt":"2026-02-03T08:13:51","slug":"anfrage-senden","status":"publish","type":"page","link":"https:\/\/www.mik-ce.si\/de\/anfrage-senden\/","title":{"rendered":"Anfrage senden"},"content":{"rendered":"\n\t<section class=\"section\" id=\"section_2097280312\">\n\t\t<div class=\"section-bg fill\" >\n\t\t\t\t\t\t\t\t\t\n\t\t\t\n\n\t\t<\/div>\n\n\t\t\n\n\t\t<div class=\"section-content relative\">\n\t\t\t\n<div class=\"row\"  id=\"row-189445743\">\n\n\t<div id=\"col-919598181\" class=\"col small-12 large-12\"  >\n\t\t\t\t<div class=\"col-inner\"  >\n\t\t\t\n\t\t\t\n<h1 class=\"liteHeadline\" style=\"text-align: left;\"><span style=\"font-size: 200%;\">Kontakt<\/span><\/h1>\n\t\t<\/div>\n\t\t\t\t\n<style>\n#col-919598181 > .col-inner {\n  margin: 30px 0px -15px 0px;\n}\n<\/style>\n\t<\/div>\n\n\t\n\n\t<div id=\"col-2118762078\" class=\"col medium-6 small-12 large-6\"  >\n\t\t\t\t<div class=\"col-inner\"  >\n\t\t\t\n\t\t\t\n<h3 style=\"text-transform: uppercase;\"><strong>Hauptsitz<\/strong><\/h3>\n<p><span style=\"font-size: 110%;\"><strong>MIK International Trade &amp; Production d.o.o.<\/strong><\/span><br \/><span style=\"font-size: 110%;\">Celjska cesta 55<\/span><br \/><span style=\"font-size: 110%;\">3212 Vojnik<\/span><br \/><span style=\"font-size: 110%;\">Slovenija, Europe<\/span><\/p>\n<p><span style=\"font-size: 110%;\">t: <a href=\"tel:00386 3 425 50 50\">+386 3 425 50 50<\/a><\/span><br \/><span style=\"font-size: 110%;\">e: <a href=\"mailto:mik@mik-ce.si\">mik(at)mik-ce.si<\/a><\/span><\/p>\n\t<div id=\"gap-936385776\" class=\"gap-element clearfix\" style=\"display:block; height:auto;\">\n\t\t\n<style>\n#gap-936385776 {\n  padding-top: 20px;\n}\n<\/style>\n\t<\/div>\n\t\n\t<div class=\"img has-hover x md-x lg-x y md-y lg-y\" id=\"image_1065981643\">\n\t\t\t\t\t\t\t\t<div class=\"img-inner dark\" >\n\t\t\t<img decoding=\"async\" width=\"760\" height=\"570\" src=\"https:\/\/www.mik-ce.si\/wp-content\/uploads\/2020\/11\/MIK-Celje-building-outside-west.jpg\" class=\"attachment-large size-large\" alt=\"\" srcset=\"https:\/\/www.mik-ce.si\/wp-content\/uploads\/2020\/11\/MIK-Celje-building-outside-west.jpg 760w, https:\/\/www.mik-ce.si\/wp-content\/uploads\/2020\/11\/MIK-Celje-building-outside-west-533x400.jpg 533w\" sizes=\"(max-width: 760px) 100vw, 760px\" \/>\t\t\t\t\t\t\n\t\t\t\t\t<\/div>\n\t\t\t\t\t\t\t\t\n<style>\n#image_1065981643 {\n  width: 100%;\n}\n<\/style>\n\t<\/div>\n\t\n\t<div id=\"gap-1073357001\" class=\"gap-element clearfix\" style=\"display:block; height:auto;\">\n\t\t\n<style>\n#gap-1073357001 {\n  padding-top: 30px;\n}\n<\/style>\n\t<\/div>\n\t\n\t<div class=\"img has-hover x md-x lg-x y md-y lg-y\" id=\"image_1681258299\">\n\t\t\t\t\t\t\t\t<div class=\"img-inner dark\" >\n\t\t\t<img decoding=\"async\" width=\"760\" height=\"570\" src=\"https:\/\/www.mik-ce.si\/wp-content\/uploads\/2020\/11\/MIK-Celje-building-outside-east.jpg\" class=\"attachment-large size-large\" alt=\"\" srcset=\"https:\/\/www.mik-ce.si\/wp-content\/uploads\/2020\/11\/MIK-Celje-building-outside-east.jpg 760w, https:\/\/www.mik-ce.si\/wp-content\/uploads\/2020\/11\/MIK-Celje-building-outside-east-533x400.jpg 533w\" sizes=\"(max-width: 760px) 100vw, 760px\" \/>\t\t\t\t\t\t\n\t\t\t\t\t<\/div>\n\t\t\t\t\t\t\t\t\n<style>\n#image_1681258299 {\n  width: 100%;\n}\n<\/style>\n\t<\/div>\n\t\n\t\t<\/div>\n\t\t\t\t\t<\/div>\n\n\t\n\n\t<div id=\"col-1677310229\" class=\"col medium-6 small-12 large-6\"  >\n\t\t\t\t<div class=\"col-inner box-shadow-1 box-shadow-3-hover\" style=\"background-color:rgb(255,255,255);\" >\n\t\t\t\n\t\t\t\n<h3 class=\"uppercase\"><span style=\"font-size: 160%;\"><b>Holen Sie sich ein Angebot<\/b><\/span><\/h3>\n<h3>Sie k\u00f6nnen gerne ein Formular ausf\u00fcllen<\/h3>\n\n<div class=\"wpcf7 no-js\" id=\"wpcf7-f21752-o1\" lang=\"de-DE\" dir=\"ltr\" data-wpcf7-id=\"21752\">\n<div class=\"screen-reader-response\"><p role=\"status\" aria-live=\"polite\" aria-atomic=\"true\"><\/p> <ul><\/ul><\/div>\n<form action=\"\/de\/wp-json\/wp\/v2\/pages\/26419#wpcf7-f21752-o1\" method=\"post\" class=\"wpcf7-form init\" aria-label=\"Kontaktformular\" enctype=\"multipart\/form-data\" novalidate=\"novalidate\" data-status=\"init\">\n<fieldset class=\"hidden-fields-container\"><input type=\"hidden\" name=\"_wpcf7\" value=\"21752\" \/><input type=\"hidden\" name=\"_wpcf7_version\" value=\"6.1.5\" \/><input type=\"hidden\" name=\"_wpcf7_locale\" value=\"de_DE\" \/><input type=\"hidden\" name=\"_wpcf7_unit_tag\" value=\"wpcf7-f21752-o1\" \/><input type=\"hidden\" name=\"_wpcf7_container_post\" value=\"0\" \/><input type=\"hidden\" name=\"_wpcf7_posted_data_hash\" value=\"\" \/><input type=\"hidden\" name=\"_wpcf7cf_hidden_group_fields\" value=\"[]\" \/><input type=\"hidden\" name=\"_wpcf7cf_hidden_groups\" value=\"[]\" \/><input type=\"hidden\" name=\"_wpcf7cf_visible_groups\" value=\"[]\" \/><input type=\"hidden\" name=\"_wpcf7cf_repeaters\" value=\"[]\" \/><input type=\"hidden\" name=\"_wpcf7cf_steps\" value=\"{}\" \/><input type=\"hidden\" name=\"_wpcf7cf_options\" value=\"{&quot;form_id&quot;:21752,&quot;conditions&quot;:[],&quot;settings&quot;:{&quot;animation&quot;:&quot;yes&quot;,&quot;animation_intime&quot;:200,&quot;animation_outtime&quot;:200,&quot;conditions_ui&quot;:&quot;normal&quot;,&quot;notice_dismissed&quot;:false,&quot;notice_dismissed_update-cf7-5.6&quot;:true,&quot;notice_dismissed_update-cf7-5.6.2&quot;:true,&quot;notice_dismissed_update-cf7-5.6.3&quot;:true,&quot;notice_dismissed_update-cf7-5.6.4&quot;:true,&quot;notice_dismissed_update-cf7-5.7.2&quot;:true,&quot;notice_dismissed_update-cf7-5.7.5.1&quot;:true,&quot;notice_dismissed_update-cf7-5.7.6&quot;:true,&quot;notice_dismissed_update-cf7-5.7.7&quot;:true,&quot;notice_dismissed_update-cf7-5.8&quot;:true,&quot;notice_dismissed_update-cf7-5.8.2&quot;:true,&quot;notice_dismissed_update-cf7-5.8.3&quot;:true,&quot;notice_dismissed_update-cf7-5.8.4&quot;:true,&quot;notice_dismissed_update-cf7-5.8.5&quot;:true,&quot;notice_dismissed_update-cf7-5.8.7&quot;:true,&quot;notice_dismissed_rollback-cf7-5.9.3&quot;:true,&quot;notice_dismissed_rollback-cf7-5.9.5&quot;:true,&quot;notice_dismissed_update-cf7-6.0&quot;:true,&quot;notice_dismissed_update-cf7-6.0.1&quot;:true}}\" \/><input type=\"hidden\" name=\"_wpcf7_recaptcha_response\" value=\"\" \/>\n<\/fieldset>\n<input class=\"wpcf7-form-control wpcf7-hidden\" value=\"EVERGREEN\" type=\"hidden\" name=\"mkt-akcija\" \/>\n<input class=\"wpcf7-form-control wpcf7-hidden\" value=\"www.mik-ce.si\/de\" type=\"hidden\" name=\"siteURL\" \/>\n<input class=\"wpcf7-form-control wpcf7-hidden\" value=\"DE\" type=\"hidden\" name=\"jezik\" \/>\n<input class=\"wpcf7-form-control wpcf7-hidden\" value=\"Anfrage senden (21752)\" type=\"hidden\" name=\"imeObrazca\" \/>\n\n<span class=\"wpcf7-form-control-wrap\" data-name=\"ime-priimek\"><input size=\"40\" maxlength=\"400\" class=\"wpcf7-form-control wpcf7-text wpcf7-validates-as-required\" aria-required=\"true\" aria-invalid=\"false\" placeholder=\"Vor- und Nachname...*\" value=\"\" type=\"text\" name=\"ime-priimek\" \/><\/span>\n<span class=\"wpcf7-form-control-wrap\" data-name=\"email\"><input size=\"40\" maxlength=\"400\" class=\"wpcf7-form-control wpcf7-email wpcf7-validates-as-required wpcf7-text wpcf7-validates-as-email\" aria-required=\"true\" aria-invalid=\"false\" placeholder=\"E-Mail...*\" value=\"\" type=\"email\" name=\"email\" \/><\/span>\n<span class=\"wpcf7-form-control-wrap\" data-name=\"phone\"><input size=\"40\" maxlength=\"400\" class=\"wpcf7-form-control wpcf7-text wpcf7-validates-as-required\" aria-required=\"true\" aria-invalid=\"false\" placeholder=\"Telefonnummer...*\" value=\"\" type=\"text\" name=\"phone\" \/><\/span>\n<span class=\"wpcf7-form-control-wrap\" data-name=\"postna\"><input size=\"40\" maxlength=\"400\" class=\"wpcf7-form-control wpcf7-text wpcf7-validates-as-required\" aria-required=\"true\" aria-invalid=\"false\" placeholder=\"Postleitzahl...*\" value=\"\" type=\"text\" name=\"postna\" \/><\/span>\n<span class=\"wpcf7-form-control-wrap\" data-name=\"kraj\"><input size=\"40\" maxlength=\"400\" class=\"wpcf7-form-control wpcf7-text wpcf7-validates-as-required\" aria-required=\"true\" aria-invalid=\"false\" placeholder=\"Ort...*\" value=\"\" type=\"text\" name=\"kraj\" \/><\/span>\n\u00a0<\/br>\n\n<h5 style=\"font-weight: 700;\">GEB\u00c4UDETYP: *<\/h5>\n<span class=\"wpcf7-form-control-wrap\" data-name=\"vrsta\"><span class=\"wpcf7-form-control wpcf7-radio\"><span class=\"wpcf7-list-item first\"><input type=\"radio\" name=\"vrsta\" value=\"neues Geb\u00e4ude\" checked=\"checked\" \/><span class=\"wpcf7-list-item-label\">neues Geb\u00e4ude<\/span><\/span><span class=\"wpcf7-list-item last\"><input type=\"radio\" name=\"vrsta\" value=\"Renovierung\" \/><span class=\"wpcf7-list-item-label\">Renovierung<\/span><\/span><\/span><\/span>\n\u00a0<\/br>\n\n<h5 style=\"font-weight: 700;\">FENSTERTYP: *<\/h5>\n<span class=\"wpcf7-form-control-wrap\" data-name=\"tip\"><span class=\"wpcf7-form-control wpcf7-radio\"><span class=\"wpcf7-list-item first\"><input type=\"radio\" name=\"tip\" value=\"PVC-Fenster\" checked=\"checked\" \/><span class=\"wpcf7-list-item-label\">PVC-Fenster<\/span><\/span><span class=\"wpcf7-list-item\"><input type=\"radio\" name=\"tip\" value=\"Holzfenster\" \/><span class=\"wpcf7-list-item-label\">Holzfenster<\/span><\/span><span class=\"wpcf7-list-item\"><input type=\"radio\" name=\"tip\" value=\"HOLZ-ALU-Fenster\" \/><span class=\"wpcf7-list-item-label\">HOLZ-ALU-Fenster<\/span><\/span><span class=\"wpcf7-list-item last\"><input type=\"radio\" name=\"tip\" value=\"ALU-Fenster\" \/><span class=\"wpcf7-list-item-label\">ALU-Fenster<\/span><\/span><\/span><\/span>\n\u00a0<\/br>\n\n<h5 style=\"font-weight: 700;\">AUSSERDEM INTERESSIERE ICH MICH AUCH F\u00dcR: *<\/h5>\n<span class=\"wpcf7-form-control-wrap\" data-name=\"zanimanje1\"><span class=\"wpcf7-form-control wpcf7-checkbox\"><span class=\"wpcf7-list-item first\"><input type=\"checkbox\" name=\"zanimanje1[]\" value=\"Sonnenschutz\" checked=\"checked\" \/><span class=\"wpcf7-list-item-label\">Sonnenschutz<\/span><\/span><span class=\"wpcf7-list-item\"><input type=\"checkbox\" name=\"zanimanje1[]\" value=\"T\u00fcren\" \/><span class=\"wpcf7-list-item-label\">T\u00fcren<\/span><\/span><span class=\"wpcf7-list-item\"><input type=\"checkbox\" name=\"zanimanje1[]\" value=\"Garagentore\" \/><span class=\"wpcf7-list-item-label\">Garagentore<\/span><\/span><span class=\"wpcf7-list-item last\"><input type=\"checkbox\" name=\"zanimanje1[]\" value=\"Bel\u00fcftung\" \/><span class=\"wpcf7-list-item-label\">Bel\u00fcftung<\/span><\/span><\/span><\/span>\n\u00a0<\/br>\n\n<h5 style=\"font-weight: 700;\">WANN PLANEN SIE EINE INVESTITION? *<\/h5>\n<span class=\"wpcf7-form-control-wrap\" data-name=\"investicija\"><span class=\"wpcf7-form-control wpcf7-radio\"><span class=\"wpcf7-list-item first\"><input type=\"radio\" name=\"investicija\" value=\"jetzt\" checked=\"checked\" \/><span class=\"wpcf7-list-item-label\">jetzt<\/span><\/span><span class=\"wpcf7-list-item\"><input type=\"radio\" name=\"investicija\" value=\"in 3 Monaten\" \/><span class=\"wpcf7-list-item-label\">in 3 Monaten<\/span><\/span><span class=\"wpcf7-list-item last\"><input type=\"radio\" name=\"investicija\" value=\"mehr als 6 Monate\" \/><span class=\"wpcf7-list-item-label\">mehr als 6 Monate<\/span><\/span><\/span><\/span>\n\u00a0<\/br>\n\n<h5 style=\"font-weight: 700;\">WIE HABEN SIE VON MIK ERFAHREN? *<\/h5>\n<span class=\"wpcf7-form-control-wrap\" data-name=\"mkt_vir\"><select class=\"wpcf7-form-control wpcf7-select wpcf7-validates-as-required\" aria-required=\"true\" aria-invalid=\"false\" name=\"mkt_vir\"><option value=\"\">&#8211; Bitte ausw\u00e4hlen &#8211;<\/option><option value=\"Facebook\">Facebook<\/option><option value=\"Instagram\">Instagram<\/option><option value=\"Google\">Google<\/option><option value=\"TV\">TV<\/option><option value=\"Print ad\">Print ad<\/option><option value=\"Empfehlung eines Freundes\">Empfehlung eines Freundes<\/option><\/select><\/span>\n\u00a0<\/br>\n<span class=\"wpcf7-form-control-wrap\" data-name=\"sporocilo\"><textarea cols=\"40\" rows=\"10\" maxlength=\"2000\" class=\"wpcf7-form-control wpcf7-textarea\" aria-invalid=\"false\" placeholder=\"Botschaft...\" name=\"sporocilo\"><\/textarea><\/span>\n\u00a0<\/br>\n\n<h4>Laden Sie bis zu 3 Dateien hoch (.pdf .jpg oder .png; bis zu 5\u00a0MB):<\/h4>\u00a0\u00a0<\/br>\n<span class=\"wpcf7-form-control-wrap\" data-name=\"Datoteka1\"><input size=\"40\" class=\"wpcf7-form-control wpcf7-file\" accept=\".pdf,.png,.jpg,.jpeg\" aria-invalid=\"false\" type=\"file\" name=\"Datoteka1\" \/><\/span>\u00a0\u00a0<\/br>\n<span class=\"wpcf7-form-control-wrap\" data-name=\"Datoteka2\"><input size=\"40\" class=\"wpcf7-form-control wpcf7-file\" accept=\".pdf,.png,.jpg,.jpeg\" aria-invalid=\"false\" type=\"file\" name=\"Datoteka2\" \/><\/span>\u00a0\u00a0<\/br>\n<span class=\"wpcf7-form-control-wrap\" data-name=\"Datoteka3\"><input size=\"40\" class=\"wpcf7-form-control wpcf7-file\" accept=\".pdf,.png,.jpg,.jpeg\" aria-invalid=\"false\" type=\"file\" name=\"Datoteka3\" \/><\/span>\u00a0\u00a0<\/br>\n\n<h5 style=\"font-weight: 700;\">Ja, ich stimme den <a href=\"\/de\/allgemeine-geschaeftsbedingungen\/\" target=\"_blank\">Allgemeinen Gesch\u00e4ftsbedingungen<\/a> zu.<\/h5>\n<span class=\"wpcf7-form-control-wrap\" data-name=\"Pogoj1\"><span class=\"wpcf7-form-control wpcf7-checkbox wpcf7-validates-as-required\"><span class=\"wpcf7-list-item first last\"><input type=\"checkbox\" name=\"Pogoj1[]\" value=\"Da\" checked=\"checked\" \/><span class=\"wpcf7-list-item-label\">Da<\/span><\/span><\/span><\/span>\n\u00a0<\/br>\n\n<h6 style=\"font-weight: 700;\">ZUSTIMMUNG ZUR VERWENDUNG PERS\u00d6NLICHER DATEN AUF DEM ANGEBOT *<\/h6>\n<span class=\"wpcf7-form-control-wrap\" data-name=\"soglasje-ponudba\"><span class=\"wpcf7-form-control wpcf7-radio\"><span class=\"wpcf7-list-item first\"><input type=\"radio\" name=\"soglasje-ponudba\" value=\"Ja\" checked=\"checked\" \/><span class=\"wpcf7-list-item-label\">Ja<\/span><\/span><span class=\"wpcf7-list-item last\"><input type=\"radio\" name=\"soglasje-ponudba\" value=\"Nein\" \/><span class=\"wpcf7-list-item-label\">Nein<\/span><\/span><\/span><\/span>\n<div class=\"row\"  id=\"row-145600881\">\r\n\r\n\n\t<div id=\"col-1197258163\" class=\"col small-12 large-12\"  >\n\t\t\t\t<div class=\"col-inner\"  >\n\t\t\t\n\t\t\t\r\n\r\n<div class=\"accordion small-text\">\r\n\r\n\t<div id=\"accordion-756192714\" class=\"accordion-item\">\n\t\t<a id=\"accordion-756192714-label\" class=\"accordion-title plain\" href=\"#accordion-item-zustimmung-zur-verwendung-personenbezogener-daten-im-angebot\" aria-expanded=\"false\" aria-controls=\"accordion-756192714-content\">\n\t\t\t<button class=\"toggle\" aria-label=\"Umschalten\"><i class=\"icon-angle-down\" aria-hidden=\"true\"><\/i><\/button>\n\t\t\t<span>Zustimmung zur Verwendung personenbezogener Daten im Angebot<\/span>\n\t\t<\/a>\n\t\t<div id=\"accordion-756192714-content\" class=\"accordion-inner\" aria-labelledby=\"accordion-756192714-label\">\n\t\t\t\r\n\r\n<p><strong>Ja, <\/strong> ich stimme zu, dass meine pers\u00f6nlichen Daten dazu verwendet werden k\u00f6nnen, ein Angebot aufgrund meiner Anfrage zu erstellen.<\/p>\r\n<p>Durch Ausf\u00fcllung dieser Anfrage und der Zustimmung erkl\u00e4re ich mich einverstanden und gebe dem Unternehmen MIK, d.o.o. meine Einwilligung bis auf Widerruf f\u00fcr die Verarbeitung und Verwendung meiner personenbezogenen Daten, die auf der Grundlage der ausgef\u00fcllten Anfrage verarbeitet und verwendet werden nur zur Vorbereitung und Koordinierung des von mir angeforderten Angebots.<\/p>\r\n&nbsp;\r\n<br>\r\n<p><strong>Nein,<\/strong> ich gebe keine Zustimmung.<\/p>\r\n\r\n\r\n\t\t<\/div>\n\t<\/div>\n\t\r\n\r\n<\/div>\r\n\r\n\t\t<\/div>\n\t\t\t\t\t<\/div>\n\n\t\r\n\r\n<\/div>\n\u00a0<\/br>\n<h6 style=\"font-weight: 700;\">ZUSTIMMUNG ZUM ERHALTEN VOM NEWSLETTER UND AKTUELLEN ANGEBOTEN *<\/h6>\n<span class=\"wpcf7-form-control-wrap\" data-name=\"soglasje-novice\"><span class=\"wpcf7-form-control wpcf7-radio\"><span class=\"wpcf7-list-item first\"><input type=\"radio\" name=\"soglasje-novice\" value=\"Ja\" checked=\"checked\" \/><span class=\"wpcf7-list-item-label\">Ja<\/span><\/span><span class=\"wpcf7-list-item last\"><input type=\"radio\" name=\"soglasje-novice\" value=\"Nein\" \/><span class=\"wpcf7-list-item-label\">Nein<\/span><\/span><\/span><\/span>\n<div class=\"row\"  id=\"row-1923310114\">\r\n\r\n\n\t<div id=\"col-1192081454\" class=\"col small-12 large-12\"  >\n\t\t\t\t<div class=\"col-inner\"  >\n\t\t\t\n\t\t\t\r\n\r\n<div class=\"accordion small-text\">\r\n\r\n\t<div id=\"accordion-2766035968\" class=\"accordion-item\">\n\t\t<a id=\"accordion-2766035968-label\" class=\"accordion-title plain\" href=\"#accordion-item-zustimmung-zum-erhalt-von-neuigkeiten-und-aktuellen-angebotsbenachrichtigungen\" aria-expanded=\"false\" aria-controls=\"accordion-2766035968-content\">\n\t\t\t<button class=\"toggle\" aria-label=\"Umschalten\"><i class=\"icon-angle-down\" aria-hidden=\"true\"><\/i><\/button>\n\t\t\t<span>Zustimmung zum Erhalt von Neuigkeiten und aktuellen Angebotsbenachrichtigungen<\/span>\n\t\t<\/a>\n\t\t<div id=\"accordion-2766035968-content\" class=\"accordion-inner\" aria-labelledby=\"accordion-2766035968-label\">\n\t\t\t\r\n\r\n<p><strong>Ja,<\/strong> ich m\u00f6chte MIK-Nachrichten, Bildungsinhalte und Benachrichtigungen \u00fcber das aktuelle MIK-Angebot erhalten d. o. o.<\/p>\r\n<p>Durch die Zustimmung gebe ich dem Unternehmen MIK d. o. o. meine Einwilligung bis auf Widerruf, auf der Grundlage der ausgef\u00fcllten Anfrage, f\u00fcr die Verarbeitung meiner personenbezogenen Daten, meine Teilnahme an Gewinnspielen und Veranstaltungen in der Organisation oder Co-Organisation von MIK d. o. o. (gesellschaftliche Ereignisse, Wohlt\u00e4tigkeit-Radtouren, Ausstellungen, Messen und andere Veranstaltungen), meine Verwendung der Onlinedienste von MIK d. o. o., meine anderen gesch\u00e4ftlichen Interaktionen mit MIK d. o. o. f\u00fcr Forschungs- und Verkaufsf\u00f6rderungsma\u00dfnahmen, Direktmarketing. Dies beinhaltet die Erstellung personalisierten Angebote, basierend auf der Einsch\u00e4tzung meiner Interessen, meiner wirtschaftlichen Situation, meiner Bed\u00fcrfnisse, etc. per regul\u00e4rer und elektronischer Post, Kurznachrichten und MMS sowie per Telefon.<\/p>\r\n<p>Ich bin mit der M\u00f6glichkeit bewusst, dass ich meine Einwilligung jederzeit widerrufen kann. Dies kann ich mit einer schriftlichen Erkl\u00e4rung an MIK d. o. o., Celjska cesta 55, 3212 Vojnik, oder an info@mik-ce.si tun. MIK d. o. o. wird die Verarbeitung aufgrund von Widerruf der Einwilligung sp\u00e4testens 15 Tage nach seinem Erhalt beenden. Mir ist auch bekannt, dass ich berechtigt bin, meine personenbezogenen Daten gem\u00e4\u00df den Bestimmungen zum Schutz personenbezogener Daten, einzusehen, zu \u00fcberschreiben, zu kopieren, zu aktualisieren, zu korrigieren, zu blockieren und l\u00f6schen zu lassen. Ich stimme den Allgemeinen Gesch\u00e4ftsbedingungen zu.<\/p>\r\n&nbsp;\r\n<br>\r\n<p><strong>Nein,<\/strong> ich m\u00f6chte keine MIK-Nachrichten, Bildungsinhalte und Benachrichtigungen \u00fcber das aktuelle Angebot von MIK d. o. o.<\/p>\r\n\r\n\t\t<\/div>\n\t<\/div>\n\t\r\n\r\n<\/div>\r\n\r\n\t\t<\/div>\n\t\t\t\t\t<\/div>\n\n\t\r\n\r\n<\/div>\n\n<input class=\"wpcf7-form-control wpcf7-submit has-spinner button\" type=\"submit\" value=\"JETZT ANFRAGEN\" \/>\n\n<p>* <small>Pflichtfelder<\/small><\/p><div class=\"wpcf7-response-output\" aria-hidden=\"true\"><\/div>\n<\/form>\n<\/div>\n\n\t\t<\/div>\n\t\t\t\t\n<style>\n#col-1677310229 > .col-inner {\n  padding: 19px 20px 20px 20px;\n}\n<\/style>\n\t<\/div>\n\n\t\n<\/div>\n\t\t<\/div>\n\n\t\t\n<style>\n#section_2097280312 {\n  padding-top: 0px;\n  padding-bottom: 0px;\n  background-color: rgb(243, 243, 243);\n}\n<\/style>\n\t<\/section>\n\t\n","protected":false},"excerpt":{"rendered":"","protected":false},"author":4,"featured_media":0,"parent":0,"menu_order":45,"comment_status":"closed","ping_status":"closed","template":"page-blank.php","meta":{"_acf_changed":false,"footnotes":""},"class_list":["post-26419","page","type-page","status-publish","hentry"],"acf":[],"_links":{"self":[{"href":"https:\/\/www.mik-ce.si\/de\/wp-json\/wp\/v2\/pages\/26419","targetHints":{"allow":["GET"]}}],"collection":[{"href":"https:\/\/www.mik-ce.si\/de\/wp-json\/wp\/v2\/pages"}],"about":[{"href":"https:\/\/www.mik-ce.si\/de\/wp-json\/wp\/v2\/types\/page"}],"author":[{"embeddable":true,"href":"https:\/\/www.mik-ce.si\/de\/wp-json\/wp\/v2\/users\/4"}],"replies":[{"embeddable":true,"href":"https:\/\/www.mik-ce.si\/de\/wp-json\/wp\/v2\/comments?post=26419"}],"version-history":[{"count":10,"href":"https:\/\/www.mik-ce.si\/de\/wp-json\/wp\/v2\/pages\/26419\/revisions"}],"predecessor-version":[{"id":48606,"href":"https:\/\/www.mik-ce.si\/de\/wp-json\/wp\/v2\/pages\/26419\/revisions\/48606"}],"wp:attachment":[{"href":"https:\/\/www.mik-ce.si\/de\/wp-json\/wp\/v2\/media?parent=26419"}],"curies":[{"name":"wp","href":"https:\/\/api.w.org\/{rel}","templated":true}]}}