{"id":23451,"date":"2021-07-22T10:50:27","date_gmt":"2021-07-22T08:50:27","guid":{"rendered":"https:\/\/www.mik-ce.si\/allgemeine-geschaeftsbedingungen\/"},"modified":"2021-07-22T13:04:10","modified_gmt":"2021-07-22T11:04:10","slug":"allgemeine-geschaeftsbedingungen","status":"publish","type":"page","link":"https:\/\/www.mik-ce.si\/de\/allgemeine-geschaeftsbedingungen\/","title":{"rendered":"Allgemeine Gesch\u00e4ftsbedingungen"},"content":{"rendered":"\n\t<section class=\"section\" id=\"section_1775864376\">\n\t\t<div class=\"section-bg fill\" >\n\t\t\t\t\t\t\t\t\t\n\t\t\t\n\n\t\t<\/div>\n\n\t\t\n\n\t\t<div class=\"section-content relative\">\n\t\t\t\n<div class=\"row\"  id=\"row-816042397\">\n\n\t<div id=\"col-561381453\" class=\"col small-12 large-12\"  >\n\t\t\t\t<div class=\"col-inner\"  >\n\t\t\t\n\t\t\t\n<div id=\"subtxt\">\n<h2><span style=\"font-size: 140%;\">Allgemeine Gesch\u00e4ftsbedingungen der Webseite\u00a0www.mik-ce.si<\/span><\/h2>\n<h2>Allgemeine Gesch\u00e4ftsbedingungen<\/h2>\n<p class=\"bodytext\">Rechtsbelehrung der Website\u00a0www.mik-ce.si<\/p>\n<p>Alle Rechte aller Websites von www.mik-ce.si vorbehalten. Alle Informationen und Inhalte auf der Website www.mik-ce.si, sowohl schriftlichen als auch visuellen, unterliegen dem Urheberrecht oder anderen Formen des Schutzes des geistigen Eigentums des Unternehmens MIK Mednarodno trgovsko in proizvodno podjetje, d.o.o., und der mit dem Unternehmen verbundenen Partner deren Inhalt auf den Websites unter\u00a0<a href=\"https:\/\/www.mik-ce.si\/de\" target=\"_blank\" rel=\"noopener noreferrer\">www.mik-ce.si<\/a> enthalten ist.<\/p>\n<p class=\"bodytext\">Der Benutzer kann den Inhalt der Website www.mik-ce.si ausschlie\u00dflich f\u00fcr seinen pers\u00f6nlichen Gebrauch verwenden. Keine andere Form der Nutzung des Inhalts der Website www.mik-ce.si ist gestattet. Die auf dieser Website ver\u00f6ffentlichten Informationen und Materialien d\u00fcrfen ohne eine ausdr\u00fcckliche schriftliche Genehmigung von MIK Mednarodno trgovsko in proizvodno podjetje, d.o.o., nicht f\u00fcr kommerzielle Zwecke kopiert, reproduziert oder anderweitig verbreitet werden.<\/p>\n<p class=\"bodytext\">MIK Mednarodno trgovsko in proizvodno podjetje, d.o.o., kann diese Rechtsbelehrung jederzeit \u00e4ndern, wobei sie f\u00fcr Benutzer in jeder ge\u00e4nderten Form verbindlich ist.<\/p>\n<h2>Datenschutz<\/h2>\n<p class=\"bodytext\">MIK Mednarodno trgovsko in proizvodno podjetje, d.o.o., Celjska cesta 55, 3212 Vojnik behandelt Ihre personenbezogenen Daten immer vertraulich. Ihr Besuch der Website www.mik-ce.si ist immer anonym, da wir keine personenbezogenen Daten sammeln. Zu statistischen Zwecken beh\u00e4lt sich MIK Mednarodno trgovsko in proizvodno podjetje, d.o.o., das Recht vor, nur diejenigen Daten von Website-Besuchern zu sammeln, die keine Identifizierung erm\u00f6glichen. In einigen Abschnitten unserer Website werden Sie uns Ihre pers\u00f6nlichen Daten anvertrauen, um Korrespondenz, Registrierung auf der Website, Empfang von Kurznachrichten, Einkauf oder Teilnahme an Online-Gewinnspielen usw. zu erm\u00f6glichen. MIK Mednarodno trgovsko in proizvodno podjetje, d.o.o., garantiert und verpflichtet sich, personenbezogene Daten gem\u00e4\u00df den Bestimmungen des anwendbaren Rechts vertraulich zu behandeln. Die von Ihnen zur Verf\u00fcgung gestellten Daten werden nicht an Dritte oder unbefugte Personen weitergeleitet und werden von uns nur zu den Zwecken verwendet und verarbeitet, f\u00fcr welche Sie uns die Daten zur Verf\u00fcgung gestellt haben. Um einen ordnungsgem\u00e4\u00dfen Betrieb der Webseite zu gew\u00e4hrleisten, enth\u00e4lt sie die so genannten Cookies. Der Raum, in dem sich der Website-Server befindet, ist angemessen physisch gesch\u00fctzt.<\/p>\n<h2>Haftungsausschluss<\/h2>\n<p class=\"bodytext\">Alle Informationen und Inhalte auf der Website www.mik-ce.si dienen nur als Referenz. MIK Mednarodno trgovsko in proizvodno podjetje, d.o.o., bem\u00fcht sich um die Richtigkeit, st\u00e4ndige Aktualisierung und Vollst\u00e4ndigkeit der ver\u00f6ffentlichten Daten, \u00fcbernimmt jedoch keine rechtliche Verantwortung f\u00fcr die Richtigkeit und Vollst\u00e4ndigkeit hinsichtlich der Genauigkeit oder Verwendbarkeit der enthaltenen Informationen, Produkte oder Verfahren.<\/p>\n<p class=\"bodytext\">MIK Mednarodno trgovsko in proizvodno podjetje, d.o.o., \u00fcbernimmt keine Verantwortung f\u00fcr den Inhalt von Texten, die von den Administratoren der Vertragspartner des Unternehmens ver\u00f6ffentlicht werden.<br \/>MIK Mednarodno trgovsko in proizvodno podjetje, d.o.o., kann nicht f\u00fcr Sch\u00e4den (einschlie\u00dflich Sch\u00e4den, die durch Viren verursacht werden) an Computerger\u00e4ten, Mobiltelefonen oder anderen Anwendungen haftbar gemacht werden, wenn diese Ger\u00e4te oder Anwendungen f\u00fcr einen Besuch der Website www.mik-ce.si oder f\u00fcr ihre Verwendung verwendet werden. Das Unternehmen haftet nicht f\u00fcr Sch\u00e4den jeglicher Art, die aufgrund der Nutzung oder Unf\u00e4higkeit zur Nutzung der Website\u00a0<a href=\"https:\/\/www.mik-ce.si\/de\" target=\"_blank\" rel=\"noopener noreferrer\">www.mik-ce.si<\/a> entstehen k\u00f6nnen.<\/p>\n<p>MIK Mednarodno trgovsko in proizvodno podjetje, d.o.o., beh\u00e4lt sich das Recht vor, den Inhalt der Website www.mik-ce.si jederzeit auf irgendeine Weise und aus irgendeinem Grund ohne vorherige Ank\u00fcndigung zu \u00e4ndern und \u00fcbernimmt keine Verantwortung f\u00fcr die Folgen solcher \u00c4nderungen.<\/p>\n<h2>Urheberrechte<\/h2>\n<p class=\"bodytext\">Diese Webseiten enthalten urheberrechtlich gesch\u00fctztes\u00a0 Material. Die teilnehmenden Autoren oder andere Urheberrechtsinhaber behalten das Recht zur Vervielf\u00e4ltigung oder Weitergabe dieser Inhalte. Von allen Personen, die diese Informationen reproduzieren oder weitergeben, wird erwartet, dass sie die von den Autoren oder Inhabern von Urheberrechten gestellten Bedingungen einhalten. Solche urheberrechtlich gesch\u00fctzten Materialien k\u00f6nnen jedoch nach Treu und Glauben in \u00dcbereinstimmung mit den Urheberrechtsbestimmungen zitiert und verwendet werden, die im Allgemeinen die Verwendung f\u00fcr nichtkommerzielle Bildungszwecke wie Schulungen, Untersuchungen, Kritiken, Nachrichten und Berichterstattung erlauben.<\/p>\n<h2>Newsletter<\/h2>\n<p class=\"bodytext\">Beim Abonnieren an den Newsletter wird MIK Mednarodno trgovsko in proizvodno podjetje, d.o.o., zus\u00e4tzlich zu Ihrer IP-Adresse noch Ihre E-Mail-Adresse (E-Adresse) sammeln, die Sie in das Online-Formular eingeben.<br \/>MIK Mednarodno trgovsko in proizvodno podjetje, d.o.o., wird diese Daten ausschlie\u00dflich zum Benachrichtigen \u00fcber Neuigkeiten, Angebote, Rabatte, Werbeaktivit\u00e4ten und andere gesch\u00e4ftliche Hinweise verarbeiten.<br \/>Die Informationen \u00fcber Ihre E-Mail werden gespeichert, bis Sie sich vom Newsletter abmelden. Sie k\u00f6nnen sich vom Newsletter jederzeit abmelden, indem Sie auf den gekennzeichneten Link in der empfangenen E-Mail klicken.<\/p>\n<p>Beim Ausf\u00fcllen des Newsletter-Anmeldeformulars m\u00fcssen Sie angeben, dass Sie zustimmen, dass MIK Mednarodno trgovsko in proizvodno podjetje, d.o.o., Ihre E-Mail-Adresse f\u00fcr Benachrichtigungszwecke verwendet, wie oben angef\u00fchrt ist, und dass Sie sich bewusst sind, dass Sie sich jederzeit abmelden k\u00f6nnen. Klicken Sie dazu in der erhaltenen E-Mail auf den gekennzeichneten Link. Wenn Sie nicht angeben, dass Sie mit dem oben Angef\u00fchrten einverstanden sind, wird MIK Mednarodno trgovsko in proizvodno podjetje, d.o.o., an Ihre E-Mail-Adresse keine Nachrichten versenden sowie sammelt oder verarbeitet Ihre E-Mail-Adresse nicht. MIK Mednarodno trgovsko in proizvodno podjetje, d.o.o., sendet E-Mails nur an Personen, die ausdr\u00fccklich damit einverstanden sind, elektronische Nachrichten zu erhalten.<br \/>Der Benutzer wird dar\u00fcber informiert, dass seine E-Mail-Adresse von MIK Mednarodno trgovsko in proizvodno podjetje, d.o.o., verarbeitet wird, wobei diese in einem System gespeichert wird, das sich physisch am Standort des Unternehmenssitzes befindet. Die E-Mail-Adressen des Benutzers werden in der Datenbank des ausgew\u00e4hlten Anbieters, der die Newsletter-Dienstleistungen gew\u00e4hrleistet, gespeichert und nie f\u00fcr irgendwelche andere Zwecke verwendet oder an andere Personen weitergegeben.<\/p>\n<h2>Soziale Netzwerke<\/h2>\n<p class=\"bodytext\">Die Eintr\u00e4ge auf der Facebook-Seite von MIK Celje spiegeln die pers\u00f6nliche Einsch\u00e4tzung und Meinung des Autors wider und sind keine Stellungnahme von MIK Mednarodno trgovsko in proizvodno podjetje, d.o.o. Wir behalten uns das Recht vor, nach eigenem Ermessen und ohne Erkl\u00e4rung von der Facebook-Seite von MIK Celje ver\u00f6ffentlichte Eintr\u00e4ge zu entfernen oder diese zu \u00e4ndern, falls sie in irgendeiner Weise die Rechte anderer verletzen oder in irgendeiner Weise illegal, beleidigend, besch\u00e4mend, vulg\u00e4r oder anderweitig unangemessen sind.<br \/>MIK Mednarodno trgovsko in proizvodno podjetje, d.o.o., \u00fcbernimmt keine Verantwortung f\u00fcr pers\u00f6nliche Meinungen, Bewertungen oder unangemessene Inhalte auf Facebook, Instagram, Twitter, YouTube.<\/p>\n<\/div>\n\t\t<\/div>\n\t\t\t\t\t<\/div>\n\n\t\n<\/div>\n\t\t<\/div>\n\n\t\t\n<style>\n#section_1775864376 {\n  padding-top: 30px;\n  padding-bottom: 30px;\n}\n<\/style>\n\t<\/section>\n\t\n","protected":false},"excerpt":{"rendered":"","protected":false},"author":4,"featured_media":0,"parent":0,"menu_order":36,"comment_status":"closed","ping_status":"closed","template":"page-blank.php","meta":{"_acf_changed":false,"footnotes":""},"class_list":["post-23451","page","type-page","status-publish","hentry"],"acf":[],"_links":{"self":[{"href":"https:\/\/www.mik-ce.si\/de\/wp-json\/wp\/v2\/pages\/23451","targetHints":{"allow":["GET"]}}],"collection":[{"href":"https:\/\/www.mik-ce.si\/de\/wp-json\/wp\/v2\/pages"}],"about":[{"href":"https:\/\/www.mik-ce.si\/de\/wp-json\/wp\/v2\/types\/page"}],"author":[{"embeddable":true,"href":"https:\/\/www.mik-ce.si\/de\/wp-json\/wp\/v2\/users\/4"}],"replies":[{"embeddable":true,"href":"https:\/\/www.mik-ce.si\/de\/wp-json\/wp\/v2\/comments?post=23451"}],"version-history":[{"count":0,"href":"https:\/\/www.mik-ce.si\/de\/wp-json\/wp\/v2\/pages\/23451\/revisions"}],"wp:attachment":[{"href":"https:\/\/www.mik-ce.si\/de\/wp-json\/wp\/v2\/media?parent=23451"}],"curies":[{"name":"wp","href":"https:\/\/api.w.org\/{rel}","templated":true}]}}