{"id":23429,"date":"2021-07-20T15:24:35","date_gmt":"2021-07-20T13:24:35","guid":{"rendered":"https:\/\/www.mik-ce.si\/ueber-das-unternehmen\/unternehmensprofil\/"},"modified":"2022-08-10T08:31:01","modified_gmt":"2022-08-10T06:31:01","slug":"unternehmensprofil","status":"publish","type":"page","link":"https:\/\/www.mik-ce.si\/de\/ueber-das-unternehmen\/unternehmensprofil\/","title":{"rendered":"Unternehmensprofil"},"content":{"rendered":"\n  <div class=\"banner has-hover has-parallax\" id=\"banner-510634189\">\n          <div class=\"banner-inner fill\">\n        <div class=\"banner-bg fill\" data-parallax=\"-5\" data-parallax-container=\".banner\" data-parallax-background>\n            <img loading=\"lazy\" decoding=\"async\" width=\"2000\" height=\"1125\" src=\"https:\/\/www.mik-ce.si\/wp-content\/uploads\/2020\/08\/MIK-iz-zraka-1-e1599048362745.jpg\" class=\"bg attachment-original size-original\" alt=\"\" \/>                                    \n                    <\/div>\n\t\t\n        <div class=\"banner-layers container\">\n            <div class=\"fill banner-link\"><\/div>            \n        <\/div>\n      <\/div>\n\n            \n<style>\n#banner-510634189 {\n  padding-top: 550px;\n  background-color: rgb(255,255,255);\n}\n#banner-510634189 .banner-bg img {\n  object-position: 50% 100%;\n}\n<\/style>\n  <\/div>\n\n\n\n\t<section class=\"section\" id=\"section_1298992756\">\n\t\t<div class=\"section-bg fill\" >\n\t\t\t\t\t\t\t\t\t\n\t\t\t\n\t<div class=\"is-border is-dotted\"\n\t\tstyle=\"border-color:rgb(201, 201, 201);border-width:1px 0px 1px 0px;\">\n\t<\/div>\n\n\t\t<\/div>\n\n\t\t\n\n\t\t<div class=\"section-content relative\">\n\t\t\t\r\n\r\n<div class=\"row\"  id=\"row-782065584\">\r\n\r\n\n\t<div id=\"col-1711550507\" class=\"col small-12 large-12\"  data-animate=\"fadeInLeft\">\n\t\t\t\t<div class=\"col-inner text-left\"  >\n\t\t\t\n\t\t\t\r\n\r\n\r\n\r\n\t\t<\/div>\n\t\t\t\t\n<style>\n#col-1711550507 > .col-inner {\n  padding: 10px 0px 0px 0px;\n  margin: 0px 0px -20px 0px;\n}\n<\/style>\n\t<\/div>\n\n\t\r\n\r\n<\/div>\r\n\r\n\t\t<\/div>\n\n\t\t\n<style>\n#section_1298992756 {\n  padding-top: 0px;\n  padding-bottom: 0px;\n  background-color: rgba(201, 201, 201, 0.1);\n}\n<\/style>\n\t<\/section>\n\t\n\n\t<section class=\"section\" id=\"section_1274394260\">\n\t\t<div class=\"section-bg fill\" >\n\t\t\t\t\t\t\t\t\t\n\t\t\t\n\n\t\t<\/div>\n\n\t\t\n\n\t\t<div class=\"section-content relative\">\n\t\t\t\n<div class=\"row\"  id=\"row-498522264\">\n\n\t<div id=\"col-984223685\" class=\"col small-12 large-12\"  >\n\t\t\t\t<div class=\"col-inner\"  >\n\t\t\t\n\t\t\t\n<h1 class=\"liteHeadline\"><span style=\"font-size: 200%;\">Unternehmensprofil<\/span><\/h1>\n\t\t<\/div>\n\t\t\t\t\t<\/div>\n\n\t\n<\/div>\n\t\t<\/div>\n\n\t\t\n<style>\n#section_1274394260 {\n  padding-top: 30px;\n  padding-bottom: 30px;\n}\n<\/style>\n\t<\/section>\n\t\n\n\t<section class=\"section\" id=\"section_457850509\">\n\t\t<div class=\"section-bg fill\" >\n\t\t\t\t\t\t\t\t\t\n\t\t\t\n\n\t\t<\/div>\n\n\t\t\n\n\t\t<div class=\"section-content relative\">\n\t\t\t\n<div class=\"row\"  id=\"row-1552225498\">\n\n\t<div id=\"col-1479892267\" class=\"col medium-4 small-12 large-4\"  >\n\t\t\t\t<div class=\"col-inner\"  >\n\t\t\t\n\t\t\t\n<h3>UNTERNEHMENSDATEN<\/h3>\n<hr \/>\n<p><strong>MIK Mednarodno trgovsko in proizvodno podjetje, d.o.o.<br \/><\/strong><br \/>Firmensitz:<br \/><strong>Celjska cesta 55, 3212 Vojnik, <\/strong><strong>Slowenien<\/strong><\/p>\n<p>Kontakt:<br \/>Telefon: <strong><a href=\"tel:03 425 50 50\">+386 (0)3 425 50 50<\/a><\/strong><br \/>Geb\u00fchrenfreie Telefonnummer: <strong><a href=\"tel:080 12 24\">080 12 24<\/a><\/strong><br \/>Fax: +386 (0)3 425 50 60<br \/>E-Mail: <strong><a href=\"mailto:mik@mik-ce.si\">mik@mik-ce.si<\/a><\/strong><\/p>\n<hr \/>\n<h3 style=\"text-transform: uppercase;\">Finanzdaten<\/h3>\n<p>Kapital: 7.174.298 \u20ac<br \/>Eigent\u00fcmerstruktur: Privateigentum: 100\u00a0%<br \/>Gesch\u00e4ftsf\u00fchrung: Franci Pliber\u0161ek, Dipl.-Ing. Arch., Eigent\u00fcmer und Gesch\u00e4ftsf\u00fchrer <br \/>Handelsregisternummer: <strong>5370507000<\/strong><br \/>Steuernummer: <strong>70919844<\/strong> <br \/>Gr\u00fcndung des Unternehmens: 1990<\/p>\n<p>Anzahl der Mitarbeiter:<br \/>200 Vollzeitbesch\u00e4ftigte und 120 externe Mitarbeiter<\/p>\n<hr \/>\n<p>\u00a0<\/p>\n\t\t<\/div>\n\t\t\t\t\t<\/div>\n\n\t\n\n\t<div id=\"col-1322759337\" class=\"col medium-4 small-12 large-4\"  >\n\t\t\t\t<div class=\"col-inner\"  >\n\t\t\t\n\t\t\t\n<h3>HAUPTT\u00c4TIGKEIT DES UNTERNEHMENS<\/h3>\n<hr \/>\n<ul>\n<li>Produktion und Verkauf von PVC-, ALU- und Holzbauelementen, Feuerschutz-, Eingangst\u00fcren und Garagentoren sowie kompletten Verglasungsl\u00f6sungen f\u00fcr Geb\u00e4ude.<\/li>\n<li>Gro\u00dfhandel mit Bilderrahmenmaterialien und Verkauf von Maschinen zur Herstellung von Rahmen, Passepartouts und anderen Produkten.<\/li>\n<li>Investitionen, Ingenieurwesen und Immobilien.<\/li>\n<\/ul>\n<hr \/>\n<h3 style=\"text-transform: uppercase;\">Bankverbindungen<\/h3>\n<p class=\"bodytext\">Bankkonto\u00a0f\u00fcr\u00a0<b>MIK, d.o.o.<\/b>\u00a0<br \/>IBAN: <b>SI56 3000 0000 0800 383<\/b><\/p>\n<p class=\"bodytext\">Bankkonto\u00a0f\u00fcr\u00a0<b>MIK OKNA, d.o.o.<br \/><\/b>IBAN: <b>SI56 3000 0002 0466 842<\/b><\/p>\n<p>SWIFT\/BIC: <strong>SABRSI2X<\/strong><\/p>\n<p>Sberbank banka d.d.<br \/>Dunajska cesta 128a<br \/>1000 Ljubljana<\/p>\n<hr \/>\n<p><a href=\"https:\/\/www.mik-ce.si\/splosni-in-placilni-pogoji\/\"><span style=\"text-decoration: underline;\">Allgemeine Gesch\u00e4fts- und Zahlungsbedingungen des Unternehmens MIK, d.o.o.<\/span><\/a><\/p>\n<hr \/>\n<p>\u00a0<\/p>\n\t\t<\/div>\n\t\t\t\t\t<\/div>\n\n\t\n\n\t<div id=\"col-659030269\" class=\"col medium-4 small-12 large-4\"  >\n\t\t\t\t<div class=\"col-inner\"  >\n\t\t\t\n\t\t\t\n<h3>TOCHTERGESELLSCHAFTEN<\/h3>\n<hr \/>\n<p><strong>MIK-OKNA d.o.o.<\/strong><\/p>\n<p>Sitz der Tochtergesellschaft:<br \/><strong>Sarajevska 62, 10000 Zagreb, Kroatien<\/strong><\/p>\n<p>HRB: <strong>88826903576<\/strong><\/p>\n<hr \/>\n<p><strong>MIK Fenster GmbH<\/strong><\/p>\n<div>Sitz der Tochtergesellschaft:<\/div>\n<div><strong>F\u00fcrstenrieder Stra\u00dfe 280, 81377 M\u00fcnchen, Deutschland<\/strong><\/div>\n<div>\u00a0<\/div>\n<div>Tel.: +49 (0)89 200 46 701<\/div>\n<div>Mobil: +49 (0)1578 915 4121<\/div>\n<div>E-Mail:\u00a0<a id=\"link-291-266\" class=\"\" href=\"mailto:info@mikfenster.de\" target=\"_self\" rel=\"noopener noreferrer\"><strong>info@mikfenster.de<\/strong><\/a><\/div>\n<div>\n<hr \/>\n<\/div>\n\t\t<\/div>\n\t\t\t\t\t<\/div>\n\n\t\n<\/div>\n\t\t<\/div>\n\n\t\t\n<style>\n#section_457850509 {\n  padding-top: 0px;\n  padding-bottom: 0px;\n}\n<\/style>\n\t<\/section>\n\t\n\n\t<section class=\"section\" id=\"section_1479168085\">\n\t\t<div class=\"section-bg fill\" >\n\t\t\t\t\t\t\t\t\t\n\t\t\t\n\t<div class=\"is-border is-dotted\"\n\t\tstyle=\"border-color:rgb(201, 201, 201);border-width:1px 0px 1px 0px;\">\n\t<\/div>\n\n\t\t<\/div>\n\n\t\t\n\n\t\t<div class=\"section-content relative\">\n\t\t\t\r\n\r\n<div class=\"row\"  id=\"row-861722885\">\r\n\r\n\n\t<div id=\"col-1692986017\" class=\"col small-12 large-12\"  data-animate=\"fadeInLeft\">\n\t\t\t\t<div class=\"col-inner text-left\"  >\n\t\t\t\n\t\t\t\r\n\r\n\r\n\r\n\t\t<\/div>\n\t\t\t\t\n<style>\n#col-1692986017 > .col-inner {\n  padding: 10px 0px 0px 0px;\n  margin: 0px 0px -20px 0px;\n}\n<\/style>\n\t<\/div>\n\n\t\r\n\r\n<\/div>\r\n\r\n\t\t<\/div>\n\n\t\t\n<style>\n#section_1479168085 {\n  padding-top: 0px;\n  padding-bottom: 0px;\n  background-color: rgba(201, 201, 201, 0.1);\n}\n<\/style>\n\t<\/section>\n\t\n","protected":false},"excerpt":{"rendered":"","protected":false},"author":2,"featured_media":0,"parent":23401,"menu_order":6,"comment_status":"closed","ping_status":"closed","template":"page-blank.php","meta":{"_acf_changed":false,"footnotes":""},"class_list":["post-23429","page","type-page","status-publish","hentry"],"acf":[],"_links":{"self":[{"href":"https:\/\/www.mik-ce.si\/de\/wp-json\/wp\/v2\/pages\/23429","targetHints":{"allow":["GET"]}}],"collection":[{"href":"https:\/\/www.mik-ce.si\/de\/wp-json\/wp\/v2\/pages"}],"about":[{"href":"https:\/\/www.mik-ce.si\/de\/wp-json\/wp\/v2\/types\/page"}],"author":[{"embeddable":true,"href":"https:\/\/www.mik-ce.si\/de\/wp-json\/wp\/v2\/users\/2"}],"replies":[{"embeddable":true,"href":"https:\/\/www.mik-ce.si\/de\/wp-json\/wp\/v2\/comments?post=23429"}],"version-history":[{"count":0,"href":"https:\/\/www.mik-ce.si\/de\/wp-json\/wp\/v2\/pages\/23429\/revisions"}],"up":[{"embeddable":true,"href":"https:\/\/www.mik-ce.si\/de\/wp-json\/wp\/v2\/pages\/23401"}],"wp:attachment":[{"href":"https:\/\/www.mik-ce.si\/de\/wp-json\/wp\/v2\/media?parent=23429"}],"curies":[{"name":"wp","href":"https:\/\/api.w.org\/{rel}","templated":true}]}}