{"id":23413,"date":"2021-07-20T14:14:10","date_gmt":"2021-07-20T12:14:10","guid":{"rendered":"https:\/\/www.mik-ce.si\/ueber-das-unternehmen\/qualitaets-und-umweltmanagementpolitik\/"},"modified":"2021-07-20T14:14:10","modified_gmt":"2021-07-20T12:14:10","slug":"qualitaets-und-umweltmanagementpolitik","status":"publish","type":"page","link":"https:\/\/www.mik-ce.si\/de\/ueber-das-unternehmen\/qualitaets-und-umweltmanagementpolitik\/","title":{"rendered":"Qualit\u00e4ts- und Umweltmanagementpolitik"},"content":{"rendered":"<div class=\"slider-wrapper relative\" id=\"slider-1897581674\" style=\"background-color:rgb(255,255,255);\">\n    <div class=\"slider slider-nav-circle slider-nav-large slider-nav-light slider-style-normal\"\n        data-flickity-options='{\n            \"cellAlign\": \"center\",\n            \"imagesLoaded\": true,\n            \"lazyLoad\": 1,\n            \"freeScroll\": false,\n            \"wrapAround\": true,\n            \"autoPlay\": 8000,\n            \"pauseAutoPlayOnHover\" : true,\n            \"prevNextButtons\": false,\n            \"contain\" : true,\n            \"adaptiveHeight\" : true,\n            \"dragThreshold\" : 10,\n            \"percentPosition\": true,\n            \"pageDots\": false,\n            \"rightToLeft\": false,\n            \"draggable\": true,\n            \"selectedAttraction\": 0.1,\n            \"parallax\" : 0,\n            \"friction\": 0.6        }'\n        >\n        \n\n  <div class=\"banner has-hover has-parallax\" id=\"banner-966013534\">\n          <div class=\"banner-inner fill\">\n        <div class=\"banner-bg fill\" data-parallax=\"-3\" data-parallax-container=\".banner\" data-parallax-background>\n            <img loading=\"lazy\" decoding=\"async\" width=\"1020\" height=\"750\" src=\"https:\/\/www.mik-ce.si\/wp-content\/uploads\/2020\/05\/Politika-vodenja-kakovosti-ravnanja-okoljem-mik-celje-1088x800.jpg\" class=\"bg attachment-large size-large\" alt=\"\" \/>                        <div class=\"overlay\"><\/div>            \n                    <\/div>\n\t\t\n        <div class=\"banner-layers container\">\n            <div class=\"fill banner-link\"><\/div>            \n   <div id=\"text-box-1117036745\" class=\"text-box banner-layer x50 md-x50 lg-x50 y50 md-y50 lg-y50 res-text\">\n                     <div data-animate=\"fadeInLeft\">           <div class=\"text-box-content text dark text-shadow-2\">\n              \n              <div class=\"text-inner text-center\">\n                  \n<p><span style=\"font-size: 600%; font-family: lemongrass-script, sans-serif; font-weight: 400; font-style: normal; line-height:100px;\">Qualit\u00e4ts- und Umweltmanagementpolitik<\/span><\/p>\n<p><strong><span style=\"font-size: 150%;\">Ein wichtiger Bestandteil aller unserer Arbeitsprozesse ist auch ein verantwortungsbewusstes Umweltmanagement, das wir sowohl anhand der Materialien, die wir in der Produktion verwenden, als auch anhand der Eigenschaften unserer Endprodukte demonstrieren.<\/span><\/strong><\/p>\n              <\/div>\n           <\/div>\n       <\/div>                     \n<style>\n#text-box-1117036745 {\n  margin: 0 0px 0px 0px;\n  width: 100%;\n}\n#text-box-1117036745 .text-box-content {\n  font-size: 100%;\n}\n@media (min-width:550px) {\n  #text-box-1117036745 {\n    width: 95%;\n  }\n}\n<\/style>\n    <\/div>\n \n        <\/div>\n      <\/div>\n\n            \n<style>\n#banner-966013534 {\n  padding-top: 500px;\n  background-color: rgb(255,255,255);\n}\n#banner-966013534 .overlay {\n  background-color: rgba(0, 0, 0, 0.25);\n}\n#banner-966013534 .banner-bg img {\n  object-position: 51% 51%;\n}\n<\/style>\n  <\/div>\n\n\n     <\/div>\n\n     <div class=\"loading-spin dark large centered\"><\/div>\n\n\t<\/div>\n\n\n\n\t<section class=\"section\" id=\"section_1434794957\">\n\t\t<div class=\"section-bg fill\" >\n\t\t\t\t\t\t\t\t\t\n\t\t\t\n\t<div class=\"is-border is-dotted\"\n\t\tstyle=\"border-color:rgb(201, 201, 201);border-width:1px 0px 1px 0px;\">\n\t<\/div>\n\n\t\t<\/div>\n\n\t\t\n\n\t\t<div class=\"section-content relative\">\n\t\t\t\r\n\r\n<div class=\"row\"  id=\"row-960255412\">\r\n\r\n\n\t<div id=\"col-1900940006\" class=\"col small-12 large-12\"  data-animate=\"fadeInLeft\">\n\t\t\t\t<div class=\"col-inner text-left\"  >\n\t\t\t\n\t\t\t\r\n\r\n\r\n\r\n\t\t<\/div>\n\t\t\t\t\n<style>\n#col-1900940006 > .col-inner {\n  padding: 10px 0px 0px 0px;\n  margin: 0px 0px -20px 0px;\n}\n<\/style>\n\t<\/div>\n\n\t\r\n\r\n<\/div>\r\n\r\n\t\t<\/div>\n\n\t\t\n<style>\n#section_1434794957 {\n  padding-top: 0px;\n  padding-bottom: 0px;\n  background-color: rgba(201, 201, 201, 0.1);\n}\n<\/style>\n\t<\/section>\n\t\n\n\t<section class=\"section\" id=\"section_664176321\">\n\t\t<div class=\"section-bg fill\" >\n\t\t\t\t\t\t\t\t\t\n\t\t\t\n\n\t\t<\/div>\n\n\t\t\n\n\t\t<div class=\"section-content relative\">\n\t\t\t\n<div class=\"row\"  id=\"row-381752085\">\n\n\t<div id=\"col-615761612\" class=\"col small-12 large-12\"  >\n\t\t\t\t<div class=\"col-inner\"  >\n\t\t\t\n\t\t\t\n<h1 class=\"liteHeadline\"><span style=\"font-size: 200%;\">Qualit\u00e4ts- und Umweltmanagementpolitik<\/span><\/h1>\n\t\t<\/div>\n\t\t\t\t\t<\/div>\n\n\t\n\n\t<div id=\"col-475655006\" class=\"col small-12 large-12\"  >\n\t\t\t\t<div class=\"col-inner\"  >\n\t\t\t\n\t\t\t\n<p><span style=\"font-size: 150%;\">Die zentrale Gesch\u00e4fts- und Produktionsaktivit\u00e4t von MIK\u00a0 konzentriert sich auf die Herstellung und den Einbau von PVC-, ALU-, HOLZ- und HOLZ\/ALU-Fenstersystemen und Eingangst\u00fcren, die Entwicklung, Planung und Implementierung von Komplettl\u00f6sungen f\u00fcr die Modernisierung oder Neuverglasung von Geb\u00e4uden sowie die Planung und Implementierung von hinterl\u00fcfteten Fassaden, Herstellung von Brandschutzt\u00fcren und den Einbau von Garagen- und Industrietoren. Ein wichtiger Teil unseres Gesch\u00e4fts sind auch die Entwicklung und Produktion lokaler Bel\u00fcftungssystemen MIKrovent. MIK Celje ist auch der gr\u00f6\u00dfte slowenische Vertreiber von Leisten und Materialien f\u00fcr Bilderrahmen sowie ein aktiver Investor, Verwalter und Verk\u00e4ufer von Immobilien.<\/span><\/p>\n\t\t<\/div>\n\t\t\t\t\t<\/div>\n\n\t\n\n\t<div id=\"col-1322060068\" class=\"col medium-6 small-12 large-6\"  >\n\t\t\t\t<div class=\"col-inner\"  >\n\t\t\t\n\t\t\t\n<p>MIK d.o.o. und seine Tochterunternehmen besch\u00e4ftigen bis zu 180 Mitarbeiter, zusammen mit weiteren 100 externen Vertragspartnern. Mit der Anzahl der Mitarbeiter geh\u00f6ren wir zu mittelst\u00e4ndischen Privatunternehmen. Mit dem Engagement, dem Wissen und der Qualit\u00e4tsarbeit unserer Mitarbeiter geh\u00f6ren wir aber in die Spitze der slowenischen Hersteller der Bauelemente.<\/p>\n<p>Mit dem Know-How unserer Top-Ingenieure und Designer, unserer eigenen Entwicklung und Produktion schaffen wir Spitzenl\u00f6sungen f\u00fcr Sanierungen oder Neuverglasung von Geb\u00e4uden, die hohe Energieeinsparungen erm\u00f6glichen und h\u00f6chste Sicherheitsstandards erreichen. Die MIK-Bauelemente und das lokale Bel\u00fcftungssystem MIKrovent, das eine konstante Versorgung der Wohnr\u00e4ume mit frischer und gereinigter Luft mit minimalen Energieverlusten erm\u00f6glicht, wurden gem\u00e4\u00df unserem Hauptgesch\u00e4ftsprinzip entwickelt: \u201eWir verbessern die Wohnqualit\u00e4t\u201c.<\/p>\n\t\t<\/div>\n\t\t\t\t\t<\/div>\n\n\t\n\n\t<div id=\"col-542658686\" class=\"col medium-6 small-12 large-6\"  >\n\t\t\t\t<div class=\"col-inner\"  >\n\t\t\t\n\t\t\t\n<p>Wir verpflichten uns zu h\u00f6chsten Standards des gesch\u00e4ftlichen und ethischen Verhaltens. Wir setzen unsere Verpflichtungen durch das implementierte integrierte Qualit\u00e4tsmanagementsystem und Umweltmanagement um, die ein wesentlicher Bestandteil des einheitlichen Managementsystems von MIK d.o.o. sind.<\/p>\n<p>Wir respektieren die Tradition und glauben an unsere Werte, w\u00e4hrend moderne Technologie und unser eigenes Wissen die Entwicklung innovativer Produkte und L\u00f6sungen erm\u00f6glichen, mit welchen die Wohnqualit\u00e4t und das Leben verbessert und neue Ma\u00dfst\u00e4be im Bereich der Geb\u00e4udeverglasung gesetzt werden.<\/p>\n<p><b>Unsere strategischen Ziele bedeuten die Gew\u00e4hrleistung einer hohen Qualit\u00e4t f\u00fcr Endverbraucher und naturfreundliche Produkte, da wir uns st\u00e4ndig bem\u00fchen, eine verantwortungsvolle Haltung gegen\u00fcber Qualit\u00e4t und Umwelt w\u00e4hrend des gesamten Produktzyklus in alle Aktivit\u00e4ten einzubeziehen, wobei diese Bem\u00fchungen in alle Gesch\u00e4ftssysteme von MIK d.o.o. integriert werden.<\/b><\/p>\n\t\t<\/div>\n\t\t\t\t\t<\/div>\n\n\t\n<\/div>\n<div class=\"is-divider divider clearfix\" style=\"max-width:100%;height:1px;\"><\/div>\n<div class=\"row\"  id=\"row-249760033\">\n\n\t<div id=\"col-434649507\" class=\"col small-12 large-12\"  >\n\t\t\t\t<div class=\"col-inner\"  >\n\t\t\t\n\t\t\t\n<h2 class=\"liteHeadline\"><span style=\"font-size: 180%;\">Vision und strategische Ziele<\/span><\/h2>\n<p>Wir werden zum f\u00fchrenden Hersteller und Anbieter von Investitions-, Energie- und architektonisch-\u00e4sthetischen L\u00f6sungen f\u00fcr die Modernisierung oder Neuverglasung von Geb\u00e4uden in S\u00fcdosteuropa.<\/p>\n<p>Dies bedeutet, dass wir auf einem Weg sind, auf dem wir zum f\u00fchrenden Hersteller und Anbieter von energieeffizienten PVC-, ALU-, Holz- und Holz-ALU-Bauelementen sowie umfassenden L\u00f6sungen f\u00fcr die Verglasung von R\u00e4umen mit einem hohen Niveau an Wohnqualit\u00e4t in diesem Teil Europas und Europa sowie zum f\u00fchrenden Hersteller und Trendsetter im Bereich der lokalen Bel\u00fcftungssysteme werden.<\/p>\n<p>Wir wollen eines der 10 anerkanntesten und sozial verantwortlichsten Unternehmen in Slowenien werden.<\/p>\n\t\t<\/div>\n\t\t\t\t\t<\/div>\n\n\t\n\n\t<div id=\"col-1464395078\" class=\"col medium-6 small-12 large-6\"  >\n\t\t\t\t<div class=\"col-inner\"  >\n\t\t\t\n\t\t\t\n<h3><span style=\"font-size: 130%;\">Grundwerte oder der Geist von MIK:<\/span><\/h3>\n<p><b>Werte f\u00fchren uns in unserem t\u00e4glichen Handeln, sind unsere S\u00e4ule und Richtung f\u00fcr unser Handeln.<\/b>\u00a0Die Werte des Geistes bei MIK sind unsere \u00dcberzeugungen, die uns pr\u00e4gen und unterst\u00fctzen sowie uns bei unserer Arbeit leiten, damit wir nur das Beste anbieten k\u00f6nnen.<\/p>\n<p>Mit unserem Geist streben Mitarbeiter nach Werten, die eine hochwertige Ausf\u00fchrung von Aufgaben erm\u00f6glichen, unn\u00f6tige Arbeit vermeiden und echte Solidarit\u00e4tsbeziehungen zwischen Mitarbeitern sowie Kreativit\u00e4t, Innovation, Genauigkeit und Effizienz f\u00f6rdern.<\/p>\n\t\t<\/div>\n\t\t\t\t\t<\/div>\n\n\t\n\n\t<div id=\"col-871967518\" class=\"col medium-6 small-12 large-6\"  >\n\t\t\t\t<div class=\"col-inner\"  >\n\t\t\t\n\t\t\t\n<h3><span style=\"font-size: 130%;\">5 S\u00e4ulen des Unternehmensgeistes von MIK:<\/span><\/h3>\n<ol>\n<li>Ehrlichkeit, Offenheit und Korrektheit.<\/li>\n<li>Respekt und F\u00fcrsorge f\u00fcr Mitarbeiter, Kunden und Lieferanten.<\/li>\n<li>Partnerschaft, Professionalit\u00e4t und Kompetenz.<\/li>\n<li>F\u00f6rderung der kreativen Beitr\u00e4ge jedes Mitarbeiters.<\/li>\n<li>Sorge um Selbstverbesserung, Wissens- und Erfahrungsaustausch unter den Mitarbeitern.<\/li>\n<\/ol>\n\t\t<\/div>\n\t\t\t\t\t<\/div>\n\n\t\n\n\t<div id=\"col-1239147761\" class=\"col small-12 large-12\"  >\n\t\t\t\t<div class=\"col-inner\"  >\n\t\t\t\n\t\t\t\n<h3><span style=\"font-size: 130%;\">Mission:<\/span><\/h3>\n<p>Wir \u00e4ndern die Lebenseinstellung unserer Kunden und verbessern ihre Wohnqualit\u00e4t und ihren Lebensstil durch:<\/p>\n<ul>\n<li>gute L\u00f6sungen f\u00fcr Fenstersysteme, welche die Wohnqualit\u00e4t in Bezug auf Folgendes verbessern: Energieeffizienz, \u00c4sthetik, Sicherheit, Wohlbefinden, L\u00e4rmschutz und einfache Wartung;<\/li>\n<li>das ausgezeichnete lokale Bel\u00fcftungssystem MIKrovent, das mit unserem eigenen Wissen, eigener Entwicklung und Produktion hergestellt wird, womit es Spitzeneigenschaften bei der W\u00e4rmr\u00fcckgewinnung zur Erhaltung der W\u00e4rme der Innenr\u00e4ume liefert;<\/li>\n<li>Rahmen, mit dem das Bild und der Raum belebt werden;<\/li>\n<li>durch Investitionen in Immobilien, die ein h\u00f6heres Lebensniveau bieten;<\/li>\n<li>sozial verantwortliche Aktivit\u00e4ten, die direkt und indirekt das Leben im Umfeld, in dem wir schon seit 30 Jahren arbeiten und t\u00e4tig sind, verbessern.<\/li>\n<\/ul>\n<div class=\"is-divider divider clearfix\" style=\"max-width:100%;height:1px;\"><\/div>\n\t\t<\/div>\n\t\t\t\t\t<\/div>\n\n\t\n<\/div>\n<div class=\"row\"  id=\"row-1367656501\">\n\n\t<div id=\"col-908886829\" class=\"col small-12 large-12\"  >\n\t\t\t\t<div class=\"col-inner\"  >\n\t\t\t\n\t\t\t\n<h2 class=\"liteHeadline\"><span style=\"font-size: 180%;\">Unsere Qualit\u00e4tsgarantie<\/span><\/h2>\n<p>Die VISION von MIK strebt an, zum f\u00fchrenden Hersteller und dem Anbieter von umfangreichen IE2-L\u00f6sungen (Investitionen, Energie und \u00c4sthetik) f\u00fcr Sanierungen oder Neuverglasungen von Geb\u00e4uden in S\u00fcdosteuropa zu werden. Mit Qualit\u00e4tsprodukten erf\u00fcllen wir st\u00e4ndig die Anforderungen und Erwartungen unserer Kunden, um deren Zufriedenheit und die Anforderungen, denen wir zugestimmt haben, zu steigern.<\/p>\n\t\t<\/div>\n\t\t\t\t\t<\/div>\n\n\t\n\n\t<div id=\"col-1772473100\" class=\"col medium-6 small-12 large-6\"  >\n\t\t\t\t<div class=\"col-inner\"  >\n\t\t\t\n\t\t\t\n<h3><span style=\"font-size: 130%;\">Anerkannte Lieferanten<\/span><\/h3>\n<p>MIK arbeitet nur mit den anerkanntesten Lieferanten und Herstellern von Basis- und Zusatzsortimenten zusammen.<\/p>\n<h3><span style=\"font-size: 130%;\">Computergesteuerte Produktionslinie<\/span><\/h3>\n<p>Die Herstellungsgenauigkeit jeder Verbindung und jedes Produkts ist identisch (also sind das 1. und das 10\u2009000. Produkt identisch).<\/p>\n<h3><span style=\"font-size: 130%;\">Kurze Lieferzeiten<\/span><\/h3>\n<p>MIK h\u00f6rt immer den W\u00fcnschen und Anforderungen des Kunden zu, auch wenn es um Lieferzeiten geht.<\/p>\n<h3><span style=\"font-size: 130%;\">Hochwertige Beratung, Produktion und Service<\/span><\/h3>\n<p>Unser kompetentes Fachpersonal k\u00fcmmert sich um\u00a0 die Vorbereitung des Einbaus.<\/p>\n\t\t<\/div>\n\t\t\t\t\t<\/div>\n\n\t\n\n\t<div id=\"col-1400844962\" class=\"col medium-6 small-12 large-6\"  >\n\t\t\t\t<div class=\"col-inner\"  >\n\t\t\t\n\t\t\t\n<h3><span style=\"font-size: 130%;\">Energieausweis<\/span><\/h3>\n<p>MIK-Fenster erm\u00f6glichen die h\u00f6chste Energieeffizienz-Klasse A und bieten bis zu 30%ige Energieeinsparung beim Heizen oder K\u00fchlen.<\/p>\n<h3><span style=\"font-size: 130%;\">\u00d6kologischer Aspekte des Produkts<\/span><\/h3>\n<p>Alle Produkte und Materialien, die f\u00fcr den Beschaffungs-, Herstellungs- und Einbauprozess verwendet werden, sind umweltfreundlich.<\/p>\n<h3><span style=\"font-size: 130%;\">Umweltmanagement<\/span><\/h3>\n<p>Wir verpflichten uns zum Umweltschutz, zur Erf\u00fcllung der Verpflichtungen hinsichtlich der Konformit\u00e4t und zur Vermeidung von Verschmutzung, da wir uns st\u00e4ndig bestreben, die Energieeffizienz durch \u00dcberwachung des spezifischen Energieverbrauchs (Strom, Gas, Kraftstoff) und die Materialeffizienz (Abfallwirtschaft, Rohstoffverbrauch) zu steigern sowie andere soziale Auswirkungen (Auswirkungen auf Lieferanten usw.) zu \u00fcberwachen.<\/p>\n<h3><span style=\"font-size: 130%;\">St\u00e4ndige Verbesserungen<\/span><\/h3>\n<p>Wir verbessern st\u00e4ndig das integrierte Qualit\u00e4tsmanagementsystem und\u00a0 das Umweltmanagementsystem mit dem Ziel, die Effektivit\u00e4t des \u00a0Managementsystems von MIK d.o.o. zu verbessern.<\/p>\n\t\t<\/div>\n\t\t\t\t\t<\/div>\n\n\t\n\n\t<div id=\"col-1139914983\" class=\"col small-12 large-12\"  >\n\t\t\t\t<div class=\"col-inner\"  >\n\t\t\t\n\t\t\t\n<div class=\"is-divider divider clearfix\" style=\"max-width:100%;height:1px;\"><\/div>\n<p style=\"text-align: center;\">Gesch\u00e4ftsf\u00fchrer<br \/>Franc Pliber\u0161ek, Dipl.-Ing. Arch.<br \/>Vojnik,<br \/>08.08.2019<\/p>\n\t\t<\/div>\n\t\t\t\t\t<\/div>\n\n\t\n<\/div>\n\t\t<\/div>\n\n\t\t\n<style>\n#section_664176321 {\n  padding-top: 30px;\n  padding-bottom: 30px;\n}\n<\/style>\n\t<\/section>\n\t\n\n\t<section class=\"section\" id=\"section_1562749257\">\n\t\t<div class=\"section-bg fill\" >\n\t\t\t\t\t\t\t\t\t\n\t\t\t\n\t<div class=\"is-border is-dotted\"\n\t\tstyle=\"border-color:rgb(201, 201, 201);border-width:1px 0px 1px 0px;\">\n\t<\/div>\n\n\t\t<\/div>\n\n\t\t\n\n\t\t<div class=\"section-content relative\">\n\t\t\t\r\n\r\n<div class=\"row\"  id=\"row-1599599890\">\r\n\r\n\n\t<div id=\"col-442896799\" class=\"col small-12 large-12\"  data-animate=\"fadeInLeft\">\n\t\t\t\t<div class=\"col-inner text-left\"  >\n\t\t\t\n\t\t\t\r\n\r\n\r\n\r\n\t\t<\/div>\n\t\t\t\t\n<style>\n#col-442896799 > .col-inner {\n  padding: 10px 0px 0px 0px;\n  margin: 0px 0px -20px 0px;\n}\n<\/style>\n\t<\/div>\n\n\t\r\n\r\n<\/div>\r\n\r\n\t\t<\/div>\n\n\t\t\n<style>\n#section_1562749257 {\n  padding-top: 0px;\n  padding-bottom: 0px;\n  background-color: rgba(201, 201, 201, 0.1);\n}\n<\/style>\n\t<\/section>\n\t\n","protected":false},"excerpt":{"rendered":"","protected":false},"author":4,"featured_media":0,"parent":23401,"menu_order":2,"comment_status":"closed","ping_status":"closed","template":"page-blank.php","meta":{"_acf_changed":false,"footnotes":""},"class_list":["post-23413","page","type-page","status-publish","hentry"],"acf":[],"_links":{"self":[{"href":"https:\/\/www.mik-ce.si\/de\/wp-json\/wp\/v2\/pages\/23413","targetHints":{"allow":["GET"]}}],"collection":[{"href":"https:\/\/www.mik-ce.si\/de\/wp-json\/wp\/v2\/pages"}],"about":[{"href":"https:\/\/www.mik-ce.si\/de\/wp-json\/wp\/v2\/types\/page"}],"author":[{"embeddable":true,"href":"https:\/\/www.mik-ce.si\/de\/wp-json\/wp\/v2\/users\/4"}],"replies":[{"embeddable":true,"href":"https:\/\/www.mik-ce.si\/de\/wp-json\/wp\/v2\/comments?post=23413"}],"version-history":[{"count":0,"href":"https:\/\/www.mik-ce.si\/de\/wp-json\/wp\/v2\/pages\/23413\/revisions"}],"up":[{"embeddable":true,"href":"https:\/\/www.mik-ce.si\/de\/wp-json\/wp\/v2\/pages\/23401"}],"wp:attachment":[{"href":"https:\/\/www.mik-ce.si\/de\/wp-json\/wp\/v2\/media?parent=23413"}],"curies":[{"name":"wp","href":"https:\/\/api.w.org\/{rel}","templated":true}]}}