{"id":23409,"date":"2021-07-20T13:45:16","date_gmt":"2021-07-20T11:45:16","guid":{"rendered":"https:\/\/www.mik-ce.si\/ueber-das-unternehmen\/mission-vision-und-werte\/"},"modified":"2021-07-20T13:45:17","modified_gmt":"2021-07-20T11:45:17","slug":"mission-vision-und-werte","status":"publish","type":"page","link":"https:\/\/www.mik-ce.si\/de\/ueber-das-unternehmen\/mission-vision-und-werte\/","title":{"rendered":"Mission, Vision und Werte"},"content":{"rendered":"<div class=\"slider-wrapper relative\" id=\"slider-1030681340\" style=\"background-color:rgb(255,255,255);\">\n    <div class=\"slider slider-nav-circle slider-nav-large slider-nav-light slider-style-normal\"\n        data-flickity-options='{\n            \"cellAlign\": \"center\",\n            \"imagesLoaded\": true,\n            \"lazyLoad\": 1,\n            \"freeScroll\": false,\n            \"wrapAround\": true,\n            \"autoPlay\": 8000,\n            \"pauseAutoPlayOnHover\" : true,\n            \"prevNextButtons\": false,\n            \"contain\" : true,\n            \"adaptiveHeight\" : true,\n            \"dragThreshold\" : 10,\n            \"percentPosition\": true,\n            \"pageDots\": false,\n            \"rightToLeft\": false,\n            \"draggable\": true,\n            \"selectedAttraction\": 0.1,\n            \"parallax\" : 0,\n            \"friction\": 0.6        }'\n        >\n        \n\n  <div class=\"banner has-hover has-parallax\" id=\"banner-1024770002\">\n          <div class=\"banner-inner fill\">\n        <div class=\"banner-bg fill\" data-parallax=\"-3\" data-parallax-container=\".banner\" data-parallax-background>\n            <img decoding=\"async\" width=\"1020\" height=\"685\" src=\"https:\/\/www.mik-ce.si\/wp-content\/uploads\/2020\/05\/Poslanstvo-vizija-vrednoste-mik-celje-1192x800.jpg\" class=\"bg attachment-large size-large\" alt=\"\" \/>                        <div class=\"overlay\"><\/div>            \n                    <\/div>\n\t\t\n        <div class=\"banner-layers container\">\n            <div class=\"fill banner-link\"><\/div>            \n   <div id=\"text-box-1772755868\" class=\"text-box banner-layer x50 md-x50 lg-x50 y50 md-y50 lg-y50 res-text\">\n                     <div data-animate=\"fadeInLeft\">           <div class=\"text-box-content text dark text-shadow-2\">\n              \n              <div class=\"text-inner text-center\">\n                  \n<p><span style=\"font-size: 600%; font-family: lemongrass-script, sans-serif; font-weight: 400; font-style: normal; line-height:80px;\">Mission, Vision und Werte<\/span><\/p>\n<p><p><strong><span style=\"font-size: 150%;\">sind unsere Wurzeln, unsere Gegenwart und unsere Zukunft, denen wir mit unserem Hauptziel, unseren Kunden die besten Produkte und Dienstleistungen im Bereich des Einbaus von Bauelementen und Bel\u00fcftungssystemen anzubieten, treu bleiben.<\/span><\/strong><\/p>\n              <\/div>\n           <\/div>\n       <\/div>                     \n<style>\n#text-box-1772755868 {\n  margin: 0 0px 0px 0px;\n  width: 100%;\n}\n#text-box-1772755868 .text-box-content {\n  font-size: 100%;\n}\n@media (min-width:550px) {\n  #text-box-1772755868 {\n    width: 95%;\n  }\n}\n<\/style>\n    <\/div>\n \n        <\/div>\n      <\/div>\n\n            \n<style>\n#banner-1024770002 {\n  padding-top: 500px;\n  background-color: rgb(255,255,255);\n}\n#banner-1024770002 .overlay {\n  background-color: rgba(0, 0, 0, 0.25);\n}\n#banner-1024770002 .banner-bg img {\n  object-position: 51% 51%;\n}\n<\/style>\n  <\/div>\n\n\n     <\/div>\n\n     <div class=\"loading-spin dark large centered\"><\/div>\n\n\t<\/div>\n\n\n\n\t<section class=\"section\" id=\"section_108084501\">\n\t\t<div class=\"section-bg fill\" >\n\t\t\t\t\t\t\t\t\t\n\t\t\t\n\t<div class=\"is-border is-dotted\"\n\t\tstyle=\"border-color:rgb(201, 201, 201);border-width:1px 0px 1px 0px;\">\n\t<\/div>\n\n\t\t<\/div>\n\n\t\t\n\n\t\t<div class=\"section-content relative\">\n\t\t\t\r\n\r\n<div class=\"row\"  id=\"row-1928131643\">\r\n\r\n\n\t<div id=\"col-1720732312\" class=\"col small-12 large-12\"  data-animate=\"fadeInLeft\">\n\t\t\t\t<div class=\"col-inner text-left\"  >\n\t\t\t\n\t\t\t\r\n\r\n\r\n\r\n\t\t<\/div>\n\t\t\t\t\n<style>\n#col-1720732312 > .col-inner {\n  padding: 10px 0px 0px 0px;\n  margin: 0px 0px -20px 0px;\n}\n<\/style>\n\t<\/div>\n\n\t\r\n\r\n<\/div>\r\n\r\n\t\t<\/div>\n\n\t\t\n<style>\n#section_108084501 {\n  padding-top: 0px;\n  padding-bottom: 0px;\n  background-color: rgba(201, 201, 201, 0.1);\n}\n<\/style>\n\t<\/section>\n\t\n\n\t<section class=\"section\" id=\"section_96837573\">\n\t\t<div class=\"section-bg fill\" >\n\t\t\t\t\t\t\t\t\t\n\t\t\t\n\n\t\t<\/div>\n\n\t\t\n\n\t\t<div class=\"section-content relative\">\n\t\t\t\n<div class=\"row\"  id=\"row-490632533\">\n\n\t<div id=\"col-1001168306\" class=\"col small-12 large-12\"  >\n\t\t\t\t<div class=\"col-inner\"  >\n\t\t\t\n\t\t\t\n<h1 class=\"liteHeadline\"><span style=\"font-size: 200%;\">Mission, Vision und Werte<\/span><\/h1>\n\t\t<\/div>\n\t\t\t\t\n<style>\n#col-1001168306 > .col-inner {\n  padding: 30px 0px 0px 0px;\n  margin: 0px 0px -30px 0px;\n}\n<\/style>\n\t<\/div>\n\n\t\n<\/div>\n\t\t<\/div>\n\n\t\t\n<style>\n#section_96837573 {\n  padding-top: 30px;\n  padding-bottom: 30px;\n}\n<\/style>\n\t<\/section>\n\t\n\n\t<section class=\"section\" id=\"section_1585828099\">\n\t\t<div class=\"section-bg fill\" >\n\t\t\t\t\t\t\t\t\t\n\t\t\t\n\n\t\t<\/div>\n\n\t\t\n\n\t\t<div class=\"section-content relative\">\n\t\t\t\n<div class=\"row\"  id=\"row-584531546\">\n\n\t<div id=\"col-1129287946\" class=\"col medium-4 small-12 large-4\"  >\n\t\t\t\t<div class=\"col-inner\"  >\n\t\t\t\n\t\t\t\n\t<div class=\"img has-hover x md-x lg-x y md-y lg-y\" id=\"image_546964924\">\n\t\t\t\t\t\t\t\t<div class=\"img-inner dark\" >\n\t\t\t<img decoding=\"async\" width=\"800\" height=\"800\" src=\"https:\/\/www.mik-ce.si\/wp-content\/uploads\/2020\/05\/MIKovo-poslanstvo-800x800.png\" class=\"attachment-large size-large\" alt=\"\" srcset=\"https:\/\/www.mik-ce.si\/wp-content\/uploads\/2020\/05\/MIKovo-poslanstvo-800x800.png 800w, https:\/\/www.mik-ce.si\/wp-content\/uploads\/2020\/05\/MIKovo-poslanstvo-400x400.png 400w, https:\/\/www.mik-ce.si\/wp-content\/uploads\/2020\/05\/MIKovo-poslanstvo-280x280.png 280w, https:\/\/www.mik-ce.si\/wp-content\/uploads\/2020\/05\/MIKovo-poslanstvo-768x768.png 768w, https:\/\/www.mik-ce.si\/wp-content\/uploads\/2020\/05\/MIKovo-poslanstvo.png 1024w\" sizes=\"(max-width: 800px) 100vw, 800px\" \/>\t\t\t\t\t\t\n\t\t\t\t\t<\/div>\n\t\t\t\t\t\t\t\t\n<style>\n#image_546964924 {\n  width: 100%;\n}\n<\/style>\n\t<\/div>\n\t\n<h2 style=\"text-align: center;\"><strong>Die Mission von MIK<\/strong><\/h2>\n<p>Wir \u00e4ndern die Lebenseinstellung unserer Kunden und verbessern ihre Wohnqualit\u00e4t und ihren Lebensstil durch:<\/p>\n<ul>\n<li>gute L\u00f6sungen f\u00fcr Fenstersysteme, welche die Wohnqualit\u00e4t in Bezug auf Folgendes verbessern: Energieeffizienz, \u00c4sthetik, Sicherheit, Wohlbefinden, L\u00e4rmschutz und einfache Wartung;<\/li>\n<\/ul>\n<ul>\n<li>das ausgezeichnete lokale Bel\u00fcftungssystem MIKrovent, das mit unserem eigenen Wissen, eigener Entwicklung und Produktion hergestellt wird, womit es Spitzeneigenschaften bei der W\u00e4rmr\u00fcckgewinnung zur Erhaltung der W\u00e4rme der Innenr\u00e4ume liefert;<\/li>\n<\/ul>\n<ul>\n<li>Rahmen, mit dem das Bild und der Raum belebt werden;<\/li>\n<li>durch Investitionen in Immobilien, die ein h\u00f6heres Lebensniveau bieten;<\/li>\n<li>sozial verantwortliche Aktivit\u00e4ten, die direkt und indirekt das Leben im Umfeld, in dem wir schon seit 30 Jahren arbeiten und t\u00e4tig sind, verbessern.<\/li>\n<\/ul>\n\t\t<\/div>\n\t\t\t\t\t<\/div>\n\n\t\n\n\t<div id=\"col-758740324\" class=\"col medium-4 small-12 large-4\"  >\n\t\t\t\t<div class=\"col-inner\"  >\n\t\t\t\n\t\t\t\n\t<div class=\"img has-hover x md-x lg-x y md-y lg-y\" id=\"image_1225777971\">\n\t\t\t\t\t\t\t\t<div class=\"img-inner dark\" >\n\t\t\t<img decoding=\"async\" width=\"800\" height=\"800\" src=\"https:\/\/www.mik-ce.si\/wp-content\/uploads\/2020\/05\/MIKovo-vizija-800x800.png\" class=\"attachment-large size-large\" alt=\"\" srcset=\"https:\/\/www.mik-ce.si\/wp-content\/uploads\/2020\/05\/MIKovo-vizija-800x800.png 800w, https:\/\/www.mik-ce.si\/wp-content\/uploads\/2020\/05\/MIKovo-vizija-400x400.png 400w, https:\/\/www.mik-ce.si\/wp-content\/uploads\/2020\/05\/MIKovo-vizija-280x280.png 280w, https:\/\/www.mik-ce.si\/wp-content\/uploads\/2020\/05\/MIKovo-vizija-768x768.png 768w, https:\/\/www.mik-ce.si\/wp-content\/uploads\/2020\/05\/MIKovo-vizija.png 1024w\" sizes=\"(max-width: 800px) 100vw, 800px\" \/>\t\t\t\t\t\t\n\t\t\t\t\t<\/div>\n\t\t\t\t\t\t\t\t\n<style>\n#image_1225777971 {\n  width: 100%;\n}\n<\/style>\n\t<\/div>\n\t\n<h2 style=\"text-align: center;\"><strong>Die Vision von MIK<\/strong><\/h2>\n<p>Wir werden zum f\u00fchrenden Hersteller und Anbieter von Investitions-, Energie- und architektonisch-\u00e4sthetischen L\u00f6sungen f\u00fcr die Modernisierung oder Neuverglasung von Geb\u00e4uden in S\u00fcdosteuropa.<br \/>Dies bedeutet, dass wir auf einem Weg sind, auf dem wir zum f\u00fchrenden Hersteller und Anbieter von energieeffizienten PVC-, ALU-, Holz- und Holz-ALU-Bauelementen sowie umfassenden L\u00f6sungen f\u00fcr die Verglasung von R\u00e4umen mit einem hohen Niveau an Wohnqualit\u00e4t in diesem Teil Europas und Europa sowie zum f\u00fchrenden Hersteller und Trendsetter im Bereich der lokalen Bel\u00fcftungssysteme werden.<\/p>\n\t\t<\/div>\n\t\t\t\t\t<\/div>\n\n\t\n\n\t<div id=\"col-345943795\" class=\"col medium-4 small-12 large-4\"  >\n\t\t\t\t<div class=\"col-inner\"  >\n\t\t\t\n\t\t\t\n\t<div class=\"img has-hover x md-x lg-x y md-y lg-y\" id=\"image_1269837281\">\n\t\t\t\t\t\t\t\t<div class=\"img-inner dark\" >\n\t\t\t<img decoding=\"async\" width=\"800\" height=\"800\" src=\"https:\/\/www.mik-ce.si\/wp-content\/uploads\/2020\/05\/MIKovo-vrednote-800x800.png\" class=\"attachment-large size-large\" alt=\"\" srcset=\"https:\/\/www.mik-ce.si\/wp-content\/uploads\/2020\/05\/MIKovo-vrednote-800x800.png 800w, https:\/\/www.mik-ce.si\/wp-content\/uploads\/2020\/05\/MIKovo-vrednote-400x400.png 400w, https:\/\/www.mik-ce.si\/wp-content\/uploads\/2020\/05\/MIKovo-vrednote-280x280.png 280w, https:\/\/www.mik-ce.si\/wp-content\/uploads\/2020\/05\/MIKovo-vrednote-768x768.png 768w, https:\/\/www.mik-ce.si\/wp-content\/uploads\/2020\/05\/MIKovo-vrednote.png 1024w\" sizes=\"(max-width: 800px) 100vw, 800px\" \/>\t\t\t\t\t\t\n\t\t\t\t\t<\/div>\n\t\t\t\t\t\t\t\t\n<style>\n#image_1269837281 {\n  width: 100%;\n}\n<\/style>\n\t<\/div>\n\t\n<h2 style=\"text-align: center;\"><strong>Die Werte von MIK<\/strong><\/h2>\n<ul>\n<li>Beitrag zur Verbesserung der Wohnqualit\u00e4t von Einzelpersonen, der Gesellschaft und des Umfeldes, in dem wir t\u00e4tig sind.<\/li>\n<\/ul>\n<ul>\n<li>Die technischen und Lebensbed\u00fcrfnisse unserer Kunden zu erf\u00fcllen.<\/li>\n<li>Professionelle Unterst\u00fctzung und Beratung f\u00fcr unsere Kunden.<\/li>\n<li>St\u00e4ndige Investitionen in Entwicklung und Know-How.<\/li>\n<li>Bereitstellung modernster, hochtechnologischer und energieeffizienter L\u00f6sungen f\u00fcr Bauelemente und lokale Bel\u00fcftung.<\/li>\n<li>Beitrag zur Verbesserung des Lebens im Umfeld, in dem wir t\u00e4tig sind, durch positives und sozial verantwortliches Handeln.<\/li>\n<\/ul>\n\t\t<\/div>\n\t\t\t\t\t<\/div>\n\n\t\n<\/div>\n\t\t<\/div>\n\n\t\t\n<style>\n#section_1585828099 {\n  padding-top: 30px;\n  padding-bottom: 30px;\n}\n<\/style>\n\t<\/section>\n\t\n\n\t<section class=\"section\" id=\"section_1496092666\">\n\t\t<div class=\"section-bg fill\" >\n\t\t\t\t\t\t\t\t\t\n\t\t\t\n\t<div class=\"is-border is-dotted\"\n\t\tstyle=\"border-color:rgb(201, 201, 201);border-width:1px 0px 1px 0px;\">\n\t<\/div>\n\n\t\t<\/div>\n\n\t\t\n\n\t\t<div class=\"section-content relative\">\n\t\t\t\r\n\r\n<div class=\"row\"  id=\"row-1102572857\">\r\n\r\n\n\t<div id=\"col-1193143437\" class=\"col small-12 large-12\"  data-animate=\"fadeInLeft\">\n\t\t\t\t<div class=\"col-inner text-left\"  >\n\t\t\t\n\t\t\t\r\n\r\n\r\n\r\n\t\t<\/div>\n\t\t\t\t\n<style>\n#col-1193143437 > .col-inner {\n  padding: 10px 0px 0px 0px;\n  margin: 0px 0px -20px 0px;\n}\n<\/style>\n\t<\/div>\n\n\t\r\n\r\n<\/div>\r\n\r\n\t\t<\/div>\n\n\t\t\n<style>\n#section_1496092666 {\n  padding-top: 0px;\n  padding-bottom: 0px;\n  background-color: rgba(201, 201, 201, 0.1);\n}\n<\/style>\n\t<\/section>\n\t\n","protected":false},"excerpt":{"rendered":"","protected":false},"author":2,"featured_media":0,"parent":23401,"menu_order":1,"comment_status":"closed","ping_status":"closed","template":"page-blank.php","meta":{"_acf_changed":false,"footnotes":""},"class_list":["post-23409","page","type-page","status-publish","hentry"],"acf":[],"_links":{"self":[{"href":"https:\/\/www.mik-ce.si\/de\/wp-json\/wp\/v2\/pages\/23409","targetHints":{"allow":["GET"]}}],"collection":[{"href":"https:\/\/www.mik-ce.si\/de\/wp-json\/wp\/v2\/pages"}],"about":[{"href":"https:\/\/www.mik-ce.si\/de\/wp-json\/wp\/v2\/types\/page"}],"author":[{"embeddable":true,"href":"https:\/\/www.mik-ce.si\/de\/wp-json\/wp\/v2\/users\/2"}],"replies":[{"embeddable":true,"href":"https:\/\/www.mik-ce.si\/de\/wp-json\/wp\/v2\/comments?post=23409"}],"version-history":[{"count":0,"href":"https:\/\/www.mik-ce.si\/de\/wp-json\/wp\/v2\/pages\/23409\/revisions"}],"up":[{"embeddable":true,"href":"https:\/\/www.mik-ce.si\/de\/wp-json\/wp\/v2\/pages\/23401"}],"wp:attachment":[{"href":"https:\/\/www.mik-ce.si\/de\/wp-json\/wp\/v2\/media?parent=23409"}],"curies":[{"name":"wp","href":"https:\/\/api.w.org\/{rel}","templated":true}]}}