{"id":23277,"date":"2021-07-19T09:15:20","date_gmt":"2021-07-19T07:15:20","guid":{"rendered":"https:\/\/www.mik-ce.si\/tueren\/"},"modified":"2022-04-28T13:48:50","modified_gmt":"2022-04-28T11:48:50","slug":"tueren","status":"publish","type":"page","link":"https:\/\/www.mik-ce.si\/de\/tueren\/","title":{"rendered":"T\u00fcren"},"content":{"rendered":"\n  <div class=\"banner has-hover has-parallax\" id=\"banner-19245549\">\n          <div class=\"banner-inner fill\">\n        <div class=\"banner-bg fill\" data-parallax=\"-3\" data-parallax-container=\".banner\" data-parallax-background>\n            <img loading=\"lazy\" decoding=\"async\" width=\"1020\" height=\"680\" src=\"https:\/\/www.mik-ce.si\/wp-content\/uploads\/2020\/05\/Vhodna-vrata-MIK-Celje-1-1200x800.jpg\" class=\"bg attachment-large size-large\" alt=\"\" \/>                        <div class=\"overlay\"><\/div>            \n                    <\/div>\n\t\t\n        <div class=\"banner-layers container\">\n            <div class=\"fill banner-link\"><\/div>            \n   <div id=\"text-box-279644199\" class=\"text-box banner-layer x50 md-x50 lg-x50 y95 md-y95 lg-y95 res-text\">\n                     <div data-animate=\"fadeInLeft\">           <div class=\"text-box-content text dark text-shadow-2\">\n              \n              <div class=\"text-inner text-center\">\n                  \n<p><span style=\"font-size: 150%;\"><strong>Ausw\u00e4hlen<\/strong><\/span><\/p>\n<h2><span style=\"font-size: 200%;\">T\u00fcren von MIK<\/span><\/h2>\n<p><span style=\"font-size: 150%;\"><strong>F\u00fcr ein ganzheitliches Aussehen Ihres Zuhauses, zusammen mit einer Symbiose zwischen Sicherheit, Schall- und W\u00e4rmed\u00e4mmung sowie dem perfekten Aussehen des Eingangsbereichs in Ihre Oase des Wohlbefindens und des Friedens.<\/strong><\/span><\/p>\n              <\/div>\n           <\/div>\n       <\/div>                     \n<style>\n#text-box-279644199 {\n  margin: 0 0px 0px 0px;\n  width: 95%;\n}\n#text-box-279644199 .text-box-content {\n  font-size: 100%;\n}\n@media (min-width:550px) {\n  #text-box-279644199 {\n    width: 95%;\n  }\n}\n<\/style>\n    <\/div>\n \n        <\/div>\n      <\/div>\n\n            \n<style>\n#banner-19245549 {\n  padding-top: 500px;\n  background-color: rgb(255,255,255);\n}\n#banner-19245549 .overlay {\n  background-color: rgba(0, 0, 0, 0.25);\n}\n#banner-19245549 .banner-bg img {\n  object-position: 46% 20%;\n}\n<\/style>\n  <\/div>\n\n\n<div class=\"row row-small\"  id=\"row-1474532125\">\n\n\t<div id=\"col-1681191369\" class=\"col medium-6 small-12 large-6\"  >\n\t\t\t\t<div class=\"col-inner\"  >\n\t\t\t\n\t\t\t\n\n  <div class=\"banner has-hover\" id=\"banner-1752227134\">\n          <div class=\"banner-inner fill\">\n        <div class=\"banner-bg fill\" >\n            <img loading=\"lazy\" decoding=\"async\" width=\"1200\" height=\"800\" src=\"https:\/\/www.mik-ce.si\/wp-content\/uploads\/2020\/05\/PVC-Vhodna-vrata-MIK-Celje-1.jpg\" class=\"bg attachment-original size-original\" alt=\"\" \/>                                    \n                    <\/div>\n\t\t\n        <div class=\"banner-layers container\">\n            <a class=\"fill\" href=\"\/de\/tueren\/eingangstueren-mik\/\"><div class=\"fill banner-link\"><\/div><\/a>            \n   <div id=\"text-box-561854844\" class=\"text-box banner-layer x0 md-x0 lg-x0 y100 md-y100 lg-y100 res-text\">\n                     <div data-animate=\"fadeInLeft\">           <div class=\"text-box-content text dark\">\n              \n              <div class=\"text-inner text-left\">\n                  \n<h2 class=\"uppercase\"><strong><a href=\"\/de\/tueren\/eingangstueren-mik\/\">PVC-T\u00fcren<\/a><\/strong><\/h2>\n              <\/div>\n           <\/div>\n       <\/div>                     \n<style>\n#text-box-561854844 .text-box-content {\n  background-color: rgba(0, 0, 0, 0.5);\n  font-size: 100%;\n}\n#text-box-561854844 .text-inner {\n  padding: 10px 10px 10px 20px;\n}\n#text-box-561854844 {\n  width: 100%;\n}\n@media (min-width:550px) {\n  #text-box-561854844 {\n    width: 100%;\n  }\n}\n<\/style>\n    <\/div>\n \n        <\/div>\n      <\/div>\n\n            \n<style>\n#banner-1752227134 {\n  padding-top: 99%;\n  background-color: rgb(255, 255, 255);\n}\n@media (min-width:550px) {\n  #banner-1752227134 {\n    padding-top: 60%;\n  }\n}\n<\/style>\n  <\/div>\n\n\n\t\t<\/div>\n\t\t\t\t\t<\/div>\n\n\t\n\n\t<div id=\"col-648478332\" class=\"col medium-6 small-12 large-6\"  >\n\t\t\t\t<div class=\"col-inner\"  >\n\t\t\t\n\t\t\t\n\n  <div class=\"banner has-hover\" id=\"banner-1270260171\">\n          <div class=\"banner-inner fill\">\n        <div class=\"banner-bg fill\" >\n            <img loading=\"lazy\" decoding=\"async\" width=\"1140\" height=\"960\" src=\"https:\/\/www.mik-ce.si\/wp-content\/uploads\/2018\/10\/Ref-vrata-ALU-LES-22-MIK-Celje-by-Pirnar.jpg\" class=\"bg attachment-original size-original\" alt=\"\" \/>                                    \n                    <\/div>\n\t\t\n        <div class=\"banner-layers container\">\n            <a class=\"fill\" href=\"\/de\/tueren\/eingangstueren-pirnar\/#ALU-Turen\"><div class=\"fill banner-link\"><\/div><\/a>            \n   <div id=\"text-box-984891540\" class=\"text-box banner-layer x0 md-x0 lg-x0 y100 md-y100 lg-y100 res-text\">\n                     <div data-animate=\"fadeInLeft\">           <div class=\"text-box-content text dark\">\n              \n              <div class=\"text-inner text-left\">\n                  \n<h2 class=\"uppercase\"><strong><a href=\"\/de\/tueren\/eingangstueren-pirnar\/#ALU-Turen\">ALU-T\u00fcren<\/a><\/strong><\/h2>\n              <\/div>\n           <\/div>\n       <\/div>                     \n<style>\n#text-box-984891540 .text-box-content {\n  background-color: rgba(0, 0, 0, 0.5);\n  font-size: 100%;\n}\n#text-box-984891540 .text-inner {\n  padding: 10px 10px 10px 20px;\n}\n#text-box-984891540 {\n  width: 100%;\n}\n@media (min-width:550px) {\n  #text-box-984891540 {\n    width: 100%;\n  }\n}\n<\/style>\n    <\/div>\n \n        <\/div>\n      <\/div>\n\n            \n<style>\n#banner-1270260171 {\n  padding-top: 99%;\n  background-color: rgb(255, 255, 255);\n}\n#banner-1270260171 .banner-bg img {\n  object-position: 11% 46%;\n}\n@media (min-width:550px) {\n  #banner-1270260171 {\n    padding-top: 60%;\n  }\n}\n<\/style>\n  <\/div>\n\n\n\t\t<\/div>\n\t\t\t\t\t<\/div>\n\n\t\n<\/div>\n<div class=\"row row-small\"  id=\"row-1516237996\">\n\n\t<div id=\"col-647284333\" class=\"col medium-6 small-12 large-6\"  >\n\t\t\t\t<div class=\"col-inner\"  >\n\t\t\t\n\t\t\t\n\n  <div class=\"banner has-hover\" id=\"banner-654626968\">\n          <div class=\"banner-inner fill\">\n        <div class=\"banner-bg fill\" >\n            <img loading=\"lazy\" decoding=\"async\" width=\"1820\" height=\"1365\" src=\"https:\/\/www.mik-ce.si\/wp-content\/uploads\/2018\/10\/Vrata-vhodna-LES_LES-ALU-MIK-Celje.jpg\" class=\"bg attachment-original size-original\" alt=\"\" \/>                                    \n                    <\/div>\n\t\t\n        <div class=\"banner-layers container\">\n            <a class=\"fill\" href=\"\/de\/tueren\/eingangstueren-pirnar\/#HOLZ-ALU-Turen\"><div class=\"fill banner-link\"><\/div><\/a>            \n   <div id=\"text-box-634848131\" class=\"text-box banner-layer x0 md-x0 lg-x0 y100 md-y100 lg-y100 res-text\">\n                     <div data-animate=\"fadeInLeft\">           <div class=\"text-box-content text dark\">\n              \n              <div class=\"text-inner text-left\">\n                  \n<h2 class=\"uppercase\"><strong><a href=\"\/de\/tueren\/eingangstueren-pirnar\/#HOLZ-ALU-Turen\">HOLZ- und HOLZ-ALU-T\u00fcren<\/a><\/strong><\/h2>\n              <\/div>\n           <\/div>\n       <\/div>                     \n<style>\n#text-box-634848131 .text-box-content {\n  background-color: rgba(0, 0, 0, 0.5);\n  font-size: 100%;\n}\n#text-box-634848131 .text-inner {\n  padding: 10px 10px 10px 20px;\n}\n#text-box-634848131 {\n  width: 90%;\n}\n@media (min-width:550px) {\n  #text-box-634848131 {\n    width: 100%;\n  }\n}\n<\/style>\n    <\/div>\n \n        <\/div>\n      <\/div>\n\n            \n<style>\n#banner-654626968 {\n  padding-top: 110%;\n  background-color: rgb(255, 255, 255);\n}\n#banner-654626968 .banner-bg img {\n  object-position: 32% 27%;\n}\n@media (min-width:550px) {\n  #banner-654626968 {\n    padding-top: 60%;\n  }\n}\n<\/style>\n  <\/div>\n\n\n\t\t<\/div>\n\t\t\t\t\t<\/div>\n\n\t\n\n\t<div id=\"col-264443152\" class=\"col medium-6 small-12 large-6\"  >\n\t\t\t\t<div class=\"col-inner\"  >\n\t\t\t\n\t\t\t\n\n  <div class=\"banner has-hover\" id=\"banner-1810749158\">\n          <div class=\"banner-inner fill\">\n        <div class=\"banner-bg fill\" >\n            <img loading=\"lazy\" decoding=\"async\" width=\"2022\" height=\"1348\" src=\"https:\/\/www.mik-ce.si\/wp-content\/uploads\/2018\/10\/Vrata-vhodna-Garazna-MIK-Celje.jpg\" class=\"bg attachment-original size-original\" alt=\"\" \/>                                    \n                    <\/div>\n\t\t\n        <div class=\"banner-layers container\">\n            <a class=\"fill\" href=\"\/de\/tueren\/garagentore\/\"><div class=\"fill banner-link\"><\/div><\/a>            \n   <div id=\"text-box-2000423123\" class=\"text-box banner-layer x0 md-x0 lg-x0 y100 md-y100 lg-y100 res-text\">\n                     <div data-animate=\"fadeInLeft\">           <div class=\"text-box-content text dark\">\n              \n              <div class=\"text-inner text-left\">\n                  \n<h2 class=\"uppercase\"><strong><a href=\"\/de\/tueren\/garagentore\/\">Garagentore<\/a><\/strong><\/h2>\n              <\/div>\n           <\/div>\n       <\/div>                     \n<style>\n#text-box-2000423123 .text-box-content {\n  background-color: rgba(0, 0, 0, 0.5);\n  font-size: 100%;\n}\n#text-box-2000423123 .text-inner {\n  padding: 10px 10px 10px 20px;\n}\n#text-box-2000423123 {\n  width: 90%;\n}\n@media (min-width:550px) {\n  #text-box-2000423123 {\n    width: 100%;\n  }\n}\n<\/style>\n    <\/div>\n \n        <\/div>\n      <\/div>\n\n            \n<style>\n#banner-1810749158 {\n  padding-top: 110%;\n  background-color: rgb(255,255,255);\n}\n@media (min-width:550px) {\n  #banner-1810749158 {\n    padding-top: 60%;\n  }\n}\n<\/style>\n  <\/div>\n\n\n\t\t<\/div>\n\t\t\t\t\n<style>\n#col-264443152 > .col-inner {\n  padding: 0px 0px 0px 0px;\n  margin: 0px 0px 0px 0px;\n}\n<\/style>\n\t<\/div>\n\n\t\n<\/div>\n","protected":false},"excerpt":{"rendered":"","protected":false},"author":2,"featured_media":0,"parent":0,"menu_order":32,"comment_status":"closed","ping_status":"closed","template":"page-blank.php","meta":{"_acf_changed":false,"footnotes":""},"class_list":["post-23277","page","type-page","status-publish","hentry"],"acf":[],"_links":{"self":[{"href":"https:\/\/www.mik-ce.si\/de\/wp-json\/wp\/v2\/pages\/23277","targetHints":{"allow":["GET"]}}],"collection":[{"href":"https:\/\/www.mik-ce.si\/de\/wp-json\/wp\/v2\/pages"}],"about":[{"href":"https:\/\/www.mik-ce.si\/de\/wp-json\/wp\/v2\/types\/page"}],"author":[{"embeddable":true,"href":"https:\/\/www.mik-ce.si\/de\/wp-json\/wp\/v2\/users\/2"}],"replies":[{"embeddable":true,"href":"https:\/\/www.mik-ce.si\/de\/wp-json\/wp\/v2\/comments?post=23277"}],"version-history":[{"count":0,"href":"https:\/\/www.mik-ce.si\/de\/wp-json\/wp\/v2\/pages\/23277\/revisions"}],"wp:attachment":[{"href":"https:\/\/www.mik-ce.si\/de\/wp-json\/wp\/v2\/media?parent=23277"}],"curies":[{"name":"wp","href":"https:\/\/api.w.org\/{rel}","templated":true}]}}