{"id":23176,"date":"2021-07-14T15:14:27","date_gmt":"2021-07-14T13:14:27","guid":{"rendered":"https:\/\/www.mik-ce.si\/zubehoer\/fensterbaenke\/"},"modified":"2021-08-07T10:53:56","modified_gmt":"2021-08-07T08:53:56","slug":"fensterbaenke","status":"publish","type":"page","link":"https:\/\/www.mik-ce.si\/de\/fenster\/zubehoer\/fensterbaenke\/","title":{"rendered":"Fensterb\u00e4nke"},"content":{"rendered":"<div class=\"slider-wrapper relative\" id=\"slider-538976997\" style=\"background-color:rgb(255,255,255);\">\n    <div class=\"slider slider-nav-circle slider-nav-large slider-nav-light slider-style-normal\"\n        data-flickity-options='{\n            \"cellAlign\": \"center\",\n            \"imagesLoaded\": true,\n            \"lazyLoad\": 1,\n            \"freeScroll\": false,\n            \"wrapAround\": true,\n            \"autoPlay\": 8000,\n            \"pauseAutoPlayOnHover\" : true,\n            \"prevNextButtons\": true,\n            \"contain\" : true,\n            \"adaptiveHeight\" : true,\n            \"dragThreshold\" : 10,\n            \"percentPosition\": true,\n            \"pageDots\": false,\n            \"rightToLeft\": false,\n            \"draggable\": true,\n            \"selectedAttraction\": 0.1,\n            \"parallax\" : 0,\n            \"friction\": 0.6        }'\n        >\n        \n\n  <div class=\"banner has-hover has-parallax\" id=\"banner-183248130\">\n          <div class=\"banner-inner fill\">\n        <div class=\"banner-bg fill\" data-parallax=\"-3\" data-parallax-container=\".banner\" data-parallax-background>\n            <img decoding=\"async\" width=\"2000\" height=\"980\" src=\"https:\/\/www.mik-ce.si\/wp-content\/uploads\/2020\/09\/Okenske-police-03.jpg\" class=\"bg attachment-original size-original\" alt=\"\" \/>                        <div class=\"overlay\"><\/div>            \n                    <\/div>\n\t\t\n        <div class=\"banner-layers container\">\n            <div class=\"fill banner-link\"><\/div>            \n   <div id=\"text-box-1679183981\" class=\"text-box banner-layer x50 md-x50 lg-x50 y50 md-y50 lg-y50 res-text\">\n                     <div data-animate=\"fadeInLeft\">           <div class=\"text-box-content text dark text-shadow-2\">\n              \n              <div class=\"text-inner text-center\">\n                  \n<h2><span style=\"font-size: 200%;\">Fensterb\u00e4nke<\/span><\/h2>\n              <\/div>\n           <\/div>\n       <\/div>                     \n<style>\n#text-box-1679183981 {\n  margin: 0 0px 0px 0px;\n  width: 95%;\n}\n#text-box-1679183981 .text-box-content {\n  font-size: 100%;\n}\n@media (min-width:550px) {\n  #text-box-1679183981 {\n    width: 95%;\n  }\n}\n<\/style>\n    <\/div>\n \n        <\/div>\n      <\/div>\n\n            \n<style>\n#banner-183248130 {\n  padding-top: 501px;\n  background-color: rgb(255,255,255);\n}\n#banner-183248130 .overlay {\n  background-color: rgba(0, 0, 0, 0.25);\n}\n#banner-183248130 .banner-bg img {\n  object-position: 0% 100%;\n}\n<\/style>\n  <\/div>\n\n\n     <\/div>\n\n     <div class=\"loading-spin dark large centered\"><\/div>\n\n\t<\/div>\n\n\n\n\t<section class=\"section\" id=\"section_825140818\">\n\t\t<div class=\"section-bg fill\" >\n\t\t\t\t\t\t\t\t\t\n\t\t\t\n\t<div class=\"is-border is-dotted\"\n\t\tstyle=\"border-color:rgb(201, 201, 201);border-width:1px 0px 1px 0px;\">\n\t<\/div>\n\n\t\t<\/div>\n\n\t\t\n\n\t\t<div class=\"section-content relative\">\n\t\t\t\r\n\r\n<div class=\"row\"  id=\"row-537358426\">\r\n\r\n\n\t<div id=\"col-1469458028\" class=\"col small-12 large-12\"  data-animate=\"fadeInLeft\">\n\t\t\t\t<div class=\"col-inner text-left\"  >\n\t\t\t\n\t\t\t\r\n\r\n\r\n\r\n\t\t<\/div>\n\t\t\t\t\n<style>\n#col-1469458028 > .col-inner {\n  padding: 10px 0px 0px 0px;\n  margin: 0px 0px -20px 0px;\n}\n<\/style>\n\t<\/div>\n\n\t\r\n\r\n<\/div>\r\n\r\n\t\t<\/div>\n\n\t\t\n<style>\n#section_825140818 {\n  padding-top: 0px;\n  padding-bottom: 0px;\n  background-color: rgba(201, 201, 201, 0.1);\n}\n<\/style>\n\t<\/section>\n\t\n<div class=\"row\"  id=\"row-1849842415\">\n\n\t<div id=\"col-1694040379\" class=\"col medium-6 small-12 large-6\"  >\n\t\t\t\t<div class=\"col-inner\"  >\n\t\t\t\n\t\t\t\n\n  <div class=\"banner has-hover bg-zoom\" id=\"banner-1925414874\">\n          <div class=\"banner-inner fill\">\n        <div class=\"banner-bg fill\" >\n            <img decoding=\"async\" width=\"992\" height=\"661\" src=\"https:\/\/www.mik-ce.si\/wp-content\/uploads\/2020\/09\/Zunanje-police-04.jpg\" class=\"bg attachment-large size-large\" alt=\"\" \/>                                    \n                    <\/div>\n\t\t\n        <div class=\"banner-layers container\">\n            <a class=\"fill\" href=\"\/de\/zubehoer\/fensterbaenke\/aussenfensterbaenke\/\"><div class=\"fill banner-link\"><\/div><\/a>            \n   <div id=\"text-box-2068888128\" class=\"text-box banner-layer x50 md-x50 lg-x50 y100 md-y100 lg-y100 res-text\">\n                                <div class=\"text-box-content text dark\">\n              \n              <div class=\"text-inner text-left\">\n                  \n<h2 class=\"uppercase\"><strong><a href=\"\/de\/zubehoer\/fensterbaenke\/aussenfensterbaenke\/\">Au\u00dfenfensterb\u00e4nke<\/a><\/strong><\/h2>\n              <\/div>\n           <\/div>\n                            \n<style>\n#text-box-2068888128 .text-box-content {\n  background-color: rgba(0, 0, 0, 0.5);\n  font-size: 100%;\n}\n#text-box-2068888128 .text-inner {\n  padding: 10px 10px 10px 20px;\n}\n#text-box-2068888128 {\n  width: 90%;\n}\n@media (min-width:550px) {\n  #text-box-2068888128 {\n    width: 100%;\n  }\n}\n<\/style>\n    <\/div>\n \n        <\/div>\n      <\/div>\n\n            \n<style>\n#banner-1925414874 {\n  padding-top: 100%;\n  background-color: rgb(255,255,255);\n}\n#banner-1925414874 .banner-bg img {\n  object-position: 50% 60%;\n}\n@media (min-width:550px) {\n  #banner-1925414874 {\n    padding-top: 60%;\n  }\n}\n<\/style>\n  <\/div>\n\n\n\t<div id=\"gap-487484211\" class=\"gap-element clearfix\" style=\"display:block; height:auto;\">\n\t\t\n<style>\n#gap-487484211 {\n  padding-top: 10px;\n}\n<\/style>\n\t<\/div>\n\t\n<p class=\"both\">Au\u00dfenfensterb\u00e4nke sch\u00fctzen die Fassade vor Schmutz, der sich auf der Fensterbank anstelle der Fassade sammelt und leicht abzuwischen ist.<\/p>\n\t\t<\/div>\n\t\t\t\t\t<\/div>\n\n\t\n\n\t<div id=\"col-1851408406\" class=\"col medium-6 small-12 large-6\"  >\n\t\t\t\t<div class=\"col-inner\"  >\n\t\t\t\n\t\t\t\n\n  <div class=\"banner has-hover bg-zoom\" id=\"banner-1316108585\">\n          <div class=\"banner-inner fill\">\n        <div class=\"banner-bg fill\" >\n            <img decoding=\"async\" width=\"1000\" height=\"667\" src=\"https:\/\/www.mik-ce.si\/wp-content\/uploads\/2020\/09\/Notranje-police-01.jpg\" class=\"bg attachment-original size-original\" alt=\"\" \/>                                    \n                    <\/div>\n\t\t\n        <div class=\"banner-layers container\">\n            <a class=\"fill\" href=\"\/de\/zubehoer\/fensterbaenke\/innenfensterbaenke\/\"><div class=\"fill banner-link\"><\/div><\/a>            \n   <div id=\"text-box-18603154\" class=\"text-box banner-layer x50 md-x50 lg-x50 y100 md-y100 lg-y100 res-text\">\n                                <div class=\"text-box-content text dark\">\n              \n              <div class=\"text-inner text-left\">\n                  \n<h2 class=\"uppercase\"><strong><a href=\"\/de\/zubehoer\/fensterbaenke\/innenfensterbaenke\/\" data-wplink-edit=\"true\">Innenfensterb\u00e4nke<\/a><\/strong><\/h2>\n              <\/div>\n           <\/div>\n                            \n<style>\n#text-box-18603154 .text-box-content {\n  background-color: rgba(0, 0, 0, 0.5);\n  font-size: 100%;\n}\n#text-box-18603154 .text-inner {\n  padding: 10px 10px 10px 20px;\n}\n#text-box-18603154 {\n  width: 90%;\n}\n@media (min-width:550px) {\n  #text-box-18603154 {\n    width: 100%;\n  }\n}\n<\/style>\n    <\/div>\n \n        <\/div>\n      <\/div>\n\n            \n<style>\n#banner-1316108585 {\n  padding-top: 115%;\n  background-color: rgb(255,255,255);\n}\n@media (min-width:550px) {\n  #banner-1316108585 {\n    padding-top: 60%;\n  }\n}\n<\/style>\n  <\/div>\n\n\n\t<div id=\"gap-866175505\" class=\"gap-element clearfix\" style=\"display:block; height:auto;\">\n\t\t\n<style>\n#gap-866175505 {\n  padding-top: 10px;\n}\n<\/style>\n\t<\/div>\n\t\n<p class=\"both\">Innenfensterb\u00e4nke sch\u00fctzen die Wand unter dem Fenster und dienen h\u00e4ufig als funktionaler Stauraum und Erg\u00e4nzung des Innenraums.<\/p>\n\t\t<\/div>\n\t\t\t\t\t<\/div>\n\n\t\n\n<style>\n#row-1849842415 > .col > .col-inner {\n  padding: 20px 0px 0px 0px;\n}\n<\/style>\n<\/div>\n","protected":false},"excerpt":{"rendered":"","protected":false},"author":2,"featured_media":0,"parent":23155,"menu_order":1,"comment_status":"closed","ping_status":"closed","template":"page-blank.php","meta":{"_acf_changed":false,"footnotes":""},"class_list":["post-23176","page","type-page","status-publish","hentry"],"acf":[],"_links":{"self":[{"href":"https:\/\/www.mik-ce.si\/de\/wp-json\/wp\/v2\/pages\/23176","targetHints":{"allow":["GET"]}}],"collection":[{"href":"https:\/\/www.mik-ce.si\/de\/wp-json\/wp\/v2\/pages"}],"about":[{"href":"https:\/\/www.mik-ce.si\/de\/wp-json\/wp\/v2\/types\/page"}],"author":[{"embeddable":true,"href":"https:\/\/www.mik-ce.si\/de\/wp-json\/wp\/v2\/users\/2"}],"replies":[{"embeddable":true,"href":"https:\/\/www.mik-ce.si\/de\/wp-json\/wp\/v2\/comments?post=23176"}],"version-history":[{"count":0,"href":"https:\/\/www.mik-ce.si\/de\/wp-json\/wp\/v2\/pages\/23176\/revisions"}],"up":[{"embeddable":true,"href":"https:\/\/www.mik-ce.si\/de\/wp-json\/wp\/v2\/pages\/23155"}],"wp:attachment":[{"href":"https:\/\/www.mik-ce.si\/de\/wp-json\/wp\/v2\/media?parent=23176"}],"curies":[{"name":"wp","href":"https:\/\/api.w.org\/{rel}","templated":true}]}}