{"id":23159,"date":"2021-07-13T14:05:04","date_gmt":"2021-07-13T12:05:04","guid":{"rendered":"https:\/\/www.mik-ce.si\/zubehoer\/sonnenschutz\/"},"modified":"2021-08-07T07:49:37","modified_gmt":"2021-08-07T05:49:37","slug":"sonnenschutz","status":"publish","type":"page","link":"https:\/\/www.mik-ce.si\/de\/fenster\/zubehoer\/sonnenschutz\/","title":{"rendered":"Sonnenschutz"},"content":{"rendered":"<div class=\"slider-wrapper relative\" id=\"slider-822482785\" style=\"background-color:rgb(255,255,255);\">\n    <div class=\"slider slider-nav-circle slider-nav-large slider-nav-light slider-style-normal\"\n        data-flickity-options='{\n            \"cellAlign\": \"center\",\n            \"imagesLoaded\": true,\n            \"lazyLoad\": 1,\n            \"freeScroll\": false,\n            \"wrapAround\": true,\n            \"autoPlay\": 8000,\n            \"pauseAutoPlayOnHover\" : true,\n            \"prevNextButtons\": true,\n            \"contain\" : true,\n            \"adaptiveHeight\" : true,\n            \"dragThreshold\" : 10,\n            \"percentPosition\": true,\n            \"pageDots\": false,\n            \"rightToLeft\": false,\n            \"draggable\": true,\n            \"selectedAttraction\": 0.1,\n            \"parallax\" : 0,\n            \"friction\": 0.6        }'\n        >\n        \n\n  <div class=\"banner has-hover has-parallax\" id=\"banner-1399819285\">\n          <div class=\"banner-inner fill\">\n        <div class=\"banner-bg fill\" data-parallax=\"-3\" data-parallax-container=\".banner\" data-parallax-background>\n            <img decoding=\"async\" width=\"1020\" height=\"765\" src=\"https:\/\/www.mik-ce.si\/wp-content\/uploads\/2020\/09\/Sencila-01-1067x800.jpg\" class=\"bg attachment-large size-large\" alt=\"\" \/>                        <div class=\"overlay\"><\/div>            \n                    <\/div>\n\t\t\n        <div class=\"banner-layers container\">\n            <div class=\"fill banner-link\"><\/div>            \n   <div id=\"text-box-2096534731\" class=\"text-box banner-layer x50 md-x50 lg-x50 y50 md-y50 lg-y50 res-text\">\n                     <div data-animate=\"fadeInLeft\">           <div class=\"text-box-content text dark text-shadow-2\">\n              \n              <div class=\"text-inner text-center\">\n                  \n<h2><span style=\"font-size: 200%;\">Sonnenschutz<\/span><\/h2>\n              <\/div>\n           <\/div>\n       <\/div>                     \n<style>\n#text-box-2096534731 {\n  margin: 0 0px 0px 0px;\n  width: 95%;\n}\n#text-box-2096534731 .text-box-content {\n  font-size: 100%;\n}\n@media (min-width:550px) {\n  #text-box-2096534731 {\n    width: 95%;\n  }\n}\n<\/style>\n    <\/div>\n \n        <\/div>\n      <\/div>\n\n            \n<style>\n#banner-1399819285 {\n  padding-top: 500px;\n  background-color: rgb(255,255,255);\n}\n#banner-1399819285 .overlay {\n  background-color: rgba(0, 0, 0, 0.25);\n}\n#banner-1399819285 .banner-bg img {\n  object-position: 53% 68%;\n}\n<\/style>\n  <\/div>\n\n\n     <\/div>\n\n     <div class=\"loading-spin dark large centered\"><\/div>\n\n\t<\/div>\n\n\n\n\t<section class=\"section\" id=\"section_1887419075\">\n\t\t<div class=\"section-bg fill\" >\n\t\t\t\t\t\t\t\t\t\n\t\t\t\n\t<div class=\"is-border is-dotted\"\n\t\tstyle=\"border-color:rgb(201, 201, 201);border-width:1px 0px 1px 0px;\">\n\t<\/div>\n\n\t\t<\/div>\n\n\t\t\n\n\t\t<div class=\"section-content relative\">\n\t\t\t\r\n\r\n<div class=\"row\"  id=\"row-1138268169\">\r\n\r\n\n\t<div id=\"col-499409006\" class=\"col small-12 large-12\"  data-animate=\"fadeInLeft\">\n\t\t\t\t<div class=\"col-inner text-left\"  >\n\t\t\t\n\t\t\t\r\n\r\n\r\n\r\n\t\t<\/div>\n\t\t\t\t\n<style>\n#col-499409006 > .col-inner {\n  padding: 10px 0px 0px 0px;\n  margin: 0px 0px -20px 0px;\n}\n<\/style>\n\t<\/div>\n\n\t\r\n\r\n<\/div>\r\n\r\n\t\t<\/div>\n\n\t\t\n<style>\n#section_1887419075 {\n  padding-top: 0px;\n  padding-bottom: 0px;\n  background-color: rgba(201, 201, 201, 0.1);\n}\n<\/style>\n\t<\/section>\n\t\n<div class=\"row\"  id=\"row-1886335474\">\n\n\t<div id=\"col-1858576975\" class=\"col medium-6 small-12 large-6\"  >\n\t\t\t\t<div class=\"col-inner\"  >\n\t\t\t\n\t\t\t\n\n  <div class=\"banner has-hover bg-zoom has-parallax\" id=\"banner-162555379\">\n          <div class=\"banner-inner fill\">\n        <div class=\"banner-bg fill\" data-parallax=\"-3\" data-parallax-container=\".banner\" data-parallax-background>\n            <img decoding=\"async\" width=\"1000\" height=\"750\" src=\"https:\/\/www.mik-ce.si\/wp-content\/uploads\/2020\/09\/Rolete-zunanje-podometne.jpg\" class=\"bg attachment-original size-original\" alt=\"\" \/>                                    \n                    <\/div>\n\t\t\n        <div class=\"banner-layers container\">\n            <a class=\"fill\" href=\"https:\/\/www.mik-ce.si\/de\/zubehoer\/sonnenschutz\/aussensonnenschutz\/\"><div class=\"fill banner-link\"><\/div><\/a>            \n   <div id=\"text-box-1663364365\" class=\"text-box banner-layer x50 md-x50 lg-x50 y100 md-y100 lg-y100 res-text\">\n                                <div class=\"text-box-content text dark\">\n              \n              <div class=\"text-inner text-left\">\n                  \n<h2 class=\"uppercase\"><strong><a href=\"\/de\/zubehoer\/sonnenschutz\/aussensonnenschutz\/\">AUSSENSONNENSCHUTZ<\/a><\/strong><\/h2>\n              <\/div>\n           <\/div>\n                            \n<style>\n#text-box-1663364365 .text-box-content {\n  background-color: rgba(0, 0, 0, 0.5);\n  font-size: 100%;\n}\n#text-box-1663364365 .text-inner {\n  padding: 10px 10px 10px 20px;\n}\n#text-box-1663364365 {\n  width: 90%;\n}\n@media (min-width:550px) {\n  #text-box-1663364365 {\n    width: 100%;\n  }\n}\n<\/style>\n    <\/div>\n \n        <\/div>\n      <\/div>\n\n            \n<style>\n#banner-162555379 {\n  padding-top: 100%;\n}\n#banner-162555379 .banner-bg img {\n  object-position: 63% 51%;\n}\n@media (min-width:550px) {\n  #banner-162555379 {\n    padding-top: 60%;\n  }\n}\n<\/style>\n  <\/div>\n\n\n\t<div id=\"gap-1263670841\" class=\"gap-element clearfix\" style=\"display:block; height:auto;\">\n\t\t\n<style>\n#gap-1263670841 {\n  padding-top: 10px;\n}\n<\/style>\n\t<\/div>\n\t\n<p>Hochwertige Au\u00dfenjalousien, Rolll\u00e4den, Fensterl\u00e4den und Screen-Rollos <strong>sch\u00fctzen Ihr Zuhause vor neugierigen Blicken, starker Sonne und Hitze<\/strong> und sorgen auch f\u00fcr ein einheitliches und ordentliches Erscheinungsbild. Eine <strong>reiche Auswahl an Au\u00dfensonnenschutzl\u00f6sungen<\/strong> biete eine Vielfalt an Materialien und Formen sowie eine perfekte Anpassung an jeden Geschmack und Stil.<\/p>\n\t\t<\/div>\n\t\t\t\t\t<\/div>\n\n\t\n\n\t<div id=\"col-407722621\" class=\"col medium-6 small-12 large-6\"  >\n\t\t\t\t<div class=\"col-inner\"  >\n\t\t\t\n\t\t\t\n\n  <div class=\"banner has-hover bg-zoom has-parallax\" id=\"banner-632600380\">\n          <div class=\"banner-inner fill\">\n        <div class=\"banner-bg fill\" data-parallax=\"-3\" data-parallax-container=\".banner\" data-parallax-background>\n            <img decoding=\"async\" width=\"2000\" height=\"750\" src=\"https:\/\/www.mik-ce.si\/wp-content\/uploads\/2020\/09\/Notranje-zaluzije-01.jpg\" class=\"bg attachment-original size-original\" alt=\"\" \/>                                    \n                    <\/div>\n\t\t\n        <div class=\"banner-layers container\">\n            <a class=\"fill\" href=\"https:\/\/www.mik-ce.si\/de\/zubehoer\/sonnenschutz\/innensonnenschutz\/\"><div class=\"fill banner-link\"><\/div><\/a>            \n   <div id=\"text-box-163658086\" class=\"text-box banner-layer x50 md-x50 lg-x50 y100 md-y100 lg-y100 res-text\">\n                                <div class=\"text-box-content text dark\">\n              \n              <div class=\"text-inner text-left\">\n                  \n<h2 class=\"uppercase\"><strong><a href=\"\/de\/zubehoer\/sonnenschutz\/innensonnenschutz\/\">INNENSONNENSCHUTZ<\/a><\/strong><\/h2>\n              <\/div>\n           <\/div>\n                            \n<style>\n#text-box-163658086 .text-box-content {\n  background-color: rgba(0, 0, 0, 0.5);\n  font-size: 100%;\n}\n#text-box-163658086 .text-inner {\n  padding: 10px 10px 10px 20px;\n}\n#text-box-163658086 {\n  width: 90%;\n}\n@media (min-width:550px) {\n  #text-box-163658086 {\n    width: 100%;\n  }\n}\n<\/style>\n    <\/div>\n \n        <\/div>\n      <\/div>\n\n            \n<style>\n#banner-632600380 {\n  padding-top: 115%;\n}\n#banner-632600380 .banner-bg img {\n  object-position: 55% 0%;\n}\n@media (min-width:550px) {\n  #banner-632600380 {\n    padding-top: 60%;\n  }\n}\n<\/style>\n  <\/div>\n\n\n\t<div id=\"gap-853672064\" class=\"gap-element clearfix\" style=\"display:block; height:auto;\">\n\t\t\n<style>\n#gap-853672064 {\n  padding-top: 10px;\n}\n<\/style>\n\t<\/div>\n\t\n<p class=\"both\"><strong>Hochwertige Innenjalousien<\/strong>, Screen-Rollos und Lamellen sind ein <strong>dekoratives und praktisches Zubeh\u00f6r<\/strong> f\u00fcr Ihre Fenster, die Sie vor neugierigen Blicken sch\u00fctzen und gleichzeitig den Raum teilweise verdunkeln und so vor dem Eindringen von starkem Tageslicht sch\u00fctzen.<\/p>\n\t\t<\/div>\n\t\t\t\t\t<\/div>\n\n\t\n\n<style>\n#row-1886335474 > .col > .col-inner {\n  padding: 0px 0px 0px 0px;\n}\n<\/style>\n<\/div>\n","protected":false},"excerpt":{"rendered":"","protected":false},"author":2,"featured_media":0,"parent":23155,"menu_order":0,"comment_status":"closed","ping_status":"closed","template":"page-blank.php","meta":{"_acf_changed":false,"footnotes":""},"class_list":["post-23159","page","type-page","status-publish","hentry"],"acf":[],"_links":{"self":[{"href":"https:\/\/www.mik-ce.si\/de\/wp-json\/wp\/v2\/pages\/23159","targetHints":{"allow":["GET"]}}],"collection":[{"href":"https:\/\/www.mik-ce.si\/de\/wp-json\/wp\/v2\/pages"}],"about":[{"href":"https:\/\/www.mik-ce.si\/de\/wp-json\/wp\/v2\/types\/page"}],"author":[{"embeddable":true,"href":"https:\/\/www.mik-ce.si\/de\/wp-json\/wp\/v2\/users\/2"}],"replies":[{"embeddable":true,"href":"https:\/\/www.mik-ce.si\/de\/wp-json\/wp\/v2\/comments?post=23159"}],"version-history":[{"count":0,"href":"https:\/\/www.mik-ce.si\/de\/wp-json\/wp\/v2\/pages\/23159\/revisions"}],"up":[{"embeddable":true,"href":"https:\/\/www.mik-ce.si\/de\/wp-json\/wp\/v2\/pages\/23155"}],"wp:attachment":[{"href":"https:\/\/www.mik-ce.si\/de\/wp-json\/wp\/v2\/media?parent=23159"}],"curies":[{"name":"wp","href":"https:\/\/api.w.org\/{rel}","templated":true}]}}