{"id":23111,"date":"2021-07-12T15:02:30","date_gmt":"2021-07-12T13:02:30","guid":{"rendered":"https:\/\/www.mik-ce.si\/holz-alu-fenster\/"},"modified":"2022-04-28T12:19:50","modified_gmt":"2022-04-28T10:19:50","slug":"holz-alu-fenster","status":"publish","type":"page","link":"https:\/\/www.mik-ce.si\/de\/fenster\/holz-alu-fenster\/","title":{"rendered":"HOLZ-ALU-Fenster"},"content":{"rendered":"\n\t<section class=\"section\" id=\"section_1829889887\">\n\t\t<div class=\"section-bg fill\" >\n\t\t\t\t\t\t\t\t\t\n\t\t\t\n\t<div class=\"is-border is-dotted\"\n\t\tstyle=\"border-color:rgb(201, 201, 201);border-width:1px 0px 1px 0px;\">\n\t<\/div>\n\n\t\t<\/div>\n\n\t\t\n\n\t\t<div class=\"section-content relative\">\n\t\t\t\r\n\r\n<div class=\"row\"  id=\"row-776225528\">\r\n\r\n\n\t<div id=\"col-705999884\" class=\"col small-12 large-12\"  data-animate=\"fadeInLeft\">\n\t\t\t\t<div class=\"col-inner text-left\"  >\n\t\t\t\n\t\t\t\r\n\r\n\r\n\r\n\t\t<\/div>\n\t\t\t\t\n<style>\n#col-705999884 > .col-inner {\n  padding: 10px 0px 0px 0px;\n  margin: 0px 0px -20px 0px;\n}\n<\/style>\n\t<\/div>\n\n\t\r\n\r\n<\/div>\r\n\r\n\t\t<\/div>\n\n\t\t\n<style>\n#section_1829889887 {\n  padding-top: 0px;\n  padding-bottom: 0px;\n  background-color: rgba(201, 201, 201, 0.1);\n}\n<\/style>\n\t<\/section>\n\t\n\n\t<section class=\"section\" id=\"section_2144750625\">\n\t\t<div class=\"section-bg fill\" >\n\t\t\t\t\t\t\t\t\t<div class=\"loading-spin centered\"><\/div>\n\t\t\t\n\n\t\t<\/div>\n\n\t\t\n\n\t\t<div class=\"section-content relative\">\n\t\t\t\n<div class=\"row row-collapse row-full-width align-center\"  id=\"row-1845304920\">\n\n\t<div id=\"col-962306493\" class=\"col small-12 large-12\"  >\n\t\t\t\t<div class=\"col-inner\"  >\n\t\t\t\n\t\t\t\n\n\n  <div class=\"banner has-hover has-parallax\" id=\"banner-1244938211\">\n          <div class=\"banner-inner fill\">\n        <div class=\"banner-bg fill\" data-parallax=\"-3\" data-parallax-container=\".banner\" data-parallax-background>\n            <img loading=\"lazy\" decoding=\"async\" width=\"2560\" height=\"1029\" src=\"https:\/\/www.mik-ce.si\/wp-content\/uploads\/2020\/03\/LES-ALU-Elegance-line-100-Flat-top-image-MIK-Celje.jpg\" class=\"bg attachment-original size-original\" alt=\"\" \/>                                    \n                    <\/div>\n\t\t\n        <div class=\"banner-layers container\">\n            <a class=\"fill\" href=\"\/de\/fenster\/holz-alu-fenster\/elegance-line-100-flat\/\"><div class=\"fill banner-link\"><\/div><\/a>            \n   <div id=\"text-box-2016346549\" class=\"text-box banner-layer x50 md-x50 lg-x0 y100 md-y100 lg-y50 res-text\">\n                     <div data-animate=\"none\">           <div class=\"text-box-content text \">\n              \n              <div class=\"text-inner text-left\">\n                  \n<h4>HOLZ-ALU-Fenster<\/h4>\n<h2><a href=\"\/de\/fenster\/holz-alu-fenster\/elegance-line-100-flat\/\">Elegance Line 100 FLAT<\/a><\/h2>\n<p>Die HOLZ-ALU-Fenster Elegance Line 100 FLAT verf\u00fcgen au\u00dfen \u00fcber eine perfekt b\u00fcndige ALU-Verkleidung und innen \u00fcber ein modernes rechteckiges Design des Fensterfl\u00fcgels. Die Fenster f\u00fcr moderne Neubauten und Sanierungen, die zum erneuten Einklang des Wohnens mit Natur streben.<\/p>\n              <\/div>\n           <\/div>\n       <\/div>                     \n<style>\n#text-box-2016346549 {\n  margin: 0 0px 0px 0px;\n  width: 100%;\n}\n#text-box-2016346549 .text-box-content {\n  background-color: rgba(255, 255, 255, 0.9);\n  font-size: 120%;\n}\n#text-box-2016346549 .text-inner {\n  padding: 0px 20px 0px 20px;\n}\n@media (min-width:550px) {\n  #text-box-2016346549 {\n    margin: 0 0px 0px 0px;\n    width: 100%;\n  }\n  #text-box-2016346549 .text-inner {\n    padding: 10px 30px 10px 30px;\n  }\n  #text-box-2016346549 .text-box-content {\n    font-size: 100%;\n  }\n}\n@media (min-width:850px) {\n  #text-box-2016346549 {\n    margin: 0px0 0px 0px 0px;\n    width: 40%;\n  }\n  #text-box-2016346549 .text-inner {\n    padding: 10px 30px 10px 30px;\n  }\n}\n<\/style>\n    <\/div>\n \n        <\/div>\n      <\/div>\n\n            \n<style>\n#banner-1244938211 {\n  padding-top: 100%;\n  background-color: rgb(255,255,255);\n}\n#banner-1244938211 .banner-bg img {\n  object-position: 13% 0%;\n}\n@media (min-width:550px) {\n  #banner-1244938211 {\n    padding-top: 80%;\n  }\n}\n@media (min-width:850px) {\n  #banner-1244938211 {\n    padding-top: 56%;\n  }\n}\n<\/style>\n  <\/div>\n\n\n\n  <div class=\"banner has-hover has-parallax\" id=\"banner-661873613\">\n          <div class=\"banner-inner fill\">\n        <div class=\"banner-bg fill\" data-parallax=\"-3\" data-parallax-container=\".banner\" data-parallax-background>\n            <img loading=\"lazy\" decoding=\"async\" width=\"2048\" height=\"1152\" src=\"https:\/\/www.mik-ce.si\/wp-content\/uploads\/2020\/11\/LES-ALU-Elegance-line-100-DESIGN.jpg\" class=\"bg attachment-original size-original\" alt=\"\" \/>                                    \n                    <\/div>\n\t\t\n        <div class=\"banner-layers container\">\n            <a class=\"fill\" href=\"\/de\/fenster\/holz-alu-fenster\/elegance-line-100-design\/\"><div class=\"fill banner-link\"><\/div><\/a>            \n   <div id=\"text-box-996564103\" class=\"text-box banner-layer x50 md-x50 lg-x100 y100 md-y100 lg-y50 res-text\">\n                     <div data-animate=\"none\">           <div class=\"text-box-content text \">\n              \n              <div class=\"text-inner text-left\">\n                  \n<h4>HOLZ-ALU-Fenster<\/h4>\n<h2 style=\"font-weight: 100;\"><a href=\"\/de\/fenster\/holz-alu-fenster\/elegance-line-100-design\/\">Elegance Line 100 DESIGN<\/a><\/h2>\n<p>Die HOLZ-ALU-Fenster Elegance Line 100 DESIGN sind modern aussehende Fenster, die sich durch einen perfekt b\u00fcndigen Fensterfl\u00fcgel sowohl an der \u00e4u\u00dferen ALU-Verkleidung als auch auf der inneren Seite, also im Wohnraum des eingebauten Fensters, auszeichnen.<\/p>\n              <\/div>\n           <\/div>\n       <\/div>                     \n<style>\n#text-box-996564103 {\n  margin: 0 0px 0px 0px;\n  width: 100%;\n}\n#text-box-996564103 .text-box-content {\n  background-color: rgba(255, 255, 255, 0.9);\n  font-size: 120%;\n}\n#text-box-996564103 .text-inner {\n  padding: 10px 20px 10px 20px;\n}\n@media (min-width:550px) {\n  #text-box-996564103 .text-inner {\n    padding: 10px 30px 10px 30px;\n  }\n  #text-box-996564103 {\n    width: 100%;\n  }\n  #text-box-996564103 .text-box-content {\n    font-size: 100%;\n  }\n}\n@media (min-width:850px) {\n  #text-box-996564103 {\n    width: 40%;\n  }\n  #text-box-996564103 .text-box-content {\n    font-size: 90%;\n  }\n}\n<\/style>\n    <\/div>\n \n        <\/div>\n      <\/div>\n\n            \n<style>\n#banner-661873613 {\n  padding-top: 140%;\n  background-color: rgb(255,255,255);\n}\n#banner-661873613 .banner-bg img {\n  object-position: 100% 4%;\n}\n@media (min-width:550px) {\n  #banner-661873613 {\n    padding-top: 80%;\n  }\n}\n@media (min-width:850px) {\n  #banner-661873613 {\n    padding-top: 54%;\n  }\n}\n<\/style>\n  <\/div>\n\n\n\t\t<\/div>\n\t\t\t\t\t<\/div>\n\n\t\n\n<style>\n#row-1845304920 > .col > .col-inner {\n  padding: 0px 0px 0px 0px;\n}\n<\/style>\n<\/div>\n\t\t<\/div>\n\n\t\t\n<style>\n#section_2144750625 {\n  padding-top: 0px;\n  padding-bottom: 0px;\n  margin-bottom: 0px;\n  min-height: 100%;\n}\n<\/style>\n\t<\/section>\n\t\n\n\t<section class=\"section\" id=\"section_1127115194\">\n\t\t<div class=\"section-bg fill\" >\n\t\t\t\t\t\t\t\t\t\n\t\t\t\n\t<div class=\"is-border is-dotted\"\n\t\tstyle=\"border-color:rgb(201, 201, 201);border-width:1px 0px 1px 0px;\">\n\t<\/div>\n\n\t\t<\/div>\n\n\t\t\n\n\t\t<div class=\"section-content relative\">\n\t\t\t\r\n\r\n<div class=\"row\"  id=\"row-635677214\">\r\n\r\n\n\t<div id=\"col-1572317573\" class=\"col small-12 large-12\"  data-animate=\"fadeInLeft\">\n\t\t\t\t<div class=\"col-inner text-left\"  >\n\t\t\t\n\t\t\t\r\n\r\n\r\n\r\n\t\t<\/div>\n\t\t\t\t\n<style>\n#col-1572317573 > .col-inner {\n  padding: 10px 0px 0px 0px;\n  margin: 0px 0px -20px 0px;\n}\n<\/style>\n\t<\/div>\n\n\t\r\n\r\n<\/div>\r\n\r\n\t\t<\/div>\n\n\t\t\n<style>\n#section_1127115194 {\n  padding-top: 0px;\n  padding-bottom: 0px;\n  background-color: rgba(201, 201, 201, 0.1);\n}\n<\/style>\n\t<\/section>\n\t\n","protected":false},"excerpt":{"rendered":"","protected":false},"author":2,"featured_media":0,"parent":23999,"menu_order":6,"comment_status":"closed","ping_status":"closed","template":"page-blank.php","meta":{"_acf_changed":false,"footnotes":""},"class_list":["post-23111","page","type-page","status-publish","hentry"],"acf":[],"_links":{"self":[{"href":"https:\/\/www.mik-ce.si\/de\/wp-json\/wp\/v2\/pages\/23111","targetHints":{"allow":["GET"]}}],"collection":[{"href":"https:\/\/www.mik-ce.si\/de\/wp-json\/wp\/v2\/pages"}],"about":[{"href":"https:\/\/www.mik-ce.si\/de\/wp-json\/wp\/v2\/types\/page"}],"author":[{"embeddable":true,"href":"https:\/\/www.mik-ce.si\/de\/wp-json\/wp\/v2\/users\/2"}],"replies":[{"embeddable":true,"href":"https:\/\/www.mik-ce.si\/de\/wp-json\/wp\/v2\/comments?post=23111"}],"version-history":[{"count":0,"href":"https:\/\/www.mik-ce.si\/de\/wp-json\/wp\/v2\/pages\/23111\/revisions"}],"up":[{"embeddable":true,"href":"https:\/\/www.mik-ce.si\/de\/wp-json\/wp\/v2\/pages\/23999"}],"wp:attachment":[{"href":"https:\/\/www.mik-ce.si\/de\/wp-json\/wp\/v2\/media?parent=23111"}],"curies":[{"name":"wp","href":"https:\/\/api.w.org\/{rel}","templated":true}]}}