{"id":23099,"date":"2021-07-12T13:33:16","date_gmt":"2021-07-12T11:33:16","guid":{"rendered":"https:\/\/www.mik-ce.si\/holzfenster\/"},"modified":"2022-04-28T12:11:56","modified_gmt":"2022-04-28T10:11:56","slug":"holzfenster","status":"publish","type":"page","link":"https:\/\/www.mik-ce.si\/de\/fenster\/holzfenster\/","title":{"rendered":"Holzfenster"},"content":{"rendered":"\n\t<section class=\"section\" id=\"section_541142813\">\n\t\t<div class=\"section-bg fill\" >\n\t\t\t\t\t\t\t\t\t<div class=\"loading-spin centered\"><\/div>\n\t\t\t\n\n\t\t<\/div>\n\n\t\t\n\n\t\t<div class=\"section-content relative\">\n\t\t\t\n<div class=\"row row-collapse row-full-width align-center\"  id=\"row-141729002\">\n\n\t<div id=\"col-983347808\" class=\"col small-12 large-12\"  >\n\t\t\t\t<div class=\"col-inner\"  >\n\t\t\t\n\t\t\t\n\n\n  <div class=\"banner has-hover has-parallax\" id=\"banner-597040642\">\n          <div class=\"banner-inner fill\">\n        <div class=\"banner-bg fill\" data-parallax=\"-5\" data-parallax-container=\".banner\" data-parallax-background>\n            <img decoding=\"async\" width=\"2540\" height=\"1693\" src=\"https:\/\/www.mik-ce.si\/wp-content\/uploads\/2020\/05\/Lesena-okna-Comfort-line-90-energetskimi-prihranki.jpg\" class=\"bg attachment-original size-original\" alt=\"\" \/>                                    \n                    <\/div>\n\t\t\n        <div class=\"banner-layers container\">\n            <a class=\"fill\" href=\"\/de\/fenster\/holzfenster\/comfort-line-90\/\"><div class=\"fill banner-link\"><\/div><\/a>            \n   <div id=\"text-box-665962435\" class=\"text-box banner-layer x50 md-x50 lg-x0 y100 md-y100 lg-y50 res-text\">\n                     <div data-animate=\"none\">           <div class=\"text-box-content text \">\n              \n              <div class=\"text-inner text-left\">\n                  \n<h4>Holzfenster<\/h4>\n<h2 class=\"liteHeadline\"><a href=\"\/de\/fenster\/holzfenster\/comfort-line-90\/\">Comfort Line 90<\/a><\/h2>\n<p><strong>Hochwertige Holzfenster<\/strong> in einer massiveren Ausf\u00fchrung geben Ihnen ein Gef\u00fchl von St\u00e4rke, Stabilit\u00e4t und Sicherheit. Sie <strong>verbinden Ihr Zuhause mit der Natur<\/strong>, erm\u00f6glichen <strong>gesundes Wohnen<\/strong> und <strong>Energieeinsparungen<\/strong>.<\/p>\n              <\/div>\n           <\/div>\n       <\/div>                     \n<style>\n#text-box-665962435 {\n  margin: 0 0px 0px 0px;\n  width: 100%;\n}\n#text-box-665962435 .text-box-content {\n  background-color: rgba(255, 255, 255, 0.9);\n  font-size: 120%;\n}\n#text-box-665962435 .text-inner {\n  padding: 0px 20px 0px 20px;\n}\n@media (min-width:550px) {\n  #text-box-665962435 {\n    margin: 0 0px 0px 0px;\n    width: 100%;\n  }\n  #text-box-665962435 .text-inner {\n    padding: 10px 30px 10px 30px;\n  }\n  #text-box-665962435 .text-box-content {\n    font-size: 100%;\n  }\n}\n@media (min-width:850px) {\n  #text-box-665962435 {\n    margin: 0px0 0px 0px 0px;\n    width: 40%;\n  }\n  #text-box-665962435 .text-inner {\n    padding: 10px 30px 10px 30px;\n  }\n}\n<\/style>\n    <\/div>\n \n        <\/div>\n      <\/div>\n\n            \n<style>\n#banner-597040642 {\n  padding-top: 100%;\n  background-color: rgb(255,255,255);\n}\n#banner-597040642 .banner-bg img {\n  object-position: 50% 52%;\n}\n@media (min-width:550px) {\n  #banner-597040642 {\n    padding-top: 80%;\n  }\n}\n@media (min-width:850px) {\n  #banner-597040642 {\n    padding-top: 60%;\n  }\n}\n<\/style>\n  <\/div>\n\n\n\t\t<\/div>\n\t\t\t\t\t<\/div>\n\n\t\n\n<style>\n#row-141729002 > .col > .col-inner {\n  padding: 0px 0px 0px 0px;\n}\n<\/style>\n<\/div>\n\t\t<\/div>\n\n\t\t\n<style>\n#section_541142813 {\n  padding-top: 0px;\n  padding-bottom: 0px;\n  margin-bottom: 0px;\n  min-height: 100%;\n}\n<\/style>\n\t<\/section>\n\t\n","protected":false},"excerpt":{"rendered":"","protected":false},"author":2,"featured_media":0,"parent":23999,"menu_order":5,"comment_status":"closed","ping_status":"closed","template":"page-blank.php","meta":{"_acf_changed":false,"footnotes":""},"class_list":["post-23099","page","type-page","status-publish","hentry"],"acf":[],"_links":{"self":[{"href":"https:\/\/www.mik-ce.si\/de\/wp-json\/wp\/v2\/pages\/23099","targetHints":{"allow":["GET"]}}],"collection":[{"href":"https:\/\/www.mik-ce.si\/de\/wp-json\/wp\/v2\/pages"}],"about":[{"href":"https:\/\/www.mik-ce.si\/de\/wp-json\/wp\/v2\/types\/page"}],"author":[{"embeddable":true,"href":"https:\/\/www.mik-ce.si\/de\/wp-json\/wp\/v2\/users\/2"}],"replies":[{"embeddable":true,"href":"https:\/\/www.mik-ce.si\/de\/wp-json\/wp\/v2\/comments?post=23099"}],"version-history":[{"count":0,"href":"https:\/\/www.mik-ce.si\/de\/wp-json\/wp\/v2\/pages\/23099\/revisions"}],"up":[{"embeddable":true,"href":"https:\/\/www.mik-ce.si\/de\/wp-json\/wp\/v2\/pages\/23999"}],"wp:attachment":[{"href":"https:\/\/www.mik-ce.si\/de\/wp-json\/wp\/v2\/media?parent=23099"}],"curies":[{"name":"wp","href":"https:\/\/api.w.org\/{rel}","templated":true}]}}