{"id":23041,"date":"2021-07-09T15:11:06","date_gmt":"2021-07-09T13:11:06","guid":{"rendered":"https:\/\/www.mik-ce.si\/alu-fenster\/"},"modified":"2022-04-24T17:23:15","modified_gmt":"2022-04-24T15:23:15","slug":"alu-fenster","status":"publish","type":"page","link":"https:\/\/www.mik-ce.si\/de\/fenster\/alu-fenster\/","title":{"rendered":"ALU-Fenster"},"content":{"rendered":"\n\t<section class=\"section\" id=\"section_2087969664\">\n\t\t<div class=\"section-bg fill\" >\n\t\t\t\t\t\t\t\t\t\n\t\t\t\n\t<div class=\"is-border is-dotted\"\n\t\tstyle=\"border-color:rgb(201, 201, 201);border-width:1px 0px 1px 0px;\">\n\t<\/div>\n\n\t\t<\/div>\n\n\t\t\n\n\t\t<div class=\"section-content relative\">\n\t\t\t\r\n\r\n<div class=\"row\"  id=\"row-1739044084\">\r\n\r\n\n\t<div id=\"col-857408357\" class=\"col small-12 large-12\"  data-animate=\"fadeInLeft\">\n\t\t\t\t<div class=\"col-inner text-left\"  >\n\t\t\t\n\t\t\t\r\n\r\n\r\n\r\n\t\t<\/div>\n\t\t\t\t\n<style>\n#col-857408357 > .col-inner {\n  padding: 10px 0px 0px 0px;\n  margin: 0px 0px -20px 0px;\n}\n<\/style>\n\t<\/div>\n\n\t\r\n\r\n<\/div>\r\n\r\n\t\t<\/div>\n\n\t\t\n<style>\n#section_2087969664 {\n  padding-top: 0px;\n  padding-bottom: 0px;\n  background-color: rgba(201, 201, 201, 0.1);\n}\n<\/style>\n\t<\/section>\n\t\n\n\t<section class=\"section\" id=\"section_458341377\">\n\t\t<div class=\"section-bg fill\" >\n\t\t\t\t\t\t\t\t\t<div class=\"loading-spin centered\"><\/div>\n\t\t\t\n\n\t\t<\/div>\n\n\t\t\n\n\t\t<div class=\"section-content relative\">\n\t\t\t\n<div class=\"row row-collapse row-full-width align-center\"  id=\"row-1624944827\">\n\n\t<div id=\"col-507444894\" class=\"col small-12 large-12\"  >\n\t\t\t\t<div class=\"col-inner\"  >\n\t\t\t\n\t\t\t\n\n  <div class=\"banner has-hover has-parallax\" id=\"banner-1242447\">\n          <div class=\"banner-inner fill\">\n        <div class=\"banner-bg fill\" data-parallax=\"-3\" data-parallax-container=\".banner\" data-parallax-background>\n            <img loading=\"lazy\" decoding=\"async\" width=\"2048\" height=\"1152\" src=\"https:\/\/www.mik-ce.si\/wp-content\/uploads\/2020\/05\/ALU-Comfort-line-MIK-Celje-cover.jpg\" class=\"bg attachment-original size-original\" alt=\"\" \/>                                    \n                    <\/div>\n\t\t\n        <div class=\"banner-layers container\">\n            <a class=\"fill\" href=\"\/de\/fenster\/alu-fenster\/comfort-line\/\"><div class=\"fill banner-link\"><\/div><\/a>            \n   <div id=\"text-box-578137627\" class=\"text-box banner-layer x50 md-x50 lg-x100 y100 md-y100 lg-y50 res-text\">\n                     <div data-animate=\"none\">           <div class=\"text-box-content text \">\n              \n              <div class=\"text-inner text-left\">\n                  \n<h4>ALU-Fenster<\/h4>\n<h2 style=\"font-weight: 100;\"><a href=\"\/de\/fenster\/alu-fenster\/comfort-line\/\">Comfort Line<\/a><\/h2>\n<p>Die richtige Wahl f\u00fcr <strong>moderne Architekturl\u00f6sungen<\/strong>, die gro\u00dfe Glasfl\u00e4chen voraussehen. Sie zeichnen sich durch <strong>gerade und einfache Linien sowie einen hohen D\u00e4mmgrad<\/strong> aus.<\/p>\n              <\/div>\n           <\/div>\n       <\/div>                     \n<style>\n#text-box-578137627 {\n  margin: 0 0px 0px 0px;\n  width: 100%;\n}\n#text-box-578137627 .text-box-content {\n  background-color: rgba(255, 255, 255, 0.9);\n  font-size: 120%;\n}\n#text-box-578137627 .text-inner {\n  padding: 0px 20px 0px 20px;\n}\n@media (min-width:550px) {\n  #text-box-578137627 .text-inner {\n    padding: 10px 30px 10px 30px;\n  }\n  #text-box-578137627 {\n    width: 100%;\n  }\n  #text-box-578137627 .text-box-content {\n    font-size: 100%;\n  }\n}\n@media (min-width:850px) {\n  #text-box-578137627 {\n    width: 40%;\n  }\n  #text-box-578137627 .text-box-content {\n    font-size: 90%;\n  }\n}\n<\/style>\n    <\/div>\n \n        <\/div>\n      <\/div>\n\n            \n<style>\n#banner-1242447 {\n  padding-top: 140%;\n  background-color: rgb(255,255,255);\n}\n#banner-1242447 .banner-bg img {\n  object-position: 70% 53%;\n}\n@media (min-width:550px) {\n  #banner-1242447 {\n    padding-top: 80%;\n  }\n}\n@media (min-width:850px) {\n  #banner-1242447 {\n    padding-top: 60%;\n  }\n}\n<\/style>\n  <\/div>\n\n\n\n  <div class=\"banner has-hover has-parallax\" id=\"banner-1358959581\">\n          <div class=\"banner-inner fill\">\n        <div class=\"banner-bg fill\" data-parallax=\"-3\" data-parallax-container=\".banner\" data-parallax-background>\n            <img loading=\"lazy\" decoding=\"async\" width=\"2048\" height=\"1365\" src=\"https:\/\/www.mik-ce.si\/wp-content\/uploads\/2020\/05\/ALU-Elegance-line-MIK-Celje-cover-1.jpg\" class=\"bg attachment-original size-original\" alt=\"\" \/>                                    \n                    <\/div>\n\t\t\n        <div class=\"banner-layers container\">\n            <a class=\"fill\" href=\"\/de\/fenster\/alu-fenster\/elegance-line\/\"><div class=\"fill banner-link\"><\/div><\/a>            \n   <div id=\"text-box-1500204227\" class=\"text-box banner-layer x50 md-x50 lg-x0 y100 md-y100 lg-y50 res-text\">\n                     <div data-animate=\"none\">           <div class=\"text-box-content text \">\n              \n              <div class=\"text-inner text-left\">\n                  \n<h4>ALU-Fenster<\/h4>\n<h2><a href=\"\/de\/fenster\/alu-fenster\/elegance-line\/\">Elegance Line<\/a><\/h2>\n<p><strong>Die ALU-Fenster mit einfachen Linien<\/strong>, die gem\u00e4\u00df den slowenischen Vorschriften zum W\u00e4rmeschutz von Geb\u00e4uden hergestellt werden, werden alle \u00fcberzeugen, die sich f\u00fcr einen <strong>Niedrigenergiebau<\/strong> entscheiden und gleichzeitig modernen architektonischen Trends folgen m\u00f6chten.<\/p>\n              <\/div>\n           <\/div>\n       <\/div>                     \n<style>\n#text-box-1500204227 {\n  margin: 0 0px 0px 0px;\n  width: 100%;\n}\n#text-box-1500204227 .text-box-content {\n  background-color: rgba(255, 255, 255, 0.9);\n  font-size: 120%;\n}\n#text-box-1500204227 .text-inner {\n  padding: 0px 20px 0px 20px;\n}\n@media (min-width:550px) {\n  #text-box-1500204227 {\n    margin: 0 0px 0px 0px;\n    width: 100%;\n  }\n  #text-box-1500204227 .text-inner {\n    padding: 10px 30px 10px 30px;\n  }\n  #text-box-1500204227 .text-box-content {\n    font-size: 100%;\n  }\n}\n@media (min-width:850px) {\n  #text-box-1500204227 {\n    margin: 0px0 0px 0px 0px;\n    width: 40%;\n  }\n  #text-box-1500204227 .text-inner {\n    padding: 10px 30px 10px 30px;\n  }\n}\n<\/style>\n    <\/div>\n \n        <\/div>\n      <\/div>\n\n            \n<style>\n#banner-1358959581 {\n  padding-top: 100%;\n  background-color: rgb(255,255,255);\n}\n#banner-1358959581 .banner-bg img {\n  object-position: 0% 52%;\n}\n@media (min-width:550px) {\n  #banner-1358959581 {\n    padding-top: 80%;\n  }\n}\n@media (min-width:850px) {\n  #banner-1358959581 {\n    padding-top: 60%;\n  }\n}\n<\/style>\n  <\/div>\n\n\n\n  <div class=\"banner has-hover has-parallax\" id=\"banner-1031409323\">\n          <div class=\"banner-inner fill\">\n        <div class=\"banner-bg fill\" data-parallax=\"-3\" data-parallax-container=\".banner\" data-parallax-background>\n            <img loading=\"lazy\" decoding=\"async\" width=\"2048\" height=\"1000\" src=\"https:\/\/www.mik-ce.si\/wp-content\/uploads\/2020\/05\/Panoramske-stene-MIK-Celje.jpg\" class=\"bg attachment-original size-original\" alt=\"\" \/>                                    \n                    <\/div>\n\t\t\n        <div class=\"banner-layers container\">\n            <a class=\"fill\" href=\"\/de\/projektloesungen\/verglasungen\/#Panoramaverglasungen\"><div class=\"fill banner-link\"><\/div><\/a>            \n   <div id=\"text-box-140688757\" class=\"text-box banner-layer x50 md-x50 lg-x100 y100 md-y100 lg-y50 res-text\">\n                     <div data-animate=\"none\">           <div class=\"text-box-content text \">\n              \n              <div class=\"text-inner text-left\">\n                  \n<h4>ALU-Verglasungen<\/h4>\n<h2 style=\"font-weight: 100;\"><a href=\"\/de\/projektloesungen\/verglasungen\/#Panoramaverglasungen\">Panoramaverglasungen<\/a><\/h2>\n<p>Panoramaverglasungen sind ein unverzichtbarer Bestandteil moderner Architektur in Wohn- und Gesch\u00e4ftsgeb\u00e4uden. Die ALU-Panoramaverglasungen von MIK, die bei der Planung von Bauelementen die Glasfl\u00e4chen maximal ausnutzen, erf\u00fcllen <strong>die technisch anspruchsvollsten architektonischen Herausforderungen<\/strong>.<\/p>\n              <\/div>\n           <\/div>\n       <\/div>                     \n<style>\n#text-box-140688757 {\n  margin: 0 0px 0px 0px;\n  width: 100%;\n}\n#text-box-140688757 .text-box-content {\n  background-color: rgba(255, 255, 255, 0.9);\n  font-size: 120%;\n}\n#text-box-140688757 .text-inner {\n  padding: 10px 20px 10px 20px;\n}\n@media (min-width:550px) {\n  #text-box-140688757 .text-inner {\n    padding: 10px 30px 10px 30px;\n  }\n  #text-box-140688757 {\n    width: 100%;\n  }\n  #text-box-140688757 .text-box-content {\n    font-size: 100%;\n  }\n}\n@media (min-width:850px) {\n  #text-box-140688757 {\n    width: 40%;\n  }\n  #text-box-140688757 .text-box-content {\n    font-size: 90%;\n  }\n}\n<\/style>\n    <\/div>\n \n        <\/div>\n      <\/div>\n\n            \n<style>\n#banner-1031409323 {\n  padding-top: 140%;\n  background-color: rgb(255,255,255);\n}\n#banner-1031409323 .banner-bg img {\n  object-position: 70% 53%;\n}\n@media (min-width:550px) {\n  #banner-1031409323 {\n    padding-top: 80%;\n  }\n}\n@media (min-width:850px) {\n  #banner-1031409323 {\n    padding-top: 60%;\n  }\n}\n<\/style>\n  <\/div>\n\n\n\t\t<\/div>\n\t\t\t\t\t<\/div>\n\n\t\n\n<style>\n#row-1624944827 > .col > .col-inner {\n  padding: 0px 0px 0px 0px;\n}\n<\/style>\n<\/div>\n\t\t<\/div>\n\n\t\t\n<style>\n#section_458341377 {\n  padding-top: 0px;\n  padding-bottom: 0px;\n  margin-bottom: 0px;\n  min-height: 100%;\n}\n<\/style>\n\t<\/section>\n\t\n\n\t<section class=\"section\" id=\"section_297749258\">\n\t\t<div class=\"section-bg fill\" >\n\t\t\t\t\t\t\t\t\t\n\t\t\t\n\t<div class=\"is-border is-dotted\"\n\t\tstyle=\"border-color:rgb(201, 201, 201);border-width:1px 0px 1px 0px;\">\n\t<\/div>\n\n\t\t<\/div>\n\n\t\t\n\n\t\t<div class=\"section-content relative\">\n\t\t\t\r\n\r\n<div class=\"row\"  id=\"row-471144664\">\r\n\r\n\n\t<div id=\"col-1435785501\" class=\"col small-12 large-12\"  data-animate=\"fadeInLeft\">\n\t\t\t\t<div class=\"col-inner text-left\"  >\n\t\t\t\n\t\t\t\r\n\r\n\r\n\r\n\t\t<\/div>\n\t\t\t\t\n<style>\n#col-1435785501 > .col-inner {\n  padding: 10px 0px 0px 0px;\n  margin: 0px 0px -20px 0px;\n}\n<\/style>\n\t<\/div>\n\n\t\r\n\r\n<\/div>\r\n\r\n\t\t<\/div>\n\n\t\t\n<style>\n#section_297749258 {\n  padding-top: 0px;\n  padding-bottom: 0px;\n  background-color: rgba(201, 201, 201, 0.1);\n}\n<\/style>\n\t<\/section>\n\t\n","protected":false},"excerpt":{"rendered":"","protected":false},"author":2,"featured_media":0,"parent":23999,"menu_order":7,"comment_status":"closed","ping_status":"closed","template":"page-blank.php","meta":{"_acf_changed":false,"footnotes":""},"class_list":["post-23041","page","type-page","status-publish","hentry"],"acf":[],"_links":{"self":[{"href":"https:\/\/www.mik-ce.si\/de\/wp-json\/wp\/v2\/pages\/23041","targetHints":{"allow":["GET"]}}],"collection":[{"href":"https:\/\/www.mik-ce.si\/de\/wp-json\/wp\/v2\/pages"}],"about":[{"href":"https:\/\/www.mik-ce.si\/de\/wp-json\/wp\/v2\/types\/page"}],"author":[{"embeddable":true,"href":"https:\/\/www.mik-ce.si\/de\/wp-json\/wp\/v2\/users\/2"}],"replies":[{"embeddable":true,"href":"https:\/\/www.mik-ce.si\/de\/wp-json\/wp\/v2\/comments?post=23041"}],"version-history":[{"count":0,"href":"https:\/\/www.mik-ce.si\/de\/wp-json\/wp\/v2\/pages\/23041\/revisions"}],"up":[{"embeddable":true,"href":"https:\/\/www.mik-ce.si\/de\/wp-json\/wp\/v2\/pages\/23999"}],"wp:attachment":[{"href":"https:\/\/www.mik-ce.si\/de\/wp-json\/wp\/v2\/media?parent=23041"}],"curies":[{"name":"wp","href":"https:\/\/api.w.org\/{rel}","templated":true}]}}