{"id":22988,"date":"2021-07-08T14:29:45","date_gmt":"2021-07-08T12:29:45","guid":{"rendered":"https:\/\/www.mik-ce.si\/pvc-fenster\/"},"modified":"2022-04-24T16:50:08","modified_gmt":"2022-04-24T14:50:08","slug":"pvc-fenster","status":"publish","type":"page","link":"https:\/\/www.mik-ce.si\/de\/fenster\/pvc-fenster\/","title":{"rendered":"PVC-Fenster"},"content":{"rendered":"\n\t<section class=\"section\" id=\"section_1684134519\">\n\t\t<div class=\"section-bg fill\" >\n\t\t\t\t\t\t\t\t\t<div class=\"loading-spin centered\"><\/div>\n\t\t\t\n\n\t\t<\/div>\n\n\t\t\n\n\t\t<div class=\"section-content relative\">\n\t\t\t\n<div class=\"row\"  id=\"row-1233101911\">\n\n\t<div id=\"col-1060772999\" class=\"col small-12 large-12\"  >\n\t\t\t\t<div class=\"col-inner text-center\"  >\n\t\t\t\n\t\t\t\n<h1 class=\"liteHeadline\"><span style=\"font-size: 260%;\">PVC-Fenster<\/span><\/h1>\n\t\t<\/div>\n\t\t\t\t\n<style>\n#col-1060772999 > .col-inner {\n  padding: 20px 0px 0px 0px;\n  margin: 0px 0px -30px 0px;\n}\n<\/style>\n\t<\/div>\n\n\t\n<\/div>\n<div class=\"row row-collapse row-full-width align-center\"  id=\"row-1625200095\">\n\n\t<div id=\"col-1539836645\" class=\"col small-12 large-12\"  >\n\t\t\t\t<div class=\"col-inner\"  >\n\t\t\t\n\t\t\t\n\n  <div class=\"banner has-hover has-parallax\" id=\"banner-1715245642\">\n          <div class=\"banner-inner fill\">\n        <div class=\"banner-bg fill\" data-parallax=\"-3\" data-parallax-container=\".banner\" data-parallax-background>\n            <img loading=\"lazy\" decoding=\"async\" width=\"2048\" height=\"683\" src=\"https:\/\/www.mik-ce.si\/wp-content\/uploads\/2019\/12\/PVC-okna-interirer-02-mik-celje.jpg\" class=\"bg attachment-original size-original\" alt=\"\" \/>                                    \n                    <\/div>\n\t\t\n        <div class=\"banner-layers container\">\n            <a class=\"fill\" href=\"\/de\/fenster\/pvc-fenster\/royal-line\/\"><div class=\"fill banner-link\"><\/div><\/a>            \n   <div id=\"text-box-691307639\" class=\"text-box banner-layer x50 md-x50 lg-x100 y100 md-y100 lg-y50 res-text\">\n                     <div data-animate=\"none\">           <div class=\"text-box-content text \">\n              \n              <div class=\"text-inner text-left\">\n                  \n<h4>PVC-Fenster<\/h4>\n<h2 style=\"font-weight: 100;\"><a href=\"\/de\/fenster\/pvc-fenster\/royal-line\/\">Royal Line<\/a><\/h2>\n<p>Ein Klassiker im MIK-Angebot von PVC-Fenstern mit hervorragenden W\u00e4rme- und Schalld\u00e4mmeigenschaften, die f\u00fcr ein wirtschaftliches und hochwertiges Wohnen sorgen. <\/p>\n              <\/div>\n           <\/div>\n       <\/div>                     \n<style>\n#text-box-691307639 {\n  margin: 0 0px 0px 0px;\n  width: 100%;\n}\n#text-box-691307639 .text-box-content {\n  background-color: rgba(255, 255, 255, 0.9);\n  font-size: 120%;\n}\n#text-box-691307639 .text-inner {\n  padding: 6px 20px 6px 20px;\n}\n@media (min-width:550px) {\n  #text-box-691307639 .text-inner {\n    padding: 10px 30px 10px 30px;\n  }\n  #text-box-691307639 {\n    width: 100%;\n  }\n  #text-box-691307639 .text-box-content {\n    font-size: 100%;\n  }\n}\n@media (min-width:850px) {\n  #text-box-691307639 {\n    width: 40%;\n  }\n  #text-box-691307639 .text-box-content {\n    font-size: 90%;\n  }\n}\n<\/style>\n    <\/div>\n \n        <\/div>\n      <\/div>\n\n            \n<style>\n#banner-1715245642 {\n  padding-top: 140%;\n  background-color: rgb(255,255,255);\n}\n#banner-1715245642 .banner-bg img {\n  object-position: 95% 12%;\n}\n@media (min-width:550px) {\n  #banner-1715245642 {\n    padding-top: 80%;\n  }\n}\n@media (min-width:850px) {\n  #banner-1715245642 {\n    padding-top: 60%;\n  }\n}\n<\/style>\n  <\/div>\n\n\n\n  <div class=\"banner has-hover has-parallax\" id=\"banner-1815483097\">\n          <div class=\"banner-inner fill\">\n        <div class=\"banner-bg fill\" data-parallax=\"-3\" data-parallax-container=\".banner\" data-parallax-background>\n            <img loading=\"lazy\" decoding=\"async\" width=\"2540\" height=\"1693\" src=\"https:\/\/www.mik-ce.si\/wp-content\/uploads\/2020\/05\/PVC-Lumaxx-line-MIK-Celje-cover2.jpg\" class=\"bg attachment-original size-original\" alt=\"\" \/>                                    \n                    <\/div>\n\t\t\n        <div class=\"banner-layers container\">\n            <a class=\"fill\" href=\"\/de\/fenster\/pvc-fenster\/lumaxx-line\/\"><div class=\"fill banner-link\"><\/div><\/a>            \n   <div id=\"text-box-930526675\" class=\"text-box banner-layer x50 md-x50 lg-x0 y100 md-y100 lg-y50 res-text\">\n                     <div data-animate=\"none\">           <div class=\"text-box-content text \">\n              \n              <div class=\"text-inner text-left\">\n                  \n<h4>PVC-Fenster<\/h4>\n<h2><a href=\"\/de\/fenster\/pvc-fenster\/lumaxx-line\/\">Lumaxx Line<\/a><\/h2>\n<p>F\u00fcr ein stilvolles Zuhause mit einem klassischen Design Ihrer Fenster, aber einem deutlich schmaleren Fensterfl\u00fcgel, was gr\u00f6\u00dfere Glasfl\u00e4chen erm\u00f6glicht, die mehr Licht in Ihr Zuhause lassen. <\/p>\n              <\/div>\n           <\/div>\n       <\/div>                     \n<style>\n#text-box-930526675 {\n  margin: 0 0px 0px 0px;\n  width: 100%;\n}\n#text-box-930526675 .text-box-content {\n  background-color: rgba(255, 255, 255, 0.9);\n  font-size: 120%;\n}\n#text-box-930526675 .text-inner {\n  padding: 6px 20px 6px 20px;\n}\n@media (min-width:550px) {\n  #text-box-930526675 {\n    margin: 0 0px 0px 0px;\n    width: 100%;\n  }\n  #text-box-930526675 .text-inner {\n    padding: 10px 30px 10px 30px;\n  }\n  #text-box-930526675 .text-box-content {\n    font-size: 100%;\n  }\n}\n@media (min-width:850px) {\n  #text-box-930526675 {\n    margin: 0px0 0px 0px 0px;\n    width: 40%;\n  }\n  #text-box-930526675 .text-inner {\n    padding: 10px 30px 10px 30px;\n  }\n}\n<\/style>\n    <\/div>\n \n        <\/div>\n      <\/div>\n\n            \n<style>\n#banner-1815483097 {\n  padding-top: 140%;\n  background-color: rgb(255,255,255);\n}\n#banner-1815483097 .banner-bg img {\n  object-position: 50% 52%;\n}\n@media (min-width:550px) {\n  #banner-1815483097 {\n    padding-top: 80%;\n  }\n}\n@media (min-width:850px) {\n  #banner-1815483097 {\n    padding-top: 60%;\n  }\n}\n<\/style>\n  <\/div>\n\n\n\n  <div class=\"banner has-hover has-parallax\" id=\"banner-404876061\">\n          <div class=\"banner-inner fill\">\n        <div class=\"banner-bg fill\" data-parallax=\"-3\" data-parallax-container=\".banner\" data-parallax-background>\n            <img loading=\"lazy\" decoding=\"async\" width=\"2560\" height=\"1085\" src=\"https:\/\/www.mik-ce.si\/wp-content\/uploads\/2020\/01\/kubus-line-panorama-scaled.jpg\" class=\"bg attachment-original size-original\" alt=\"\" \/>                                    \n                    <\/div>\n\t\t\n        <div class=\"banner-layers container\">\n            <a class=\"fill\" href=\"\/de\/fenster\/pvc-fenster\/kubus-line\/\"><div class=\"fill banner-link\"><\/div><\/a>            \n   <div id=\"text-box-647996312\" class=\"text-box banner-layer x50 md-x50 lg-x100 y100 md-y100 lg-y50 res-text\">\n                     <div data-animate=\"none\">           <div class=\"text-box-content text \">\n              \n              <div class=\"text-inner text-left\">\n                  \n<h4>PVC-Fenster<\/h4>\n<h2><a href=\"\/de\/fenster\/pvc-fenster\/kubus-line\/\">Kubus Line<\/a><\/h2>\n<p>F\u00fcr ein modernes Zuhause mit mehr Licht, das durch ein perfektes Design und eine einfache, quadratische Form des Fensterprofils ohne st\u00f6rende Linienbr\u00fcche und 10\u00a0% gr\u00f6\u00dfere Glasfl\u00e4chen gew\u00e4hrleistet wird.<\/p>\n              <\/div>\n           <\/div>\n       <\/div>                     \n<style>\n#text-box-647996312 {\n  margin: 0 0px 0px 0px;\n  width: 100%;\n}\n#text-box-647996312 .text-box-content {\n  background-color: rgba(255, 255, 255, 0.9);\n  font-size: 120%;\n}\n#text-box-647996312 .text-inner {\n  padding: 6px 20px 6px 20px;\n}\n@media (min-width:550px) {\n  #text-box-647996312 {\n    margin: 0 0px 0px 0px;\n    width: 100%;\n  }\n  #text-box-647996312 .text-inner {\n    padding: 10px 30px 10px 30px;\n  }\n  #text-box-647996312 .text-box-content {\n    font-size: 100%;\n  }\n}\n@media (min-width:850px) {\n  #text-box-647996312 {\n    margin: 0px0 0px 0px 0px;\n    width: 45%;\n  }\n  #text-box-647996312 .text-inner {\n    padding: 10px 30px 8px 30px;\n  }\n}\n<\/style>\n    <\/div>\n \n        <\/div>\n      <\/div>\n\n            \n<style>\n#banner-404876061 {\n  padding-top: 140%;\n  background-color: rgb(255,255,255);\n}\n#banner-404876061 .banner-bg img {\n  object-position: 12% 50%;\n}\n@media (min-width:550px) {\n  #banner-404876061 {\n    padding-top: 80%;\n  }\n}\n@media (min-width:850px) {\n  #banner-404876061 {\n    padding-top: 60%;\n  }\n}\n<\/style>\n  <\/div>\n\n\n\t\t<\/div>\n\t\t\t\t\t<\/div>\n\n\t\n\n<style>\n#row-1625200095 > .col > .col-inner {\n  padding: 0px 0px 0px 0px;\n}\n<\/style>\n<\/div>\n\t\t<\/div>\n\n\t\t\n<style>\n#section_1684134519 {\n  padding-top: 0px;\n  padding-bottom: 0px;\n  margin-bottom: 0px;\n  min-height: 100%;\n}\n<\/style>\n\t<\/section>\n\t\n","protected":false},"excerpt":{"rendered":"","protected":false},"author":2,"featured_media":0,"parent":23999,"menu_order":4,"comment_status":"closed","ping_status":"closed","template":"page-blank.php","meta":{"_acf_changed":false,"footnotes":""},"class_list":["post-22988","page","type-page","status-publish","hentry"],"acf":[],"_links":{"self":[{"href":"https:\/\/www.mik-ce.si\/de\/wp-json\/wp\/v2\/pages\/22988","targetHints":{"allow":["GET"]}}],"collection":[{"href":"https:\/\/www.mik-ce.si\/de\/wp-json\/wp\/v2\/pages"}],"about":[{"href":"https:\/\/www.mik-ce.si\/de\/wp-json\/wp\/v2\/types\/page"}],"author":[{"embeddable":true,"href":"https:\/\/www.mik-ce.si\/de\/wp-json\/wp\/v2\/users\/2"}],"replies":[{"embeddable":true,"href":"https:\/\/www.mik-ce.si\/de\/wp-json\/wp\/v2\/comments?post=22988"}],"version-history":[{"count":0,"href":"https:\/\/www.mik-ce.si\/de\/wp-json\/wp\/v2\/pages\/22988\/revisions"}],"up":[{"embeddable":true,"href":"https:\/\/www.mik-ce.si\/de\/wp-json\/wp\/v2\/pages\/23999"}],"wp:attachment":[{"href":"https:\/\/www.mik-ce.si\/de\/wp-json\/wp\/v2\/media?parent=22988"}],"curies":[{"name":"wp","href":"https:\/\/api.w.org\/{rel}","templated":true}]}}